{"id":129,"date":"2011-03-23T13:29:48","date_gmt":"2011-03-23T13:29:48","guid":{"rendered":"https:\/\/szentes-klauzalgabor.hu\/iskola\/?page_id=129"},"modified":"2012-11-10T09:27:59","modified_gmt":"2012-11-10T08:27:59","slug":"videotar","status":"publish","type":"page","link":"https:\/\/szentes-klauzalgabor.hu\/iskola\/fotoalbum\/videotar","title":{"rendered":"Vide\u00f3t\u00e1r"},"content":{"rendered":"<h2>Nagy Vagy! &#8211; negyedik selejtez\u0151<\/h2>\n<address><em>2012. \u00e1prilis 20.<\/em><br \/><\/address>\n<p style=\"text-align: center;\">\u00a0<\/p>\n<p style=\"text-align: center;\">\u00a0<\/p>\n<h2>Nagy Vagy! &#8211; selejtez\u0151<\/h2>\n<address><em>2011. \u00e1prilis 2.<\/em><br \/><\/address>\n<p style=\"text-align: center;\">\u00a0<\/p>\n<p style=\"text-align: center;\">\u00a0<\/p>\n<h2>M\u00e1rcius 15-i \u00fcnneps\u00e9g<\/h2>\n<address><em>2011. m\u00e1rcius 11.<\/em><br \/><\/address>\n<p>[youtube]http:\/\/www.youtube.com\/watch?v=We00Le5nCAk[\/youtube]<\/p>\n<p>[youtube]http:\/\/www.youtube.com\/watch?v=HEinKh1R8Ho[\/youtube]<\/p>\n","protected":false},"excerpt":{"rendered":"<p>Nagy Vagy! &#8211; negyedik selejtez\u0151 2012. \u00e1prilis 20. \u00a0 \u00a0 Nagy Vagy! &#8211; selejtez\u0151 2011. \u00e1prilis 2. \u00a0 \u00a0 M\u00e1rcius 15-i \u00fcnneps\u00e9g 2011. m\u00e1rcius 11. [youtube]http:\/\/www.youtube.com\/watch?v=We00Le5nCAk[\/youtube] [youtube]http:\/\/www.youtube.com\/watch?v=HEinKh1R8Ho[\/youtube]<\/p>\n","protected":false},"author":1,"featured_media":0,"parent":102,"menu_order":10000,"comment_status":"closed","ping_status":"closed","template":"","meta":{"_et_pb_use_builder":"","_et_pb_old_content":"","_et_gb_content_width":"","footnotes":""},"class_list":["post-129","page","type-page","status-publish","hentry"],"_links":{"self":[{"href":"https:\/\/szentes-klauzalgabor.hu\/iskola\/wp-json\/wp\/v2\/pages\/129","targetHints":{"allow":["GET"]}}],"collection":[{"href":"https:\/\/szentes-klauzalgabor.hu\/iskola\/wp-json\/wp\/v2\/pages"}],"about":[{"href":"https:\/\/szentes-klauzalgabor.hu\/iskola\/wp-json\/wp\/v2\/types\/page"}],"author":[{"embeddable":true,"href":"https:\/\/szentes-klauzalgabor.hu\/iskola\/wp-json\/wp\/v2\/users\/1"}],"replies":[{"embeddable":true,"href":"https:\/\/szentes-klauzalgabor.hu\/iskola\/wp-json\/wp\/v2\/comments?post=129"}],"version-history":[{"count":19,"href":"https:\/\/szentes-klauzalgabor.hu\/iskola\/wp-json\/wp\/v2\/pages\/129\/revisions"}],"predecessor-version":[{"id":1887,"href":"https:\/\/szentes-klauzalgabor.hu\/iskola\/wp-json\/wp\/v2\/pages\/129\/revisions\/1887"}],"up":[{"embeddable":true,"href":"https:\/\/szentes-klauzalgabor.hu\/iskola\/wp-json\/wp\/v2\/pages\/102"}],"wp:attachment":[{"href":"https:\/\/szentes-klauzalgabor.hu\/iskola\/wp-json\/wp\/v2\/media?parent=129"}],"curies":[{"name":"wp","href":"https:\/\/api.w.org\/{rel}","templated":true}]}}