{"id":16374,"date":"2015-03-03T12:04:30","date_gmt":"2015-03-03T11:04:30","guid":{"rendered":"https:\/\/szentes-klauzalgabor.hu\/iskola"},"modified":"2017-05-09T10:45:55","modified_gmt":"2017-05-09T09:45:55","slug":"16374-2","status":"publish","type":"page","link":"https:\/\/szentes-klauzalgabor.hu\/iskola\/aktualis\/16374-2","title":{"rendered":"Als\u00f3s megyei Pet\u0151fi-Szaval\u00f3verseny"},"content":{"rendered":"<p><a href=\"https:\/\/szentes-klauzalgabor.hu\/iskola\/wp-content\/uploads\/2015\/03\/MEGYEI-NEVEZ\u00c9S.pdf\">MEGYEI NEVEZ\u00c9S!!!!<\/a><\/p>\n","protected":false},"excerpt":{"rendered":"<p>MEGYEI NEVEZ\u00c9S!!!!<\/p>\n","protected":false},"author":1,"featured_media":0,"parent":55,"menu_order":0,"comment_status":"closed","ping_status":"closed","template":"","meta":{"_et_pb_use_builder":"","_et_pb_old_content":"","_et_gb_content_width":"","footnotes":""},"class_list":["post-16374","page","type-page","status-publish","hentry"],"_links":{"self":[{"href":"https:\/\/szentes-klauzalgabor.hu\/iskola\/wp-json\/wp\/v2\/pages\/16374","targetHints":{"allow":["GET"]}}],"collection":[{"href":"https:\/\/szentes-klauzalgabor.hu\/iskola\/wp-json\/wp\/v2\/pages"}],"about":[{"href":"https:\/\/szentes-klauzalgabor.hu\/iskola\/wp-json\/wp\/v2\/types\/page"}],"author":[{"embeddable":true,"href":"https:\/\/szentes-klauzalgabor.hu\/iskola\/wp-json\/wp\/v2\/users\/1"}],"replies":[{"embeddable":true,"href":"https:\/\/szentes-klauzalgabor.hu\/iskola\/wp-json\/wp\/v2\/comments?post=16374"}],"version-history":[{"count":6,"href":"https:\/\/szentes-klauzalgabor.hu\/iskola\/wp-json\/wp\/v2\/pages\/16374\/revisions"}],"predecessor-version":[{"id":22214,"href":"https:\/\/szentes-klauzalgabor.hu\/iskola\/wp-json\/wp\/v2\/pages\/16374\/revisions\/22214"}],"up":[{"embeddable":true,"href":"https:\/\/szentes-klauzalgabor.hu\/iskola\/wp-json\/wp\/v2\/pages\/55"}],"wp:attachment":[{"href":"https:\/\/szentes-klauzalgabor.hu\/iskola\/wp-json\/wp\/v2\/media?parent=16374"}],"curies":[{"name":"wp","href":"https:\/\/api.w.org\/{rel}","templated":true}]}}