{"id":17171,"date":"2015-04-21T07:31:00","date_gmt":"2015-04-21T06:31:00","guid":{"rendered":"https:\/\/szentes-klauzalgabor.hu\/iskola"},"modified":"2017-05-09T11:58:09","modified_gmt":"2017-05-09T10:58:09","slug":"ttudomanyi-het-2","status":"publish","type":"page","link":"https:\/\/szentes-klauzalgabor.hu\/iskola\/fotoalbum\/20132014-rejtett\/ttudomanyi-het-2","title":{"rendered":"Term\u00e9szettudom\u00e1nyi h\u00e9t"},"content":{"rendered":"\n\t\t<style type=\"text\/css\">\n\t\t\t#gallery-1 {\n\t\t\t\tmargin: auto;\n\t\t\t}\n\t\t\t#gallery-1 .gallery-item {\n\t\t\t\tfloat: left;\n\t\t\t\tmargin-top: 10px;\n\t\t\t\ttext-align: center;\n\t\t\t\twidth: 25%;\n\t\t\t}\n\t\t\t#gallery-1 img {\n\t\t\t\tborder: 2px solid #cfcfcf;\n\t\t\t}\n\t\t\t#gallery-1 .gallery-caption {\n\t\t\t\tmargin-left: 0;\n\t\t\t}\n\t\t\t\/* see gallery_shortcode() in wp-includes\/media.php *\/\n\t\t<\/style>\n\t\t<div id='gallery-1' class='gallery galleryid-17171 gallery-columns-4 gallery-size-thumbnail'><dl class='gallery-item'>\n\t\t\t<dt class='gallery-icon landscape'>\n\t\t\t\t<a href='https:\/\/szentes-klauzalgabor.hu\/iskola\/wp-content\/uploads\/2015\/04\/IMG_03611.jpg'><img loading=\"lazy\" decoding=\"async\" width=\"150\" height=\"150\" src=\"https:\/\/szentes-klauzalgabor.hu\/iskola\/wp-content\/uploads\/2015\/04\/IMG_03611-150x150.jpg\" class=\"attachment-thumbnail size-thumbnail\" alt=\"\" \/><\/a>\n\t\t\t<\/dt><\/dl><dl class='gallery-item'>\n\t\t\t<dt class='gallery-icon landscape'>\n\t\t\t\t<a href='https:\/\/szentes-klauzalgabor.hu\/iskola\/wp-content\/uploads\/2015\/04\/IMG_0362.jpg'><img loading=\"lazy\" decoding=\"async\" width=\"150\" height=\"150\" src=\"https:\/\/szentes-klauzalgabor.hu\/iskola\/wp-content\/uploads\/2015\/04\/IMG_0362-150x150.jpg\" class=\"attachment-thumbnail size-thumbnail\" alt=\"\" \/><\/a>\n\t\t\t<\/dt><\/dl><dl class='gallery-item'>\n\t\t\t<dt class='gallery-icon landscape'>\n\t\t\t\t<a href='https:\/\/szentes-klauzalgabor.hu\/iskola\/wp-content\/uploads\/2015\/04\/IMG_0363.jpg'><img loading=\"lazy\" decoding=\"async\" width=\"150\" height=\"150\" src=\"https:\/\/szentes-klauzalgabor.hu\/iskola\/wp-content\/uploads\/2015\/04\/IMG_0363-150x150.jpg\" class=\"attachment-thumbnail size-thumbnail\" alt=\"\" \/><\/a>\n\t\t\t<\/dt><\/dl><dl class='gallery-item'>\n\t\t\t<dt class='gallery-icon landscape'>\n\t\t\t\t<a href='https:\/\/szentes-klauzalgabor.hu\/iskola\/wp-content\/uploads\/2015\/04\/IMG_0364.jpg'><img loading=\"lazy\" decoding=\"async\" width=\"150\" height=\"150\" src=\"https:\/\/szentes-klauzalgabor.hu\/iskola\/wp-content\/uploads\/2015\/04\/IMG_0364-150x150.jpg\" class=\"attachment-thumbnail size-thumbnail\" alt=\"\" \/><\/a>\n\t\t\t<\/dt><\/dl><br style=\"clear: both\" \/><dl class='gallery-item'>\n\t\t\t<dt class='gallery-icon landscape'>\n\t\t\t\t<a href='https:\/\/szentes-klauzalgabor.hu\/iskola\/wp-content\/uploads\/2015\/04\/IMG_0365.jpg'><img loading=\"lazy\" decoding=\"async\" width=\"150\" height=\"150\" src=\"https:\/\/szentes-klauzalgabor.hu\/iskola\/wp-content\/uploads\/2015\/04\/IMG_0365-150x150.jpg\" class=\"attachment-thumbnail size-thumbnail\" alt=\"\" \/><\/a>\n\t\t\t<\/dt><\/dl><dl class='gallery-item'>\n\t\t\t<dt class='gallery-icon landscape'>\n\t\t\t\t<a href='https:\/\/szentes-klauzalgabor.hu\/iskola\/wp-content\/uploads\/2015\/04\/IMG_0366.jpg'><img loading=\"lazy\" decoding=\"async\" width=\"150\" height=\"150\" src=\"https:\/\/szentes-klauzalgabor.hu\/iskola\/wp-content\/uploads\/2015\/04\/IMG_0366-150x150.jpg\" class=\"attachment-thumbnail size-thumbnail\" alt=\"\" \/><\/a>\n\t\t\t<\/dt><\/dl><dl class='gallery-item'>\n\t\t\t<dt class='gallery-icon landscape'>\n\t\t\t\t<a href='https:\/\/szentes-klauzalgabor.hu\/iskola\/wp-content\/uploads\/2015\/04\/IMG_0367.jpg'><img loading=\"lazy\" decoding=\"async\" width=\"150\" height=\"150\" src=\"https:\/\/szentes-klauzalgabor.hu\/iskola\/wp-content\/uploads\/2015\/04\/IMG_0367-150x150.jpg\" class=\"attachment-thumbnail size-thumbnail\" alt=\"\" \/><\/a>\n\t\t\t<\/dt><\/dl><dl class='gallery-item'>\n\t\t\t<dt class='gallery-icon landscape'>\n\t\t\t\t<a href='https:\/\/szentes-klauzalgabor.hu\/iskola\/wp-content\/uploads\/2015\/04\/IMG_0368.jpg'><img loading=\"lazy\" decoding=\"async\" width=\"150\" height=\"150\" src=\"https:\/\/szentes-klauzalgabor.hu\/iskola\/wp-content\/uploads\/2015\/04\/IMG_0368-150x150.jpg\" class=\"attachment-thumbnail size-thumbnail\" alt=\"\" \/><\/a>\n\t\t\t<\/dt><\/dl><br style=\"clear: both\" \/><dl class='gallery-item'>\n\t\t\t<dt class='gallery-icon landscape'>\n\t\t\t\t<a href='https:\/\/szentes-klauzalgabor.hu\/iskola\/wp-content\/uploads\/2015\/04\/IMG_0369.jpg'><img loading=\"lazy\" decoding=\"async\" width=\"150\" height=\"150\" src=\"https:\/\/szentes-klauzalgabor.hu\/iskola\/wp-content\/uploads\/2015\/04\/IMG_0369-150x150.jpg\" class=\"attachment-thumbnail size-thumbnail\" alt=\"\" \/><\/a>\n\t\t\t<\/dt><\/dl><dl class='gallery-item'>\n\t\t\t<dt class='gallery-icon landscape'>\n\t\t\t\t<a href='https:\/\/szentes-klauzalgabor.hu\/iskola\/wp-content\/uploads\/2015\/04\/IMG_0372.jpg'><img loading=\"lazy\" decoding=\"async\" width=\"150\" height=\"150\" src=\"https:\/\/szentes-klauzalgabor.hu\/iskola\/wp-content\/uploads\/2015\/04\/IMG_0372-150x150.jpg\" class=\"attachment-thumbnail size-thumbnail\" alt=\"\" \/><\/a>\n\t\t\t<\/dt><\/dl><dl class='gallery-item'>\n\t\t\t<dt class='gallery-icon landscape'>\n\t\t\t\t<a href='https:\/\/szentes-klauzalgabor.hu\/iskola\/wp-content\/uploads\/2015\/04\/IMG_0373.jpg'><img loading=\"lazy\" decoding=\"async\" width=\"150\" height=\"150\" src=\"https:\/\/szentes-klauzalgabor.hu\/iskola\/wp-content\/uploads\/2015\/04\/IMG_0373-150x150.jpg\" class=\"attachment-thumbnail size-thumbnail\" alt=\"\" \/><\/a>\n\t\t\t<\/dt><\/dl><dl class='gallery-item'>\n\t\t\t<dt class='gallery-icon landscape'>\n\t\t\t\t<a href='https:\/\/szentes-klauzalgabor.hu\/iskola\/wp-content\/uploads\/2015\/04\/IMG_0374.jpg'><img loading=\"lazy\" decoding=\"async\" width=\"150\" height=\"150\" src=\"https:\/\/szentes-klauzalgabor.hu\/iskola\/wp-content\/uploads\/2015\/04\/IMG_0374-150x150.jpg\" class=\"attachment-thumbnail size-thumbnail\" alt=\"\" \/><\/a>\n\t\t\t<\/dt><\/dl><br style=\"clear: both\" \/><dl class='gallery-item'>\n\t\t\t<dt class='gallery-icon landscape'>\n\t\t\t\t<a href='https:\/\/szentes-klauzalgabor.hu\/iskola\/wp-content\/uploads\/2015\/04\/IMG_0375.jpg'><img loading=\"lazy\" decoding=\"async\" width=\"150\" height=\"150\" src=\"https:\/\/szentes-klauzalgabor.hu\/iskola\/wp-content\/uploads\/2015\/04\/IMG_0375-150x150.jpg\" class=\"attachment-thumbnail size-thumbnail\" alt=\"\" \/><\/a>\n\t\t\t<\/dt><\/dl><dl class='gallery-item'>\n\t\t\t<dt class='gallery-icon landscape'>\n\t\t\t\t<a href='https:\/\/szentes-klauzalgabor.hu\/iskola\/wp-content\/uploads\/2015\/04\/IMG_0376.jpg'><img loading=\"lazy\" decoding=\"async\" width=\"150\" height=\"150\" src=\"https:\/\/szentes-klauzalgabor.hu\/iskola\/wp-content\/uploads\/2015\/04\/IMG_0376-150x150.jpg\" class=\"attachment-thumbnail size-thumbnail\" alt=\"\" \/><\/a>\n\t\t\t<\/dt><\/dl><dl class='gallery-item'>\n\t\t\t<dt class='gallery-icon landscape'>\n\t\t\t\t<a href='https:\/\/szentes-klauzalgabor.hu\/iskola\/wp-content\/uploads\/2015\/04\/IMG_0394.jpg'><img loading=\"lazy\" decoding=\"async\" width=\"150\" height=\"150\" src=\"https:\/\/szentes-klauzalgabor.hu\/iskola\/wp-content\/uploads\/2015\/04\/IMG_0394-150x150.jpg\" class=\"attachment-thumbnail size-thumbnail\" alt=\"\" \/><\/a>\n\t\t\t<\/dt><\/dl><dl class='gallery-item'>\n\t\t\t<dt class='gallery-icon landscape'>\n\t\t\t\t<a href='https:\/\/szentes-klauzalgabor.hu\/iskola\/wp-content\/uploads\/2015\/04\/IMG_0395.jpg'><img loading=\"lazy\" decoding=\"async\" width=\"150\" height=\"150\" src=\"https:\/\/szentes-klauzalgabor.hu\/iskola\/wp-content\/uploads\/2015\/04\/IMG_0395-150x150.jpg\" class=\"attachment-thumbnail size-thumbnail\" alt=\"\" \/><\/a>\n\t\t\t<\/dt><\/dl><br style=\"clear: both\" \/><dl class='gallery-item'>\n\t\t\t<dt class='gallery-icon landscape'>\n\t\t\t\t<a href='https:\/\/szentes-klauzalgabor.hu\/iskola\/wp-content\/uploads\/2015\/04\/IMG_0396.jpg'><img loading=\"lazy\" decoding=\"async\" width=\"150\" height=\"150\" src=\"https:\/\/szentes-klauzalgabor.hu\/iskola\/wp-content\/uploads\/2015\/04\/IMG_0396-150x150.jpg\" class=\"attachment-thumbnail size-thumbnail\" alt=\"\" \/><\/a>\n\t\t\t<\/dt><\/dl><dl class='gallery-item'>\n\t\t\t<dt class='gallery-icon landscape'>\n\t\t\t\t<a href='https:\/\/szentes-klauzalgabor.hu\/iskola\/wp-content\/uploads\/2015\/04\/IMG_0397.jpg'><img loading=\"lazy\" decoding=\"async\" width=\"150\" height=\"150\" src=\"https:\/\/szentes-klauzalgabor.hu\/iskola\/wp-content\/uploads\/2015\/04\/IMG_0397-150x150.jpg\" class=\"attachment-thumbnail size-thumbnail\" alt=\"\" \/><\/a>\n\t\t\t<\/dt><\/dl><dl class='gallery-item'>\n\t\t\t<dt class='gallery-icon landscape'>\n\t\t\t\t<a href='https:\/\/szentes-klauzalgabor.hu\/iskola\/wp-content\/uploads\/2015\/04\/IMG_0398.jpg'><img loading=\"lazy\" decoding=\"async\" width=\"150\" height=\"150\" src=\"https:\/\/szentes-klauzalgabor.hu\/iskola\/wp-content\/uploads\/2015\/04\/IMG_0398-150x150.jpg\" class=\"attachment-thumbnail size-thumbnail\" alt=\"\" \/><\/a>\n\t\t\t<\/dt><\/dl><dl class='gallery-item'>\n\t\t\t<dt class='gallery-icon landscape'>\n\t\t\t\t<a href='https:\/\/szentes-klauzalgabor.hu\/iskola\/wp-content\/uploads\/2015\/04\/IMG_0399.jpg'><img loading=\"lazy\" decoding=\"async\" width=\"150\" height=\"150\" src=\"https:\/\/szentes-klauzalgabor.hu\/iskola\/wp-content\/uploads\/2015\/04\/IMG_0399-150x150.jpg\" class=\"attachment-thumbnail size-thumbnail\" alt=\"\" \/><\/a>\n\t\t\t<\/dt><\/dl><br style=\"clear: both\" \/><dl class='gallery-item'>\n\t\t\t<dt class='gallery-icon landscape'>\n\t\t\t\t<a href='https:\/\/szentes-klauzalgabor.hu\/iskola\/wp-content\/uploads\/2015\/04\/IMG_0400.jpg'><img loading=\"lazy\" decoding=\"async\" width=\"150\" height=\"150\" src=\"https:\/\/szentes-klauzalgabor.hu\/iskola\/wp-content\/uploads\/2015\/04\/IMG_0400-150x150.jpg\" class=\"attachment-thumbnail size-thumbnail\" alt=\"\" \/><\/a>\n\t\t\t<\/dt><\/dl><dl class='gallery-item'>\n\t\t\t<dt class='gallery-icon landscape'>\n\t\t\t\t<a href='https:\/\/szentes-klauzalgabor.hu\/iskola\/wp-content\/uploads\/2015\/04\/IMG_0403.jpg'><img loading=\"lazy\" decoding=\"async\" width=\"150\" height=\"150\" src=\"https:\/\/szentes-klauzalgabor.hu\/iskola\/wp-content\/uploads\/2015\/04\/IMG_0403-150x150.jpg\" class=\"attachment-thumbnail size-thumbnail\" alt=\"\" \/><\/a>\n\t\t\t<\/dt><\/dl><dl class='gallery-item'>\n\t\t\t<dt class='gallery-icon landscape'>\n\t\t\t\t<a href='https:\/\/szentes-klauzalgabor.hu\/iskola\/wp-content\/uploads\/2015\/04\/IMG_0404.jpg'><img loading=\"lazy\" decoding=\"async\" width=\"150\" height=\"150\" src=\"https:\/\/szentes-klauzalgabor.hu\/iskola\/wp-content\/uploads\/2015\/04\/IMG_0404-150x150.jpg\" class=\"attachment-thumbnail size-thumbnail\" alt=\"\" \/><\/a>\n\t\t\t<\/dt><\/dl><dl class='gallery-item'>\n\t\t\t<dt class='gallery-icon landscape'>\n\t\t\t\t<a href='https:\/\/szentes-klauzalgabor.hu\/iskola\/wp-content\/uploads\/2015\/04\/IMG_0405.jpg'><img loading=\"lazy\" decoding=\"async\" width=\"150\" height=\"150\" src=\"https:\/\/szentes-klauzalgabor.hu\/iskola\/wp-content\/uploads\/2015\/04\/IMG_0405-150x150.jpg\" class=\"attachment-thumbnail size-thumbnail\" alt=\"\" \/><\/a>\n\t\t\t<\/dt><\/dl><br style=\"clear: both\" \/><dl class='gallery-item'>\n\t\t\t<dt class='gallery-icon landscape'>\n\t\t\t\t<a href='https:\/\/szentes-klauzalgabor.hu\/iskola\/wp-content\/uploads\/2015\/04\/IMG_0406.jpg'><img loading=\"lazy\" decoding=\"async\" width=\"150\" height=\"150\" src=\"https:\/\/szentes-klauzalgabor.hu\/iskola\/wp-content\/uploads\/2015\/04\/IMG_0406-150x150.jpg\" class=\"attachment-thumbnail size-thumbnail\" alt=\"\" \/><\/a>\n\t\t\t<\/dt><\/dl><dl class='gallery-item'>\n\t\t\t<dt class='gallery-icon landscape'>\n\t\t\t\t<a href='https:\/\/szentes-klauzalgabor.hu\/iskola\/wp-content\/uploads\/2015\/04\/IMG_0407.jpg'><img loading=\"lazy\" decoding=\"async\" width=\"150\" height=\"150\" src=\"https:\/\/szentes-klauzalgabor.hu\/iskola\/wp-content\/uploads\/2015\/04\/IMG_0407-150x150.jpg\" class=\"attachment-thumbnail size-thumbnail\" alt=\"\" \/><\/a>\n\t\t\t<\/dt><\/dl><dl class='gallery-item'>\n\t\t\t<dt class='gallery-icon landscape'>\n\t\t\t\t<a href='https:\/\/szentes-klauzalgabor.hu\/iskola\/wp-content\/uploads\/2015\/04\/IMG_0408.jpg'><img loading=\"lazy\" decoding=\"async\" width=\"150\" height=\"150\" src=\"https:\/\/szentes-klauzalgabor.hu\/iskola\/wp-content\/uploads\/2015\/04\/IMG_0408-150x150.jpg\" class=\"attachment-thumbnail size-thumbnail\" alt=\"\" \/><\/a>\n\t\t\t<\/dt><\/dl><dl class='gallery-item'>\n\t\t\t<dt class='gallery-icon landscape'>\n\t\t\t\t<a href='https:\/\/szentes-klauzalgabor.hu\/iskola\/wp-content\/uploads\/2015\/04\/IMG_0409.jpg'><img loading=\"lazy\" decoding=\"async\" width=\"150\" height=\"150\" src=\"https:\/\/szentes-klauzalgabor.hu\/iskola\/wp-content\/uploads\/2015\/04\/IMG_0409-150x150.jpg\" class=\"attachment-thumbnail size-thumbnail\" alt=\"\" \/><\/a>\n\t\t\t<\/dt><\/dl><br style=\"clear: both\" \/><dl class='gallery-item'>\n\t\t\t<dt class='gallery-icon landscape'>\n\t\t\t\t<a href='https:\/\/szentes-klauzalgabor.hu\/iskola\/wp-content\/uploads\/2015\/04\/IMG_0411.jpg'><img loading=\"lazy\" decoding=\"async\" width=\"150\" height=\"150\" src=\"https:\/\/szentes-klauzalgabor.hu\/iskola\/wp-content\/uploads\/2015\/04\/IMG_0411-150x150.jpg\" class=\"attachment-thumbnail size-thumbnail\" alt=\"\" \/><\/a>\n\t\t\t<\/dt><\/dl><dl class='gallery-item'>\n\t\t\t<dt class='gallery-icon landscape'>\n\t\t\t\t<a href='https:\/\/szentes-klauzalgabor.hu\/iskola\/wp-content\/uploads\/2015\/04\/IMG_0412.jpg'><img loading=\"lazy\" decoding=\"async\" width=\"150\" height=\"150\" src=\"https:\/\/szentes-klauzalgabor.hu\/iskola\/wp-content\/uploads\/2015\/04\/IMG_0412-150x150.jpg\" class=\"attachment-thumbnail size-thumbnail\" alt=\"\" \/><\/a>\n\t\t\t<\/dt><\/dl><dl class='gallery-item'>\n\t\t\t<dt class='gallery-icon landscape'>\n\t\t\t\t<a href='https:\/\/szentes-klauzalgabor.hu\/iskola\/wp-content\/uploads\/2015\/04\/IMG_0413.jpg'><img loading=\"lazy\" decoding=\"async\" width=\"150\" height=\"150\" src=\"https:\/\/szentes-klauzalgabor.hu\/iskola\/wp-content\/uploads\/2015\/04\/IMG_0413-150x150.jpg\" class=\"attachment-thumbnail size-thumbnail\" alt=\"\" \/><\/a>\n\t\t\t<\/dt><\/dl><dl class='gallery-item'>\n\t\t\t<dt class='gallery-icon landscape'>\n\t\t\t\t<a href='https:\/\/szentes-klauzalgabor.hu\/iskola\/wp-content\/uploads\/2015\/04\/IMG_0414.jpg'><img loading=\"lazy\" decoding=\"async\" width=\"150\" height=\"150\" src=\"https:\/\/szentes-klauzalgabor.hu\/iskola\/wp-content\/uploads\/2015\/04\/IMG_0414-150x150.jpg\" class=\"attachment-thumbnail size-thumbnail\" alt=\"\" \/><\/a>\n\t\t\t<\/dt><\/dl><br style=\"clear: both\" \/><dl class='gallery-item'>\n\t\t\t<dt class='gallery-icon landscape'>\n\t\t\t\t<a href='https:\/\/szentes-klauzalgabor.hu\/iskola\/wp-content\/uploads\/2015\/04\/IMG_0415.jpg'><img loading=\"lazy\" decoding=\"async\" width=\"150\" height=\"150\" src=\"https:\/\/szentes-klauzalgabor.hu\/iskola\/wp-content\/uploads\/2015\/04\/IMG_0415-150x150.jpg\" class=\"attachment-thumbnail size-thumbnail\" alt=\"\" \/><\/a>\n\t\t\t<\/dt><\/dl><dl class='gallery-item'>\n\t\t\t<dt class='gallery-icon landscape'>\n\t\t\t\t<a href='https:\/\/szentes-klauzalgabor.hu\/iskola\/wp-content\/uploads\/2015\/04\/IMG_0416.jpg'><img loading=\"lazy\" decoding=\"async\" width=\"150\" height=\"150\" src=\"https:\/\/szentes-klauzalgabor.hu\/iskola\/wp-content\/uploads\/2015\/04\/IMG_0416-150x150.jpg\" class=\"attachment-thumbnail size-thumbnail\" alt=\"\" \/><\/a>\n\t\t\t<\/dt><\/dl><dl class='gallery-item'>\n\t\t\t<dt class='gallery-icon landscape'>\n\t\t\t\t<a href='https:\/\/szentes-klauzalgabor.hu\/iskola\/wp-content\/uploads\/2015\/04\/IMG_0417.jpg'><img loading=\"lazy\" decoding=\"async\" width=\"150\" height=\"150\" src=\"https:\/\/szentes-klauzalgabor.hu\/iskola\/wp-content\/uploads\/2015\/04\/IMG_0417-150x150.jpg\" class=\"attachment-thumbnail size-thumbnail\" alt=\"\" \/><\/a>\n\t\t\t<\/dt><\/dl><dl class='gallery-item'>\n\t\t\t<dt class='gallery-icon landscape'>\n\t\t\t\t<a href='https:\/\/szentes-klauzalgabor.hu\/iskola\/wp-content\/uploads\/2015\/04\/IMG_0418.jpg'><img loading=\"lazy\" decoding=\"async\" width=\"150\" height=\"150\" src=\"https:\/\/szentes-klauzalgabor.hu\/iskola\/wp-content\/uploads\/2015\/04\/IMG_0418-150x150.jpg\" class=\"attachment-thumbnail size-thumbnail\" alt=\"\" \/><\/a>\n\t\t\t<\/dt><\/dl><br style=\"clear: both\" \/><dl class='gallery-item'>\n\t\t\t<dt class='gallery-icon landscape'>\n\t\t\t\t<a href='https:\/\/szentes-klauzalgabor.hu\/iskola\/wp-content\/uploads\/2015\/04\/IMG_0421.jpg'><img loading=\"lazy\" decoding=\"async\" width=\"150\" height=\"150\" src=\"https:\/\/szentes-klauzalgabor.hu\/iskola\/wp-content\/uploads\/2015\/04\/IMG_0421-150x150.jpg\" class=\"attachment-thumbnail size-thumbnail\" alt=\"\" \/><\/a>\n\t\t\t<\/dt><\/dl><dl class='gallery-item'>\n\t\t\t<dt class='gallery-icon landscape'>\n\t\t\t\t<a href='https:\/\/szentes-klauzalgabor.hu\/iskola\/wp-content\/uploads\/2015\/04\/IMG_0422.jpg'><img loading=\"lazy\" decoding=\"async\" width=\"150\" height=\"150\" src=\"https:\/\/szentes-klauzalgabor.hu\/iskola\/wp-content\/uploads\/2015\/04\/IMG_0422-150x150.jpg\" class=\"attachment-thumbnail size-thumbnail\" alt=\"\" \/><\/a>\n\t\t\t<\/dt><\/dl><dl class='gallery-item'>\n\t\t\t<dt class='gallery-icon landscape'>\n\t\t\t\t<a href='https:\/\/szentes-klauzalgabor.hu\/iskola\/wp-content\/uploads\/2015\/04\/IMG_0423.jpg'><img loading=\"lazy\" decoding=\"async\" width=\"150\" height=\"150\" src=\"https:\/\/szentes-klauzalgabor.hu\/iskola\/wp-content\/uploads\/2015\/04\/IMG_0423-150x150.jpg\" class=\"attachment-thumbnail size-thumbnail\" alt=\"\" \/><\/a>\n\t\t\t<\/dt><\/dl>\n\t\t\t<br style='clear: both' \/>\n\t\t<\/div>\n\n","protected":false},"excerpt":{"rendered":"","protected":false},"author":1,"featured_media":0,"parent":9010,"menu_order":0,"comment_status":"closed","ping_status":"closed","template":"","meta":{"_et_pb_use_builder":"","_et_pb_old_content":"","_et_gb_content_width":"","footnotes":""},"class_list":["post-17171","page","type-page","status-publish","hentry"],"_links":{"self":[{"href":"https:\/\/szentes-klauzalgabor.hu\/iskola\/wp-json\/wp\/v2\/pages\/17171","targetHints":{"allow":["GET"]}}],"collection":[{"href":"https:\/\/szentes-klauzalgabor.hu\/iskola\/wp-json\/wp\/v2\/pages"}],"about":[{"href":"https:\/\/szentes-klauzalgabor.hu\/iskola\/wp-json\/wp\/v2\/types\/page"}],"author":[{"embeddable":true,"href":"https:\/\/szentes-klauzalgabor.hu\/iskola\/wp-json\/wp\/v2\/users\/1"}],"replies":[{"embeddable":true,"href":"https:\/\/szentes-klauzalgabor.hu\/iskola\/wp-json\/wp\/v2\/comments?post=17171"}],"version-history":[{"count":4,"href":"https:\/\/szentes-klauzalgabor.hu\/iskola\/wp-json\/wp\/v2\/pages\/17171\/revisions"}],"predecessor-version":[{"id":17215,"href":"https:\/\/szentes-klauzalgabor.hu\/iskola\/wp-json\/wp\/v2\/pages\/17171\/revisions\/17215"}],"up":[{"embeddable":true,"href":"https:\/\/szentes-klauzalgabor.hu\/iskola\/wp-json\/wp\/v2\/pages\/9010"}],"wp:attachment":[{"href":"https:\/\/szentes-klauzalgabor.hu\/iskola\/wp-json\/wp\/v2\/media?parent=17171"}],"curies":[{"name":"wp","href":"https:\/\/api.w.org\/{rel}","templated":true}]}}