{"id":17598,"date":"2015-04-30T08:30:54","date_gmt":"2015-04-30T07:30:54","guid":{"rendered":"https:\/\/szentes-klauzalgabor.hu\/iskola"},"modified":"2017-05-09T11:48:13","modified_gmt":"2017-05-09T10:48:13","slug":"mentorhalo","status":"publish","type":"page","link":"https:\/\/szentes-klauzalgabor.hu\/iskola\/fotoalbum\/20132014-rejtett\/mentorhalo","title":{"rendered":"&#8222;Mentorh\u00e1l\u00f3 Klub&#8221; megh\u00edv\u00f3"},"content":{"rendered":"<p><a href=\"https:\/\/szentes-klauzalgabor.hu\/iskola\/wp-content\/uploads\/2015\/04\/Mentorh\u00e1l\u00f3-Klub-megh\u00edv\u00f3-program-minta1-11.pdf\">Mentorh\u00e1l\u00f3-Klub-megh\u00edv\u00f3-program-minta1-1<\/a><\/p>\n","protected":false},"excerpt":{"rendered":"<p>Mentorh\u00e1l\u00f3-Klub-megh\u00edv\u00f3-program-minta1-1<\/p>\n","protected":false},"author":1,"featured_media":0,"parent":9010,"menu_order":0,"comment_status":"closed","ping_status":"closed","template":"","meta":{"_et_pb_use_builder":"","_et_pb_old_content":"","_et_gb_content_width":"","footnotes":""},"class_list":["post-17598","page","type-page","status-publish","hentry"],"_links":{"self":[{"href":"https:\/\/szentes-klauzalgabor.hu\/iskola\/wp-json\/wp\/v2\/pages\/17598","targetHints":{"allow":["GET"]}}],"collection":[{"href":"https:\/\/szentes-klauzalgabor.hu\/iskola\/wp-json\/wp\/v2\/pages"}],"about":[{"href":"https:\/\/szentes-klauzalgabor.hu\/iskola\/wp-json\/wp\/v2\/types\/page"}],"author":[{"embeddable":true,"href":"https:\/\/szentes-klauzalgabor.hu\/iskola\/wp-json\/wp\/v2\/users\/1"}],"replies":[{"embeddable":true,"href":"https:\/\/szentes-klauzalgabor.hu\/iskola\/wp-json\/wp\/v2\/comments?post=17598"}],"version-history":[{"count":3,"href":"https:\/\/szentes-klauzalgabor.hu\/iskola\/wp-json\/wp\/v2\/pages\/17598\/revisions"}],"predecessor-version":[{"id":17603,"href":"https:\/\/szentes-klauzalgabor.hu\/iskola\/wp-json\/wp\/v2\/pages\/17598\/revisions\/17603"}],"up":[{"embeddable":true,"href":"https:\/\/szentes-klauzalgabor.hu\/iskola\/wp-json\/wp\/v2\/pages\/9010"}],"wp:attachment":[{"href":"https:\/\/szentes-klauzalgabor.hu\/iskola\/wp-json\/wp\/v2\/media?parent=17598"}],"curies":[{"name":"wp","href":"https:\/\/api.w.org\/{rel}","templated":true}]}}