{"id":1807,"date":"2011-04-05T07:34:48","date_gmt":"2011-04-05T06:34:48","guid":{"rendered":"https:\/\/szentes-klauzalgabor.hu\/iskola"},"modified":"2022-09-14T10:08:38","modified_gmt":"2022-09-14T09:08:38","slug":"7-aosztaly","status":"publish","type":"page","link":"https:\/\/szentes-klauzalgabor.hu\/iskola\/felso-tagozat\/7-aosztaly","title":{"rendered":"8.a"},"content":{"rendered":"<table style=\"height: 770px;\" width=\"221\">\n<tbody>\n<tr>\n<td width=\"167\">\u00c1s\u00f3s Ram\u00f3na Melissza<\/td>\n<\/tr>\n<tr>\n<td>Bari Lolita Valentina<\/td>\n<\/tr>\n<tr>\n<td>Bari Tam\u00e1s R\u00f3bert<\/td>\n<\/tr>\n<tr>\n<td>Dovzhanyn Yevheniia<\/td>\n<\/tr>\n<tr>\n<td>Duka Alexa Minerva<\/td>\n<\/tr>\n<tr>\n<td>Hajnal Fanni<\/td>\n<\/tr>\n<tr>\n<td>Halmai Enrik\u00f3<\/td>\n<\/tr>\n<tr>\n<td>Jakab Janka<\/td>\n<\/tr>\n<tr>\n<td>Kalauz Alex<\/td>\n<\/tr>\n<tr>\n<td>Karimov Vitalij<\/td>\n<\/tr>\n<tr>\n<td>Kov\u00e1cs L\u00e1szl\u00f3<\/td>\n<\/tr>\n<tr>\n<td>Lakatos Mel\u00e1nia Elizabet<\/td>\n<\/tr>\n<tr>\n<td>Lakatos Noel Ruben<\/td>\n<\/tr>\n<tr>\n<td>Pap Di\u00e1na Fl\u00f3ra<\/td>\n<\/tr>\n<tr>\n<td>Pilesz \u00c1d\u00e1m<\/td>\n<\/tr>\n<tr>\n<td>Ravasz Mirella Erzs\u00e9bet<\/td>\n<\/tr>\n<tr>\n<td>Sz\u00e9kely Szabolcs Istv\u00e1n<\/td>\n<\/tr>\n<\/tbody>\n<\/table>\n","protected":false},"excerpt":{"rendered":"<p>\u00c1s\u00f3s Ram\u00f3na Melissza Bari Lolita Valentina Bari Tam\u00e1s R\u00f3bert Dovzhanyn Yevheniia Duka Alexa Minerva Hajnal Fanni Halmai Enrik\u00f3 Jakab Janka Kalauz Alex Karimov Vitalij Kov\u00e1cs L\u00e1szl\u00f3 Lakatos Mel\u00e1nia Elizabet Lakatos Noel Ruben Pap Di\u00e1na Fl\u00f3ra Pilesz \u00c1d\u00e1m Ravasz Mirella Erzs\u00e9bet Sz\u00e9kely Szabolcs Istv\u00e1n<\/p>\n","protected":false},"author":1,"featured_media":0,"parent":2572,"menu_order":7,"comment_status":"closed","ping_status":"closed","template":"","meta":{"_et_pb_use_builder":"","_et_pb_old_content":"","_et_gb_content_width":"","footnotes":""},"class_list":["post-1807","page","type-page","status-publish","hentry"],"_links":{"self":[{"href":"https:\/\/szentes-klauzalgabor.hu\/iskola\/wp-json\/wp\/v2\/pages\/1807","targetHints":{"allow":["GET"]}}],"collection":[{"href":"https:\/\/szentes-klauzalgabor.hu\/iskola\/wp-json\/wp\/v2\/pages"}],"about":[{"href":"https:\/\/szentes-klauzalgabor.hu\/iskola\/wp-json\/wp\/v2\/types\/page"}],"author":[{"embeddable":true,"href":"https:\/\/szentes-klauzalgabor.hu\/iskola\/wp-json\/wp\/v2\/users\/1"}],"replies":[{"embeddable":true,"href":"https:\/\/szentes-klauzalgabor.hu\/iskola\/wp-json\/wp\/v2\/comments?post=1807"}],"version-history":[{"count":27,"href":"https:\/\/szentes-klauzalgabor.hu\/iskola\/wp-json\/wp\/v2\/pages\/1807\/revisions"}],"predecessor-version":[{"id":25653,"href":"https:\/\/szentes-klauzalgabor.hu\/iskola\/wp-json\/wp\/v2\/pages\/1807\/revisions\/25653"}],"up":[{"embeddable":true,"href":"https:\/\/szentes-klauzalgabor.hu\/iskola\/wp-json\/wp\/v2\/pages\/2572"}],"wp:attachment":[{"href":"https:\/\/szentes-klauzalgabor.hu\/iskola\/wp-json\/wp\/v2\/media?parent=1807"}],"curies":[{"name":"wp","href":"https:\/\/api.w.org\/{rel}","templated":true}]}}