{"id":2033,"date":"2011-04-20T09:06:46","date_gmt":"2011-04-20T08:06:46","guid":{"rendered":"https:\/\/szentes-klauzalgabor.hu\/iskola"},"modified":"2011-04-20T09:21:39","modified_gmt":"2011-04-20T08:21:39","slug":"varosi-fizikaverseny","status":"publish","type":"page","link":"https:\/\/szentes-klauzalgabor.hu\/iskola\/fotoalbum\/2010-2011\/varosi-fizikaverseny","title":{"rendered":"V\u00e1rosi fizikaverseny"},"content":{"rendered":"<p>2011.04.19-\u00e9n iskol\u00e1nkban <strong>v\u00e1rosi fizikaversenyt<\/strong> rendezt\u00fcnk, imm\u00e1ron 2. alkalommal. Nagy \u00f6r\u00f6m\u00fcnkre a versenyen az \u00f6sszes szentesi iskola k\u00e9pviseltette mag\u00e1t, 25 (7-8. oszt\u00e1lyos) tanul\u00f3 vett r\u00e9szt a vet\u00e9lked\u0151n.<\/p>\n<p>A lebonyol\u00edt\u00e1s rendhagy\u00f3 volt, ugyanis a r\u00e9sztvev\u0151 di\u00e1koknak egy szavaz\u00f3 rendszer seg\u00edts\u00e9g\u00e9vel kellett a teszt jelleg\u0171 k\u00e9rd\u00e9sekre a v\u00e1laszt megadni,  majd az \u00e9rt\u00e9kel\u00e9st a sz\u00e1m\u00edt\u00f3g\u00e9p v\u00e9gezte el. Ebb\u0151l a vet\u00e9lked\u0151b\u0151l szeretn\u00e9nk iskol\u00e1nkban hagyom\u00e1nyt teremteni, rem\u00e9lj\u00fck j\u00f6v\u0151re is sz\u00e9p sz\u00e1mmal l\u00e1togatj\u00e1k verseny\u00fcnket.<\/p>\n<p><span style=\"text-decoration: underline;\">A verseny v\u00e9geredm\u00e9nye:<\/span><\/p>\n<ul>\n<li><strong>1. hely: Juh\u00e1sz D\u00e1niel<\/strong> &#8211; Damjanich J\u00e1nos \u00c1ltal\u00e1nos Iskola <\/li>\n<li><strong>2. hely: F\u00fav\u00f3 Vikt\u00f3ria<\/strong> &#8211; HMG<\/li>\n<li><strong>3. hely: Gut Fanni<\/strong> &#8211; Koszta J\u00f3zsef \u00c1ltal\u00e1nos Iskola<\/li>\n<li><strong>4. hely: Ber\u00e9ny Bal\u00e1zs<\/strong> &#8211; Szent Erzs\u00e9bet Katolikus \u00c1ltal\u00e1nos Iskola<\/li>\n<li><strong>5. hely: Haj\u00f3s Ferenc<\/strong> &#8211; Szent Erzs\u00e9bet Katolikus \u00c1ltal\u00e1nos Iskola<\/li>\n<\/ul>\n<p><span style=\"text-decoration: underline;\">Tov\u00e1bbi helyezettek:<\/span><\/p>\n<p>6.<em> Loboda Andr\u00e1s<\/em> (Pet\u0151fi S\u00e1ndor \u00c1lt. Isk.); <em>7. B\u00fav\u00e1r Kata<\/em> (Klauz\u00e1l G\u00e1bor \u00c1lt. Isk.); <em>8. Zelei Melitta<\/em> (Koszta J\u00f3zsef \u00c1lt. Isk.) <em>9. Sebesi Petra<\/em> (Koszta J\u00f3zsef \u00c1lt. Isk.); <em>10. Nagy Viktor<\/em> (Klauz\u00e1l G\u00e1bor \u00c1lt. Isk.); <em>11. Nagy Szabolcs<\/em> (Damjanich J\u00e1nos \u00c1lt. Isk.); <em>12. Hidas Brigitta<\/em> (Kiss B\u00e1lint Ref. \u00c1lt. Isk.)<\/p>\n<p>A verseny helyezettjei \u00e9rt\u00e9kes k\u00f6nyvutalv\u00e1nyban r\u00e9szes\u00fcltek.<\/p>\n\n\t\t<style type=\"text\/css\">\n\t\t\t#gallery-1 {\n\t\t\t\tmargin: auto;\n\t\t\t}\n\t\t\t#gallery-1 .gallery-item {\n\t\t\t\tfloat: left;\n\t\t\t\tmargin-top: 10px;\n\t\t\t\ttext-align: center;\n\t\t\t\twidth: 25%;\n\t\t\t}\n\t\t\t#gallery-1 img {\n\t\t\t\tborder: 2px solid #cfcfcf;\n\t\t\t}\n\t\t\t#gallery-1 .gallery-caption {\n\t\t\t\tmargin-left: 0;\n\t\t\t}\n\t\t\t\/* see gallery_shortcode() in wp-includes\/media.php *\/\n\t\t<\/style>\n\t\t<div id='gallery-1' class='gallery galleryid-2033 gallery-columns-4 gallery-size-thumbnail'><dl class='gallery-item'>\n\t\t\t<dt class='gallery-icon landscape'>\n\t\t\t\t<a href='https:\/\/szentes-klauzalgabor.hu\/iskola\/wp-content\/uploads\/2011\/04\/110419_001.jpg'><img loading=\"lazy\" decoding=\"async\" width=\"150\" height=\"150\" src=\"https:\/\/szentes-klauzalgabor.hu\/iskola\/wp-content\/uploads\/2011\/04\/110419_001-150x150.jpg\" class=\"attachment-thumbnail size-thumbnail\" alt=\"\" \/><\/a>\n\t\t\t<\/dt><\/dl><dl class='gallery-item'>\n\t\t\t<dt class='gallery-icon landscape'>\n\t\t\t\t<a href='https:\/\/szentes-klauzalgabor.hu\/iskola\/wp-content\/uploads\/2011\/04\/110419_002.jpg'><img loading=\"lazy\" decoding=\"async\" width=\"150\" height=\"150\" src=\"https:\/\/szentes-klauzalgabor.hu\/iskola\/wp-content\/uploads\/2011\/04\/110419_002-150x150.jpg\" class=\"attachment-thumbnail size-thumbnail\" alt=\"\" \/><\/a>\n\t\t\t<\/dt><\/dl><dl class='gallery-item'>\n\t\t\t<dt class='gallery-icon landscape'>\n\t\t\t\t<a href='https:\/\/szentes-klauzalgabor.hu\/iskola\/wp-content\/uploads\/2011\/04\/110419_003.jpg'><img loading=\"lazy\" decoding=\"async\" width=\"150\" height=\"150\" src=\"https:\/\/szentes-klauzalgabor.hu\/iskola\/wp-content\/uploads\/2011\/04\/110419_003-150x150.jpg\" class=\"attachment-thumbnail size-thumbnail\" alt=\"\" \/><\/a>\n\t\t\t<\/dt><\/dl><dl class='gallery-item'>\n\t\t\t<dt class='gallery-icon landscape'>\n\t\t\t\t<a href='https:\/\/szentes-klauzalgabor.hu\/iskola\/wp-content\/uploads\/2011\/04\/110419_004.jpg'><img loading=\"lazy\" decoding=\"async\" width=\"150\" height=\"150\" src=\"https:\/\/szentes-klauzalgabor.hu\/iskola\/wp-content\/uploads\/2011\/04\/110419_004-150x150.jpg\" class=\"attachment-thumbnail size-thumbnail\" alt=\"\" \/><\/a>\n\t\t\t<\/dt><\/dl><br style=\"clear: both\" \/><dl class='gallery-item'>\n\t\t\t<dt class='gallery-icon landscape'>\n\t\t\t\t<a href='https:\/\/szentes-klauzalgabor.hu\/iskola\/wp-content\/uploads\/2011\/04\/110419_005.jpg'><img loading=\"lazy\" decoding=\"async\" width=\"150\" height=\"150\" src=\"https:\/\/szentes-klauzalgabor.hu\/iskola\/wp-content\/uploads\/2011\/04\/110419_005-150x150.jpg\" class=\"attachment-thumbnail size-thumbnail\" alt=\"\" \/><\/a>\n\t\t\t<\/dt><\/dl><dl class='gallery-item'>\n\t\t\t<dt class='gallery-icon landscape'>\n\t\t\t\t<a href='https:\/\/szentes-klauzalgabor.hu\/iskola\/wp-content\/uploads\/2011\/04\/110419_006.jpg'><img loading=\"lazy\" decoding=\"async\" width=\"150\" height=\"150\" src=\"https:\/\/szentes-klauzalgabor.hu\/iskola\/wp-content\/uploads\/2011\/04\/110419_006-150x150.jpg\" class=\"attachment-thumbnail size-thumbnail\" alt=\"\" \/><\/a>\n\t\t\t<\/dt><\/dl><dl class='gallery-item'>\n\t\t\t<dt class='gallery-icon landscape'>\n\t\t\t\t<a href='https:\/\/szentes-klauzalgabor.hu\/iskola\/wp-content\/uploads\/2011\/04\/110419_007.jpg'><img loading=\"lazy\" decoding=\"async\" width=\"150\" height=\"150\" src=\"https:\/\/szentes-klauzalgabor.hu\/iskola\/wp-content\/uploads\/2011\/04\/110419_007-150x150.jpg\" class=\"attachment-thumbnail size-thumbnail\" alt=\"\" \/><\/a>\n\t\t\t<\/dt><\/dl><dl class='gallery-item'>\n\t\t\t<dt class='gallery-icon landscape'>\n\t\t\t\t<a href='https:\/\/szentes-klauzalgabor.hu\/iskola\/wp-content\/uploads\/2011\/04\/110419_008.jpg'><img loading=\"lazy\" decoding=\"async\" width=\"150\" height=\"150\" src=\"https:\/\/szentes-klauzalgabor.hu\/iskola\/wp-content\/uploads\/2011\/04\/110419_008-150x150.jpg\" class=\"attachment-thumbnail size-thumbnail\" alt=\"\" \/><\/a>\n\t\t\t<\/dt><\/dl><br style=\"clear: both\" \/><dl class='gallery-item'>\n\t\t\t<dt class='gallery-icon landscape'>\n\t\t\t\t<a href='https:\/\/szentes-klauzalgabor.hu\/iskola\/wp-content\/uploads\/2011\/04\/110419_009.jpg'><img loading=\"lazy\" decoding=\"async\" width=\"150\" height=\"150\" src=\"https:\/\/szentes-klauzalgabor.hu\/iskola\/wp-content\/uploads\/2011\/04\/110419_009-150x150.jpg\" class=\"attachment-thumbnail size-thumbnail\" alt=\"\" \/><\/a>\n\t\t\t<\/dt><\/dl><dl class='gallery-item'>\n\t\t\t<dt class='gallery-icon landscape'>\n\t\t\t\t<a href='https:\/\/szentes-klauzalgabor.hu\/iskola\/wp-content\/uploads\/2011\/04\/110419_010.jpg'><img loading=\"lazy\" decoding=\"async\" width=\"150\" height=\"150\" src=\"https:\/\/szentes-klauzalgabor.hu\/iskola\/wp-content\/uploads\/2011\/04\/110419_010-150x150.jpg\" class=\"attachment-thumbnail size-thumbnail\" alt=\"\" \/><\/a>\n\t\t\t<\/dt><\/dl><dl class='gallery-item'>\n\t\t\t<dt class='gallery-icon landscape'>\n\t\t\t\t<a href='https:\/\/szentes-klauzalgabor.hu\/iskola\/wp-content\/uploads\/2011\/04\/110419_011.jpg'><img loading=\"lazy\" decoding=\"async\" width=\"150\" height=\"150\" src=\"https:\/\/szentes-klauzalgabor.hu\/iskola\/wp-content\/uploads\/2011\/04\/110419_011-150x150.jpg\" class=\"attachment-thumbnail size-thumbnail\" alt=\"\" \/><\/a>\n\t\t\t<\/dt><\/dl><dl class='gallery-item'>\n\t\t\t<dt class='gallery-icon landscape'>\n\t\t\t\t<a href='https:\/\/szentes-klauzalgabor.hu\/iskola\/wp-content\/uploads\/2011\/04\/110419_012.jpg'><img loading=\"lazy\" decoding=\"async\" width=\"150\" height=\"150\" src=\"https:\/\/szentes-klauzalgabor.hu\/iskola\/wp-content\/uploads\/2011\/04\/110419_012-150x150.jpg\" class=\"attachment-thumbnail size-thumbnail\" alt=\"\" \/><\/a>\n\t\t\t<\/dt><\/dl><br style=\"clear: both\" \/><dl class='gallery-item'>\n\t\t\t<dt class='gallery-icon landscape'>\n\t\t\t\t<a href='https:\/\/szentes-klauzalgabor.hu\/iskola\/wp-content\/uploads\/2011\/04\/110419_013.jpg'><img loading=\"lazy\" decoding=\"async\" width=\"150\" height=\"150\" src=\"https:\/\/szentes-klauzalgabor.hu\/iskola\/wp-content\/uploads\/2011\/04\/110419_013-150x150.jpg\" class=\"attachment-thumbnail size-thumbnail\" alt=\"\" \/><\/a>\n\t\t\t<\/dt><\/dl><dl class='gallery-item'>\n\t\t\t<dt class='gallery-icon landscape'>\n\t\t\t\t<a href='https:\/\/szentes-klauzalgabor.hu\/iskola\/wp-content\/uploads\/2011\/04\/110419_014.jpg'><img loading=\"lazy\" decoding=\"async\" width=\"150\" height=\"150\" src=\"https:\/\/szentes-klauzalgabor.hu\/iskola\/wp-content\/uploads\/2011\/04\/110419_014-150x150.jpg\" class=\"attachment-thumbnail size-thumbnail\" alt=\"\" \/><\/a>\n\t\t\t<\/dt><\/dl><dl class='gallery-item'>\n\t\t\t<dt class='gallery-icon landscape'>\n\t\t\t\t<a href='https:\/\/szentes-klauzalgabor.hu\/iskola\/wp-content\/uploads\/2011\/04\/110419_015.jpg'><img loading=\"lazy\" decoding=\"async\" width=\"150\" height=\"150\" src=\"https:\/\/szentes-klauzalgabor.hu\/iskola\/wp-content\/uploads\/2011\/04\/110419_015-150x150.jpg\" class=\"attachment-thumbnail size-thumbnail\" alt=\"\" \/><\/a>\n\t\t\t<\/dt><\/dl><dl class='gallery-item'>\n\t\t\t<dt class='gallery-icon landscape'>\n\t\t\t\t<a href='https:\/\/szentes-klauzalgabor.hu\/iskola\/wp-content\/uploads\/2011\/04\/110419_016.jpg'><img loading=\"lazy\" decoding=\"async\" width=\"150\" height=\"150\" src=\"https:\/\/szentes-klauzalgabor.hu\/iskola\/wp-content\/uploads\/2011\/04\/110419_016-150x150.jpg\" class=\"attachment-thumbnail size-thumbnail\" alt=\"\" \/><\/a>\n\t\t\t<\/dt><\/dl><br style=\"clear: both\" \/><dl class='gallery-item'>\n\t\t\t<dt class='gallery-icon landscape'>\n\t\t\t\t<a href='https:\/\/szentes-klauzalgabor.hu\/iskola\/wp-content\/uploads\/2011\/04\/110419_017.jpg'><img loading=\"lazy\" decoding=\"async\" width=\"150\" height=\"150\" src=\"https:\/\/szentes-klauzalgabor.hu\/iskola\/wp-content\/uploads\/2011\/04\/110419_017-150x150.jpg\" class=\"attachment-thumbnail size-thumbnail\" alt=\"\" \/><\/a>\n\t\t\t<\/dt><\/dl><dl class='gallery-item'>\n\t\t\t<dt class='gallery-icon landscape'>\n\t\t\t\t<a href='https:\/\/szentes-klauzalgabor.hu\/iskola\/wp-content\/uploads\/2011\/04\/110419_018.jpg'><img loading=\"lazy\" decoding=\"async\" width=\"150\" height=\"150\" src=\"https:\/\/szentes-klauzalgabor.hu\/iskola\/wp-content\/uploads\/2011\/04\/110419_018-150x150.jpg\" class=\"attachment-thumbnail size-thumbnail\" alt=\"\" \/><\/a>\n\t\t\t<\/dt><\/dl><dl class='gallery-item'>\n\t\t\t<dt class='gallery-icon landscape'>\n\t\t\t\t<a href='https:\/\/szentes-klauzalgabor.hu\/iskola\/wp-content\/uploads\/2011\/04\/110419_019.jpg'><img loading=\"lazy\" decoding=\"async\" width=\"150\" height=\"150\" src=\"https:\/\/szentes-klauzalgabor.hu\/iskola\/wp-content\/uploads\/2011\/04\/110419_019-150x150.jpg\" class=\"attachment-thumbnail size-thumbnail\" alt=\"\" \/><\/a>\n\t\t\t<\/dt><\/dl><dl class='gallery-item'>\n\t\t\t<dt class='gallery-icon landscape'>\n\t\t\t\t<a href='https:\/\/szentes-klauzalgabor.hu\/iskola\/wp-content\/uploads\/2011\/04\/110419_020.jpg'><img loading=\"lazy\" decoding=\"async\" width=\"150\" height=\"150\" src=\"https:\/\/szentes-klauzalgabor.hu\/iskola\/wp-content\/uploads\/2011\/04\/110419_020-150x150.jpg\" class=\"attachment-thumbnail size-thumbnail\" alt=\"\" \/><\/a>\n\t\t\t<\/dt><\/dl><br style=\"clear: both\" \/><dl class='gallery-item'>\n\t\t\t<dt class='gallery-icon landscape'>\n\t\t\t\t<a href='https:\/\/szentes-klauzalgabor.hu\/iskola\/wp-content\/uploads\/2011\/04\/110419_021.jpg'><img loading=\"lazy\" decoding=\"async\" width=\"150\" height=\"150\" src=\"https:\/\/szentes-klauzalgabor.hu\/iskola\/wp-content\/uploads\/2011\/04\/110419_021-150x150.jpg\" class=\"attachment-thumbnail size-thumbnail\" alt=\"\" \/><\/a>\n\t\t\t<\/dt><\/dl><dl class='gallery-item'>\n\t\t\t<dt class='gallery-icon landscape'>\n\t\t\t\t<a href='https:\/\/szentes-klauzalgabor.hu\/iskola\/wp-content\/uploads\/2011\/04\/110419_022.jpg'><img loading=\"lazy\" decoding=\"async\" width=\"150\" height=\"150\" src=\"https:\/\/szentes-klauzalgabor.hu\/iskola\/wp-content\/uploads\/2011\/04\/110419_022-150x150.jpg\" class=\"attachment-thumbnail size-thumbnail\" alt=\"\" \/><\/a>\n\t\t\t<\/dt><\/dl><dl class='gallery-item'>\n\t\t\t<dt class='gallery-icon landscape'>\n\t\t\t\t<a href='https:\/\/szentes-klauzalgabor.hu\/iskola\/wp-content\/uploads\/2011\/04\/110419_023.jpg'><img loading=\"lazy\" decoding=\"async\" width=\"150\" height=\"150\" src=\"https:\/\/szentes-klauzalgabor.hu\/iskola\/wp-content\/uploads\/2011\/04\/110419_023-150x150.jpg\" class=\"attachment-thumbnail size-thumbnail\" alt=\"\" \/><\/a>\n\t\t\t<\/dt><\/dl><dl class='gallery-item'>\n\t\t\t<dt class='gallery-icon landscape'>\n\t\t\t\t<a href='https:\/\/szentes-klauzalgabor.hu\/iskola\/wp-content\/uploads\/2011\/04\/110419_024.jpg'><img loading=\"lazy\" decoding=\"async\" width=\"150\" height=\"150\" src=\"https:\/\/szentes-klauzalgabor.hu\/iskola\/wp-content\/uploads\/2011\/04\/110419_024-150x150.jpg\" class=\"attachment-thumbnail size-thumbnail\" alt=\"\" \/><\/a>\n\t\t\t<\/dt><\/dl><br style=\"clear: both\" \/><dl class='gallery-item'>\n\t\t\t<dt class='gallery-icon landscape'>\n\t\t\t\t<a href='https:\/\/szentes-klauzalgabor.hu\/iskola\/wp-content\/uploads\/2011\/04\/110419_025.jpg'><img loading=\"lazy\" decoding=\"async\" width=\"150\" height=\"150\" src=\"https:\/\/szentes-klauzalgabor.hu\/iskola\/wp-content\/uploads\/2011\/04\/110419_025-150x150.jpg\" class=\"attachment-thumbnail size-thumbnail\" alt=\"\" \/><\/a>\n\t\t\t<\/dt><\/dl><dl class='gallery-item'>\n\t\t\t<dt class='gallery-icon landscape'>\n\t\t\t\t<a href='https:\/\/szentes-klauzalgabor.hu\/iskola\/wp-content\/uploads\/2011\/04\/110419_026.jpg'><img loading=\"lazy\" decoding=\"async\" width=\"150\" height=\"150\" src=\"https:\/\/szentes-klauzalgabor.hu\/iskola\/wp-content\/uploads\/2011\/04\/110419_026-150x150.jpg\" class=\"attachment-thumbnail size-thumbnail\" alt=\"\" \/><\/a>\n\t\t\t<\/dt><\/dl><dl class='gallery-item'>\n\t\t\t<dt class='gallery-icon landscape'>\n\t\t\t\t<a href='https:\/\/szentes-klauzalgabor.hu\/iskola\/wp-content\/uploads\/2011\/04\/110419_027.jpg'><img loading=\"lazy\" decoding=\"async\" width=\"150\" height=\"150\" src=\"https:\/\/szentes-klauzalgabor.hu\/iskola\/wp-content\/uploads\/2011\/04\/110419_027-150x150.jpg\" class=\"attachment-thumbnail size-thumbnail\" alt=\"\" \/><\/a>\n\t\t\t<\/dt><\/dl><dl class='gallery-item'>\n\t\t\t<dt class='gallery-icon landscape'>\n\t\t\t\t<a href='https:\/\/szentes-klauzalgabor.hu\/iskola\/wp-content\/uploads\/2011\/04\/110419_028.jpg'><img loading=\"lazy\" decoding=\"async\" width=\"150\" height=\"150\" src=\"https:\/\/szentes-klauzalgabor.hu\/iskola\/wp-content\/uploads\/2011\/04\/110419_028-150x150.jpg\" class=\"attachment-thumbnail size-thumbnail\" alt=\"\" \/><\/a>\n\t\t\t<\/dt><\/dl><br style=\"clear: both\" \/><dl class='gallery-item'>\n\t\t\t<dt class='gallery-icon landscape'>\n\t\t\t\t<a href='https:\/\/szentes-klauzalgabor.hu\/iskola\/wp-content\/uploads\/2011\/04\/110419_029.jpg'><img loading=\"lazy\" decoding=\"async\" width=\"150\" height=\"150\" src=\"https:\/\/szentes-klauzalgabor.hu\/iskola\/wp-content\/uploads\/2011\/04\/110419_029-150x150.jpg\" class=\"attachment-thumbnail size-thumbnail\" alt=\"\" \/><\/a>\n\t\t\t<\/dt><\/dl><dl class='gallery-item'>\n\t\t\t<dt class='gallery-icon landscape'>\n\t\t\t\t<a href='https:\/\/szentes-klauzalgabor.hu\/iskola\/wp-content\/uploads\/2011\/04\/110419_030.jpg'><img loading=\"lazy\" decoding=\"async\" width=\"150\" height=\"150\" src=\"https:\/\/szentes-klauzalgabor.hu\/iskola\/wp-content\/uploads\/2011\/04\/110419_030-150x150.jpg\" class=\"attachment-thumbnail size-thumbnail\" alt=\"\" \/><\/a>\n\t\t\t<\/dt><\/dl><dl class='gallery-item'>\n\t\t\t<dt class='gallery-icon landscape'>\n\t\t\t\t<a href='https:\/\/szentes-klauzalgabor.hu\/iskola\/wp-content\/uploads\/2011\/04\/110419_031.jpg'><img loading=\"lazy\" decoding=\"async\" width=\"150\" height=\"150\" src=\"https:\/\/szentes-klauzalgabor.hu\/iskola\/wp-content\/uploads\/2011\/04\/110419_031-150x150.jpg\" class=\"attachment-thumbnail size-thumbnail\" alt=\"\" \/><\/a>\n\t\t\t<\/dt><\/dl><dl class='gallery-item'>\n\t\t\t<dt class='gallery-icon landscape'>\n\t\t\t\t<a href='https:\/\/szentes-klauzalgabor.hu\/iskola\/wp-content\/uploads\/2011\/04\/110419_032.jpg'><img loading=\"lazy\" decoding=\"async\" width=\"150\" height=\"150\" src=\"https:\/\/szentes-klauzalgabor.hu\/iskola\/wp-content\/uploads\/2011\/04\/110419_032-150x150.jpg\" class=\"attachment-thumbnail size-thumbnail\" alt=\"\" \/><\/a>\n\t\t\t<\/dt><\/dl><br style=\"clear: both\" \/><dl class='gallery-item'>\n\t\t\t<dt class='gallery-icon landscape'>\n\t\t\t\t<a href='https:\/\/szentes-klauzalgabor.hu\/iskola\/wp-content\/uploads\/2011\/04\/110419_033.jpg'><img loading=\"lazy\" decoding=\"async\" width=\"150\" height=\"150\" src=\"https:\/\/szentes-klauzalgabor.hu\/iskola\/wp-content\/uploads\/2011\/04\/110419_033-150x150.jpg\" class=\"attachment-thumbnail size-thumbnail\" alt=\"\" \/><\/a>\n\t\t\t<\/dt><\/dl><dl class='gallery-item'>\n\t\t\t<dt class='gallery-icon landscape'>\n\t\t\t\t<a href='https:\/\/szentes-klauzalgabor.hu\/iskola\/wp-content\/uploads\/2011\/04\/110419_034.jpg'><img loading=\"lazy\" decoding=\"async\" width=\"150\" height=\"150\" src=\"https:\/\/szentes-klauzalgabor.hu\/iskola\/wp-content\/uploads\/2011\/04\/110419_034-150x150.jpg\" class=\"attachment-thumbnail size-thumbnail\" alt=\"\" \/><\/a>\n\t\t\t<\/dt><\/dl><dl class='gallery-item'>\n\t\t\t<dt class='gallery-icon portrait'>\n\t\t\t\t<a href='https:\/\/szentes-klauzalgabor.hu\/iskola\/wp-content\/uploads\/2011\/04\/110419_035.jpg'><img loading=\"lazy\" decoding=\"async\" width=\"150\" height=\"150\" src=\"https:\/\/szentes-klauzalgabor.hu\/iskola\/wp-content\/uploads\/2011\/04\/110419_035-150x150.jpg\" class=\"attachment-thumbnail size-thumbnail\" alt=\"\" \/><\/a>\n\t\t\t<\/dt><\/dl>\n\t\t\t<br style='clear: both' \/>\n\t\t<\/div>\n\n","protected":false},"excerpt":{"rendered":"<p>2011.04.19-\u00e9n iskol\u00e1nkban v\u00e1rosi fizikaversenyt rendezt\u00fcnk, imm\u00e1ron 2. alkalommal. Nagy \u00f6r\u00f6m\u00fcnkre a versenyen az \u00f6sszes szentesi iskola k\u00e9pviseltette mag\u00e1t, 25 (7-8. oszt\u00e1lyos) tanul\u00f3 vett r\u00e9szt a vet\u00e9lked\u0151n. A lebonyol\u00edt\u00e1s rendhagy\u00f3 volt, ugyanis a r\u00e9sztvev\u0151 di\u00e1koknak egy szavaz\u00f3 rendszer seg\u00edts\u00e9g\u00e9vel kellett a teszt jelleg\u0171 k\u00e9rd\u00e9sekre a v\u00e1laszt megadni, majd az \u00e9rt\u00e9kel\u00e9st a sz\u00e1m\u00edt\u00f3g\u00e9p v\u00e9gezte el. Ebb\u0151l a [&hellip;]<\/p>\n","protected":false},"author":1,"featured_media":0,"parent":104,"menu_order":0,"comment_status":"closed","ping_status":"closed","template":"","meta":{"_et_pb_use_builder":"","_et_pb_old_content":"","_et_gb_content_width":"","footnotes":""},"class_list":["post-2033","page","type-page","status-publish","hentry"],"_links":{"self":[{"href":"https:\/\/szentes-klauzalgabor.hu\/iskola\/wp-json\/wp\/v2\/pages\/2033","targetHints":{"allow":["GET"]}}],"collection":[{"href":"https:\/\/szentes-klauzalgabor.hu\/iskola\/wp-json\/wp\/v2\/pages"}],"about":[{"href":"https:\/\/szentes-klauzalgabor.hu\/iskola\/wp-json\/wp\/v2\/types\/page"}],"author":[{"embeddable":true,"href":"https:\/\/szentes-klauzalgabor.hu\/iskola\/wp-json\/wp\/v2\/users\/1"}],"replies":[{"embeddable":true,"href":"https:\/\/szentes-klauzalgabor.hu\/iskola\/wp-json\/wp\/v2\/comments?post=2033"}],"version-history":[{"count":6,"href":"https:\/\/szentes-klauzalgabor.hu\/iskola\/wp-json\/wp\/v2\/pages\/2033\/revisions"}],"predecessor-version":[{"id":2070,"href":"https:\/\/szentes-klauzalgabor.hu\/iskola\/wp-json\/wp\/v2\/pages\/2033\/revisions\/2070"}],"up":[{"embeddable":true,"href":"https:\/\/szentes-klauzalgabor.hu\/iskola\/wp-json\/wp\/v2\/pages\/104"}],"wp:attachment":[{"href":"https:\/\/szentes-klauzalgabor.hu\/iskola\/wp-json\/wp\/v2\/media?parent=2033"}],"curies":[{"name":"wp","href":"https:\/\/api.w.org\/{rel}","templated":true}]}}