{"id":23956,"date":"2019-04-10T11:00:56","date_gmt":"2019-04-10T10:00:56","guid":{"rendered":"https:\/\/szentes-klauzalgabor.hu\/iskola\/?page_id=23956"},"modified":"2025-05-14T09:36:23","modified_gmt":"2025-05-14T08:36:23","slug":"etkezes","status":"publish","type":"page","link":"https:\/\/szentes-klauzalgabor.hu\/iskola\/etkezes","title":{"rendered":"\u00c9tkez\u00e9s"},"content":{"rendered":"<p>[et_pb_section fb_built=&#8221;1&#8243; _builder_version=&#8221;4.27.4&#8243; background_color=&#8221;#fff6d3&#8243; global_colors_info=&#8221;{}&#8221; custom_padding=&#8221;4px|||||&#8221;][et_pb_row _builder_version=&#8221;4.27.4&#8243; _module_preset=&#8221;default&#8221; global_colors_info=&#8221;{}&#8221;][et_pb_column type=&#8221;4_4&#8243; _builder_version=&#8221;4.27.4&#8243; _module_preset=&#8221;default&#8221; global_colors_info=&#8221;{}&#8221;][et_pb_text _builder_version=&#8221;4.27.4&#8243; _module_preset=&#8221;default&#8221; global_colors_info=&#8221;{}&#8221;]<\/p>\n<h1 style=\"text-align: center;\">\u00c9tkez\u00e9s<\/h1>\n<p>[\/et_pb_text][\/et_pb_column][\/et_pb_row][et_pb_row _builder_version=&#8221;4.16&#8243; background_size=&#8221;initial&#8221; background_position=&#8221;top_left&#8221; background_repeat=&#8221;repeat&#8221; global_colors_info=&#8221;{}&#8221;][et_pb_column type=&#8221;4_4&#8243; _builder_version=&#8221;4.16&#8243; custom_padding=&#8221;|||&#8221; global_colors_info=&#8221;{}&#8221; custom_padding__hover=&#8221;|||&#8221;][et_pb_text _builder_version=&#8221;4.16&#8243; background_size=&#8221;initial&#8221; background_position=&#8221;top_left&#8221; background_repeat=&#8221;repeat&#8221; global_colors_info=&#8221;{}&#8221;]<\/p>\n<p><span style=\"text-decoration: underline; font-size: 18pt;\">Aktu\u00e1lis \u00e9tlap:<\/span><a href=\"http:\/\/www.szvszkft.hu\/konyha\/etlapok\/aktualis\/altalanos_iskola_482.pdf\"><br \/>http:\/\/www.szvszkft.hu\/konyha\/etlapok\/aktualis\/altalanos_iskola_482.pdf<br \/><\/a><\/p>\n<p>&nbsp;<\/p>\n<p>&nbsp;<\/p>\n<p><span style=\"text-decoration: underline; font-size: 18pt;\">K\u00f6vetkez\u0151 heti \u00e9tlap:<\/span><br \/><a href=\"http:\/\/www.szvszkft.hu\/konyha\/etlapok\/kovetkezo_heti\/altalanos_iskola_482.pdf\">http:\/\/www.szvszkft.hu\/konyha\/etlapok\/kovetkezo_heti\/altalanos_iskola_482.pdf<\/a><\/p>\n<p>&nbsp;<\/p>\n<p>&nbsp;<\/p>\n<p>&nbsp;<\/p>\n<p><span style=\"font-size: 18pt;\">\u00c9tkez\u00e9ssel kapcsolatos inform\u00e1ci\u00f3k:<br \/><a href=\"http:\/\/szigsz.hu\/home.html\">http:\/\/szigsz.hu\/home.html<\/a><br \/><\/span><\/p>\n<p>[\/et_pb_text][\/et_pb_column][\/et_pb_row][\/et_pb_section]<\/p>\n","protected":false},"excerpt":{"rendered":"<p>\u00c9tkez\u00e9sAktu\u00e1lis \u00e9tlap:http:\/\/www.szvszkft.hu\/konyha\/etlapok\/aktualis\/altalanos_iskola_482.pdf &nbsp; &nbsp; K\u00f6vetkez\u0151 heti \u00e9tlap:http:\/\/www.szvszkft.hu\/konyha\/etlapok\/kovetkezo_heti\/altalanos_iskola_482.pdf &nbsp; &nbsp; &nbsp; \u00c9tkez\u00e9ssel kapcsolatos inform\u00e1ci\u00f3k:http:\/\/szigsz.hu\/home.html<\/p>\n","protected":false},"author":1,"featured_media":0,"parent":0,"menu_order":0,"comment_status":"closed","ping_status":"closed","template":"","meta":{"_et_pb_use_builder":"on","_et_pb_old_content":"<span style=\"text-decoration: underline; font-size: 18pt;\">Aktu\u00e1lis \u00e9tlap:<\/span><a href=\"http:\/\/www.szvszkft.hu\/konyha\/etlapok\/aktualis\/altalanos_iskola_482.pdf\">\r\nhttp:\/\/www.szvszkft.hu\/konyha\/etlapok\/aktualis\/altalanos_iskola_482.pdf\r\n<\/a>\r\n\r\n&nbsp;\r\n\r\n&nbsp;\r\n\r\n<span style=\"text-decoration: underline; font-size: 18pt;\">K\u00f6vetkez\u0151 heti \u00e9tlap:<\/span>\r\n<a href=\"http:\/\/www.szvszkft.hu\/konyha\/etlapok\/kovetkezo_heti\/altalanos_iskola_482.pdf\">http:\/\/www.szvszkft.hu\/konyha\/etlapok\/kovetkezo_heti\/altalanos_iskola_482.pdf<\/a>\r\n\r\n&nbsp;\r\n\r\n<span style=\"font-size: 18pt;\">\u00c9tkez\u00e9ssel kapcsolatos inform\u00e1ci\u00f3k:\r\n<a href=\"http:\/\/szigsz.hu\/home.html\">http:\/\/szigsz.hu\/home.html<\/a>\r\n<\/span>","_et_gb_content_width":"","footnotes":""},"class_list":["post-23956","page","type-page","status-publish","hentry"],"_links":{"self":[{"href":"https:\/\/szentes-klauzalgabor.hu\/iskola\/wp-json\/wp\/v2\/pages\/23956","targetHints":{"allow":["GET"]}}],"collection":[{"href":"https:\/\/szentes-klauzalgabor.hu\/iskola\/wp-json\/wp\/v2\/pages"}],"about":[{"href":"https:\/\/szentes-klauzalgabor.hu\/iskola\/wp-json\/wp\/v2\/types\/page"}],"author":[{"embeddable":true,"href":"https:\/\/szentes-klauzalgabor.hu\/iskola\/wp-json\/wp\/v2\/users\/1"}],"replies":[{"embeddable":true,"href":"https:\/\/szentes-klauzalgabor.hu\/iskola\/wp-json\/wp\/v2\/comments?post=23956"}],"version-history":[{"count":12,"href":"https:\/\/szentes-klauzalgabor.hu\/iskola\/wp-json\/wp\/v2\/pages\/23956\/revisions"}],"predecessor-version":[{"id":26780,"href":"https:\/\/szentes-klauzalgabor.hu\/iskola\/wp-json\/wp\/v2\/pages\/23956\/revisions\/26780"}],"wp:attachment":[{"href":"https:\/\/szentes-klauzalgabor.hu\/iskola\/wp-json\/wp\/v2\/media?parent=23956"}],"curies":[{"name":"wp","href":"https:\/\/api.w.org\/{rel}","templated":true}]}}