{"id":26536,"date":"2025-04-04T08:34:48","date_gmt":"2025-04-04T07:34:48","guid":{"rendered":"https:\/\/szentes-klauzalgabor.hu\/iskola\/?page_id=26536"},"modified":"2025-04-04T08:35:40","modified_gmt":"2025-04-04T07:35:40","slug":"26536-2","status":"publish","type":"page","link":"https:\/\/szentes-klauzalgabor.hu\/iskola\/beiratkozas-2025-2026\/26536-2","title":{"rendered":"B\u00c1I Sz\u00fcl\u0151i t\u00e1j\u00e9koztat\u00f3 2025"},"content":{"rendered":"<p><a href=\"https:\/\/szentes-klauzalgabor.hu\/iskola\/wp-content\/uploads\/2025\/04\/BAI_Szuloi-tajekoztato_2025a.pdf\">B\u00c1I_Sz\u00fcl\u0151i t\u00e1j\u00e9koztat\u00f3_2025a<\/a><\/p>\n","protected":false},"excerpt":{"rendered":"<p>B\u00c1I_Sz\u00fcl\u0151i t\u00e1j\u00e9koztat\u00f3_2025a<\/p>\n","protected":false},"author":1,"featured_media":0,"parent":26534,"menu_order":0,"comment_status":"closed","ping_status":"closed","template":"","meta":{"_et_pb_use_builder":"","_et_pb_old_content":"","_et_gb_content_width":"","footnotes":""},"class_list":["post-26536","page","type-page","status-publish","hentry"],"_links":{"self":[{"href":"https:\/\/szentes-klauzalgabor.hu\/iskola\/wp-json\/wp\/v2\/pages\/26536","targetHints":{"allow":["GET"]}}],"collection":[{"href":"https:\/\/szentes-klauzalgabor.hu\/iskola\/wp-json\/wp\/v2\/pages"}],"about":[{"href":"https:\/\/szentes-klauzalgabor.hu\/iskola\/wp-json\/wp\/v2\/types\/page"}],"author":[{"embeddable":true,"href":"https:\/\/szentes-klauzalgabor.hu\/iskola\/wp-json\/wp\/v2\/users\/1"}],"replies":[{"embeddable":true,"href":"https:\/\/szentes-klauzalgabor.hu\/iskola\/wp-json\/wp\/v2\/comments?post=26536"}],"version-history":[{"count":2,"href":"https:\/\/szentes-klauzalgabor.hu\/iskola\/wp-json\/wp\/v2\/pages\/26536\/revisions"}],"predecessor-version":[{"id":26539,"href":"https:\/\/szentes-klauzalgabor.hu\/iskola\/wp-json\/wp\/v2\/pages\/26536\/revisions\/26539"}],"up":[{"embeddable":true,"href":"https:\/\/szentes-klauzalgabor.hu\/iskola\/wp-json\/wp\/v2\/pages\/26534"}],"wp:attachment":[{"href":"https:\/\/szentes-klauzalgabor.hu\/iskola\/wp-json\/wp\/v2\/media?parent=26536"}],"curies":[{"name":"wp","href":"https:\/\/api.w.org\/{rel}","templated":true}]}}