{"id":27094,"date":"2026-03-02T09:33:38","date_gmt":"2026-03-02T08:33:38","guid":{"rendered":"https:\/\/szentes-klauzalgabor.hu\/iskola\/?page_id=27094"},"modified":"2026-03-02T09:38:11","modified_gmt":"2026-03-02T08:38:11","slug":"elerhetosegek-2","status":"publish","type":"page","link":"https:\/\/szentes-klauzalgabor.hu\/iskola\/elerhetosegek-2","title":{"rendered":"El\u00e9rhet\u0151s\u00e9gek"},"content":{"rendered":"<p>[et_pb_section fb_built=&#8221;1&#8243; admin_label=&#8221;section&#8221; _builder_version=&#8221;4.16&#8243; global_colors_info=&#8221;{}&#8221;][et_pb_row admin_label=&#8221;row&#8221; _builder_version=&#8221;4.16&#8243; background_size=&#8221;initial&#8221; background_position=&#8221;top_left&#8221; background_repeat=&#8221;repeat&#8221; global_colors_info=&#8221;{}&#8221;][et_pb_column type=&#8221;4_4&#8243; _builder_version=&#8221;4.16&#8243; custom_padding=&#8221;|||&#8221; global_colors_info=&#8221;{}&#8221; custom_padding__hover=&#8221;|||&#8221;][et_pb_text _builder_version=&#8221;4.27.4&#8243; _module_preset=&#8221;default&#8221; hover_enabled=&#8221;0&#8243; sticky_enabled=&#8221;0&#8243;]<\/p>\n<p>Az iskola e-mail c\u00edme:<br \/><a href=\"mailto:iskola@szentes-klauzalgabor.hu\">iskola@szentes-klauzalgabor.hu<\/a><\/p>\n<p>Igazgat\u00f3 \u00far e-mail c\u00edme:<br \/><a href=\"mailto:igazgato@szentes-klauzalgabor.hu\">igazgato@szentes-klauzalgabor.hu<\/a><\/p>\n<p>Az igazgat\u00f3helyettesek e-mail c\u00edme:<br \/><a href=\"mailto:ighelyettes@szentes-klauzalgabor.hu\">ighelyettes@szentes-klauzalgabor.hu<\/a><\/p>\n<p>A titk\u00e1rs\u00e1g e-mail c\u00edme:<br \/><a href=\"mailto:titkarsag@szentes-klauzalgabor.hu\">titkarsag@szentes-klauzalgabor.hu<\/a><\/p>\n<p>&nbsp;<\/p>\n<p>[\/et_pb_text][\/et_pb_column][\/et_pb_row][\/et_pb_section]<\/p>\n","protected":false},"excerpt":{"rendered":"<p>Az iskola e-mail c\u00edme:iskola@szentes-klauzalgabor.hu Igazgat\u00f3 \u00far e-mail c\u00edme:igazgato@szentes-klauzalgabor.hu Az igazgat\u00f3helyettesek e-mail c\u00edme:ighelyettes@szentes-klauzalgabor.hu A titk\u00e1rs\u00e1g e-mail c\u00edme:titkarsag@szentes-klauzalgabor.hu &nbsp;<\/p>\n","protected":false},"author":1,"featured_media":0,"parent":0,"menu_order":0,"comment_status":"closed","ping_status":"closed","template":"","meta":{"_et_pb_use_builder":"on","_et_pb_old_content":"<div>Az iskola e-mail c\u00edme:\u00a0<a href=\"mailto:iskola@szentes-klauzalgabor.hu\" target=\"_blank\" rel=\"noopener\">iskola@szentes-klauzalgabor.hu<\/a><wbr \/><\/div>\r\n<div>Igazgat\u00f3 \u00far e-mail c\u00edme:\u00a0<a href=\"mailto:igazgato@szentes-klauzalgabor.hu\" target=\"_blank\" rel=\"noopener\">igazgato@szentes-klauzalgabor.<wbr \/>hu<\/a><\/div>\r\n<div>Az igazgat\u00f3helyettesek e-mail c\u00edme:\u00a0<a href=\"mailto:ighelyettes@szentes-klauzalgabor.hu\" target=\"_blank\" rel=\"noopener\">ighelyettes@szentes-<wbr \/>klauzalgabor.hu<\/a><\/div>\r\n<div>A titk\u00e1rs\u00e1g e-mail c\u00edme:\u00a0<a href=\"mailto:titkarsag@szentes-klauzalgabor.hu\" target=\"_blank\" rel=\"noopener\">titkarsag@szentes-<wbr \/>klauzalgabor.hu<\/a><\/div>","_et_gb_content_width":"","footnotes":""},"class_list":["post-27094","page","type-page","status-publish","hentry"],"_links":{"self":[{"href":"https:\/\/szentes-klauzalgabor.hu\/iskola\/wp-json\/wp\/v2\/pages\/27094","targetHints":{"allow":["GET"]}}],"collection":[{"href":"https:\/\/szentes-klauzalgabor.hu\/iskola\/wp-json\/wp\/v2\/pages"}],"about":[{"href":"https:\/\/szentes-klauzalgabor.hu\/iskola\/wp-json\/wp\/v2\/types\/page"}],"author":[{"embeddable":true,"href":"https:\/\/szentes-klauzalgabor.hu\/iskola\/wp-json\/wp\/v2\/users\/1"}],"replies":[{"embeddable":true,"href":"https:\/\/szentes-klauzalgabor.hu\/iskola\/wp-json\/wp\/v2\/comments?post=27094"}],"version-history":[{"count":3,"href":"https:\/\/szentes-klauzalgabor.hu\/iskola\/wp-json\/wp\/v2\/pages\/27094\/revisions"}],"predecessor-version":[{"id":27098,"href":"https:\/\/szentes-klauzalgabor.hu\/iskola\/wp-json\/wp\/v2\/pages\/27094\/revisions\/27098"}],"wp:attachment":[{"href":"https:\/\/szentes-klauzalgabor.hu\/iskola\/wp-json\/wp\/v2\/media?parent=27094"}],"curies":[{"name":"wp","href":"https:\/\/api.w.org\/{rel}","templated":true}]}}