{"id":3574,"date":"2012-03-21T08:33:30","date_gmt":"2012-03-21T07:33:30","guid":{"rendered":"https:\/\/szentes-klauzalgabor.hu\/iskola"},"modified":"2012-03-21T08:33:38","modified_gmt":"2012-03-21T07:33:38","slug":"hevesy-kemia-verseny-teruleti-fordulo","status":"publish","type":"page","link":"https:\/\/szentes-klauzalgabor.hu\/iskola\/fotoalbum\/2011-2012-rejtett\/hevesy-kemia-verseny-teruleti-fordulo","title":{"rendered":"Hevesy k\u00e9mia verseny ter\u00fcleti fordul\u00f3"},"content":{"rendered":"<p><em>2012. m\u00e1rcius 12.<\/em><\/p>\n<p>2012. m\u00e1rcius 12-\u00e9n d\u00e9lut\u00e1n az iskol\u00e1nkban rendezt\u00e9k meg a Hevesy k\u00e9mia verseny ter\u00fcleti fordul\u00f3j\u00e1t. Mintegy 37 tanul\u00f3 adott sz\u00e1mot tud\u00e1s\u00e1r\u00f3l Szentes, Mindszent \u00e9s H\u00f3dmez\u0151v\u00e1s\u00e1rhely \u00e1ltal\u00e1nos iskol\u00e1ib\u00f3l.<\/p>\n<p><span style=\"text-decoration: underline;\">7. oszt\u00e1lyosok helyezettei:<\/span><\/p>\n<ul>\n<li><strong>1. hely: Sebesy Csan\u00e1d<\/strong> &#8211; De\u00e1k Ferenc \u00c1ltal\u00e1nos Iskola (felk.: <em>Horv\u00e1th J\u00f3zsefn\u00e9<\/em>)<\/li>\n<li><strong>2. hely: Jenei Zolt\u00e1n<\/strong> &#8211; Kiss B\u00e1lint Reform\u00e1tus \u00c1ltal\u00e1nos Iskola (felk.: <em>Horv\u00e1th J\u00f3zsef<\/em>)<\/li>\n<li><strong>3. hely: P\u00e1li Petra<\/strong> &#8211; Kiss B\u00e1lint Reform\u00e1tus \u00c1ltal\u00e1nos Iskola (felk.: <em>Horv\u00e1th J\u00f3zsef<\/em>)<\/li>\n<\/ul>\n<p><span style=\"text-decoration: underline;\">8. oszt\u00e1lyosok helyezettei:<\/span><\/p>\n<ul>\n<li><strong>1. hely: Veres-Ravai \u00c1kos<\/strong> &#8211; Kiss B\u00e1lint Reform\u00e1tus \u00c1ltal\u00e1nos Iskola (felk.: <em>Horv\u00e1th J\u00f3zsef<\/em>)<\/li>\n<li><strong>2. hely: Halmai Nikolett<\/strong> &#8211; Szent Erzs\u00e9bet Katolikus \u00c1ltal\u00e1nos Iskola \u00e9s \u00d3voda (felk.: <em>Kiss P\u00e9ter<\/em>)<\/li>\n<li><strong>3. hely: Bacsa Tam\u00e1s<\/strong>&#8211; Kiss B\u00e1lint Reform\u00e1tus \u00c1ltal\u00e1nos Iskola (felk.: <em>Horv\u00e1th J\u00f3zsef<\/em>)<\/li>\n<\/ul>\n<p>Szentes \u00e9s t\u00e9rs\u00e9g\u00e9b\u0151l 16 hetedik illetve 6 nyolcadik oszt\u00e1lyos di\u00e1k jutott tov\u00e1bb a m\u00e1rcius 24-ei megyei fordul\u00f3ra.<\/p>\n<p>Gratul\u00e1lunk nekik!<\/p>\n\n\t\t<style type=\"text\/css\">\n\t\t\t#gallery-1 {\n\t\t\t\tmargin: auto;\n\t\t\t}\n\t\t\t#gallery-1 .gallery-item {\n\t\t\t\tfloat: left;\n\t\t\t\tmargin-top: 10px;\n\t\t\t\ttext-align: center;\n\t\t\t\twidth: 25%;\n\t\t\t}\n\t\t\t#gallery-1 img {\n\t\t\t\tborder: 2px solid #cfcfcf;\n\t\t\t}\n\t\t\t#gallery-1 .gallery-caption {\n\t\t\t\tmargin-left: 0;\n\t\t\t}\n\t\t\t\/* see gallery_shortcode() in wp-includes\/media.php *\/\n\t\t<\/style>\n\t\t<div id='gallery-1' class='gallery galleryid-3574 gallery-columns-4 gallery-size-thumbnail'><dl class='gallery-item'>\n\t\t\t<dt class='gallery-icon landscape'>\n\t\t\t\t<a href='https:\/\/szentes-klauzalgabor.hu\/iskola\/wp-content\/uploads\/2012\/03\/120312_001.jpg'><img loading=\"lazy\" decoding=\"async\" width=\"150\" height=\"150\" src=\"https:\/\/szentes-klauzalgabor.hu\/iskola\/wp-content\/uploads\/2012\/03\/120312_001-150x150.jpg\" class=\"attachment-thumbnail size-thumbnail\" alt=\"\" \/><\/a>\n\t\t\t<\/dt><\/dl><dl class='gallery-item'>\n\t\t\t<dt class='gallery-icon landscape'>\n\t\t\t\t<a href='https:\/\/szentes-klauzalgabor.hu\/iskola\/wp-content\/uploads\/2012\/03\/120312_002.jpg'><img loading=\"lazy\" decoding=\"async\" width=\"150\" height=\"150\" src=\"https:\/\/szentes-klauzalgabor.hu\/iskola\/wp-content\/uploads\/2012\/03\/120312_002-150x150.jpg\" class=\"attachment-thumbnail size-thumbnail\" alt=\"\" \/><\/a>\n\t\t\t<\/dt><\/dl><dl class='gallery-item'>\n\t\t\t<dt class='gallery-icon landscape'>\n\t\t\t\t<a href='https:\/\/szentes-klauzalgabor.hu\/iskola\/wp-content\/uploads\/2012\/03\/120312_003.jpg'><img loading=\"lazy\" decoding=\"async\" width=\"150\" height=\"150\" src=\"https:\/\/szentes-klauzalgabor.hu\/iskola\/wp-content\/uploads\/2012\/03\/120312_003-150x150.jpg\" class=\"attachment-thumbnail size-thumbnail\" alt=\"\" \/><\/a>\n\t\t\t<\/dt><\/dl><dl class='gallery-item'>\n\t\t\t<dt class='gallery-icon landscape'>\n\t\t\t\t<a href='https:\/\/szentes-klauzalgabor.hu\/iskola\/wp-content\/uploads\/2012\/03\/120312_004.jpg'><img loading=\"lazy\" decoding=\"async\" width=\"150\" height=\"150\" src=\"https:\/\/szentes-klauzalgabor.hu\/iskola\/wp-content\/uploads\/2012\/03\/120312_004-150x150.jpg\" class=\"attachment-thumbnail size-thumbnail\" alt=\"\" \/><\/a>\n\t\t\t<\/dt><\/dl><br style=\"clear: both\" \/><dl class='gallery-item'>\n\t\t\t<dt class='gallery-icon landscape'>\n\t\t\t\t<a href='https:\/\/szentes-klauzalgabor.hu\/iskola\/wp-content\/uploads\/2012\/03\/120312_005.jpg'><img loading=\"lazy\" decoding=\"async\" width=\"150\" height=\"150\" src=\"https:\/\/szentes-klauzalgabor.hu\/iskola\/wp-content\/uploads\/2012\/03\/120312_005-150x150.jpg\" class=\"attachment-thumbnail size-thumbnail\" alt=\"\" \/><\/a>\n\t\t\t<\/dt><\/dl><dl class='gallery-item'>\n\t\t\t<dt class='gallery-icon landscape'>\n\t\t\t\t<a href='https:\/\/szentes-klauzalgabor.hu\/iskola\/wp-content\/uploads\/2012\/03\/120312_006.jpg'><img loading=\"lazy\" decoding=\"async\" width=\"150\" height=\"150\" src=\"https:\/\/szentes-klauzalgabor.hu\/iskola\/wp-content\/uploads\/2012\/03\/120312_006-150x150.jpg\" class=\"attachment-thumbnail size-thumbnail\" alt=\"\" \/><\/a>\n\t\t\t<\/dt><\/dl><dl class='gallery-item'>\n\t\t\t<dt class='gallery-icon landscape'>\n\t\t\t\t<a href='https:\/\/szentes-klauzalgabor.hu\/iskola\/wp-content\/uploads\/2012\/03\/120312_007.jpg'><img loading=\"lazy\" decoding=\"async\" width=\"150\" height=\"150\" src=\"https:\/\/szentes-klauzalgabor.hu\/iskola\/wp-content\/uploads\/2012\/03\/120312_007-150x150.jpg\" class=\"attachment-thumbnail size-thumbnail\" alt=\"\" \/><\/a>\n\t\t\t<\/dt><\/dl><dl class='gallery-item'>\n\t\t\t<dt class='gallery-icon landscape'>\n\t\t\t\t<a href='https:\/\/szentes-klauzalgabor.hu\/iskola\/wp-content\/uploads\/2012\/03\/120312_008.jpg'><img loading=\"lazy\" decoding=\"async\" width=\"150\" height=\"150\" src=\"https:\/\/szentes-klauzalgabor.hu\/iskola\/wp-content\/uploads\/2012\/03\/120312_008-150x150.jpg\" class=\"attachment-thumbnail size-thumbnail\" alt=\"\" \/><\/a>\n\t\t\t<\/dt><\/dl><br style=\"clear: both\" \/><dl class='gallery-item'>\n\t\t\t<dt class='gallery-icon landscape'>\n\t\t\t\t<a href='https:\/\/szentes-klauzalgabor.hu\/iskola\/wp-content\/uploads\/2012\/03\/120312_009.jpg'><img loading=\"lazy\" decoding=\"async\" width=\"150\" height=\"150\" src=\"https:\/\/szentes-klauzalgabor.hu\/iskola\/wp-content\/uploads\/2012\/03\/120312_009-150x150.jpg\" class=\"attachment-thumbnail size-thumbnail\" alt=\"\" \/><\/a>\n\t\t\t<\/dt><\/dl><dl class='gallery-item'>\n\t\t\t<dt class='gallery-icon landscape'>\n\t\t\t\t<a href='https:\/\/szentes-klauzalgabor.hu\/iskola\/wp-content\/uploads\/2012\/03\/120312_010.jpg'><img loading=\"lazy\" decoding=\"async\" width=\"150\" height=\"150\" src=\"https:\/\/szentes-klauzalgabor.hu\/iskola\/wp-content\/uploads\/2012\/03\/120312_010-150x150.jpg\" class=\"attachment-thumbnail size-thumbnail\" alt=\"\" \/><\/a>\n\t\t\t<\/dt><\/dl>\n\t\t\t<br style='clear: both' \/>\n\t\t<\/div>\n\n","protected":false},"excerpt":{"rendered":"<p>2012. m\u00e1rcius 12. 2012. m\u00e1rcius 12-\u00e9n d\u00e9lut\u00e1n az iskol\u00e1nkban rendezt\u00e9k meg a Hevesy k\u00e9mia verseny ter\u00fcleti fordul\u00f3j\u00e1t. Mintegy 37 tanul\u00f3 adott sz\u00e1mot tud\u00e1s\u00e1r\u00f3l Szentes, Mindszent \u00e9s H\u00f3dmez\u0151v\u00e1s\u00e1rhely \u00e1ltal\u00e1nos iskol\u00e1ib\u00f3l. 7. oszt\u00e1lyosok helyezettei: 1. hely: Sebesy Csan\u00e1d &#8211; De\u00e1k Ferenc \u00c1ltal\u00e1nos Iskola (felk.: Horv\u00e1th J\u00f3zsefn\u00e9) 2. hely: Jenei Zolt\u00e1n &#8211; Kiss B\u00e1lint Reform\u00e1tus \u00c1ltal\u00e1nos Iskola (felk.: [&hellip;]<\/p>\n","protected":false},"author":1,"featured_media":0,"parent":2645,"menu_order":0,"comment_status":"closed","ping_status":"closed","template":"","meta":{"_et_pb_use_builder":"","_et_pb_old_content":"","_et_gb_content_width":"","footnotes":""},"class_list":["post-3574","page","type-page","status-publish","hentry"],"_links":{"self":[{"href":"https:\/\/szentes-klauzalgabor.hu\/iskola\/wp-json\/wp\/v2\/pages\/3574","targetHints":{"allow":["GET"]}}],"collection":[{"href":"https:\/\/szentes-klauzalgabor.hu\/iskola\/wp-json\/wp\/v2\/pages"}],"about":[{"href":"https:\/\/szentes-klauzalgabor.hu\/iskola\/wp-json\/wp\/v2\/types\/page"}],"author":[{"embeddable":true,"href":"https:\/\/szentes-klauzalgabor.hu\/iskola\/wp-json\/wp\/v2\/users\/1"}],"replies":[{"embeddable":true,"href":"https:\/\/szentes-klauzalgabor.hu\/iskola\/wp-json\/wp\/v2\/comments?post=3574"}],"version-history":[{"count":3,"href":"https:\/\/szentes-klauzalgabor.hu\/iskola\/wp-json\/wp\/v2\/pages\/3574\/revisions"}],"predecessor-version":[{"id":3587,"href":"https:\/\/szentes-klauzalgabor.hu\/iskola\/wp-json\/wp\/v2\/pages\/3574\/revisions\/3587"}],"up":[{"embeddable":true,"href":"https:\/\/szentes-klauzalgabor.hu\/iskola\/wp-json\/wp\/v2\/pages\/2645"}],"wp:attachment":[{"href":"https:\/\/szentes-klauzalgabor.hu\/iskola\/wp-json\/wp\/v2\/media?parent=3574"}],"curies":[{"name":"wp","href":"https:\/\/api.w.org\/{rel}","templated":true}]}}