{"id":4275,"date":"2012-04-02T08:47:04","date_gmt":"2012-04-02T07:47:04","guid":{"rendered":"https:\/\/szentes-klauzalgabor.hu\/iskola"},"modified":"2012-04-02T08:48:16","modified_gmt":"2012-04-02T07:48:16","slug":"vesd-bele-magad","status":"publish","type":"page","link":"https:\/\/szentes-klauzalgabor.hu\/iskola\/fotoalbum\/2011-2012-rejtett\/vesd-bele-magad","title":{"rendered":"Vesd bele magad!"},"content":{"rendered":"<p><em>2012. m\u00e1rcius 28.<\/em><\/p>\n<p style=\"text-align: justify;\">A Vid\u00e9kfejleszt\u00e9si Miniszt\u00e9rium t\u00e1mogat\u00e1s\u00e1val 2011-ben indult el a <em>Fiatal Gazd\u00e1k Magyarorsz\u00e1gi Sz\u00f6vets\u00e9g\u00e9nek (AGRYA)<\/em> <strong>Vesd bele magad!<\/strong> programja, mely orsz\u00e1gos mozgalomnak iskol\u00e1nk 6.b oszt\u00e1lya alap\u00edt\u00f3 tagja volt. Ennek keret\u00e9ben a tavalyi 200 f\u0151h\u00f6z k\u00e9pest az id\u00e9n m\u00e1r 2000 kisiskol\u00e1s kapott vet\u0151magot, hogy otthon, a csal\u00e1di kiskertben saj\u00e1t bors\u00f3t, r\u00e9p\u00e1t, c\u00e9kl\u00e1t, hagym\u00e1t \u00e9s karal\u00e1b\u00e9t termesszen.<\/p>\n<p style=\"text-align: justify;\">A c\u00e9l, felh\u00edvni a gyerekek figyelm\u00e9t arra, hogy bizonyos friss \u00e9lelmiszereket, z\u00f6lds\u00e9geket k\u00fcl\u00f6n\u00f6sen nagy anyagi befektet\u00e9s n\u00e9lk\u00fcl lehet termeszteni. \u00cdgy megl\u00e1tj\u00e1k, milyen k\u00fcl\u00f6nbs\u00e9g lehet a saj\u00e1t maguk \u00e1ltal termelt \u00e9s a bolti z\u00f6lds\u00e9gek k\u00f6z\u00f6tt nem csak \u00edzben,hanem felhaszn\u00e1lhat\u00f3s\u00e1gban is.  A programban iskol\u00e1nkb\u00f3l a 3.b, 4.b 6.b \u00e9s 6.d  oszt\u00e1lyok vesznek r\u00e9szt, akik minden h\u00f3napban besz\u00e1molnak kertjeik n\u00f6veked\u00e9s\u00e9r\u0151l, a z\u00f6lds\u00e9gek felhaszn\u00e1l\u00e1s\u00e1r\u00f3l, a mozgalom honlapj\u00e1n: a <a href=\"http:\/\/www.vesdbelemagad.hu\/\" target=\"_blank\">www.vesdbelemagad.hu<\/a> oldalon. Itt fontos ismereteket saj\u00e1t\u00edthatnak el, szakemberek seg\u00edts\u00e9g\u00e9t k\u00e9rhetik, besz\u00e1mol\u00f3kat, fot\u00f3kat k\u00fcldhetnek saj\u00e1t kiskertjeikr\u0151l.<\/p>\n<p style=\"text-align: justify;\">Ezen k\u00edv\u00fcl, m\u00e1rcius 21-\u00e9n az iskolakert\u00fcnket is bevetett\u00fck, melyet ebben az \u00e9vben alak\u00edtottunk ki. A 3.b, 4.b \u00e9s 6.b oszt\u00e1lyok tanul\u00f3i gondozz\u00e1k a suli \u201egyakorl\u00f3kertj\u00e9t\u201d. Munk\u00e1nkat a Bartha J\u00e1nos Kert\u00e9szeti Szakk\u00e9pz\u0151 Iskola k\u00e9t 13. \u00e9ves technikus hallgat\u00f3ja ir\u00e1ny\u00edtja \u00e9s Bak\u00f3 D\u00e1niel gazd\u00e1lkod\u00f3, az AGRYA tagja fel\u00fcgyeli \u00e9s seg\u00edti. M\u00e1r nagyon v\u00e1rjuk, hogy az els\u0151 term\u00e9st leszedhess\u00fck, \u00e9s friss sal\u00e1t\u00e1t k\u00e9sz\u00edthess\u00fcnk bel\u0151le.<\/p>\n\n\t\t<style type=\"text\/css\">\n\t\t\t#gallery-1 {\n\t\t\t\tmargin: auto;\n\t\t\t}\n\t\t\t#gallery-1 .gallery-item {\n\t\t\t\tfloat: left;\n\t\t\t\tmargin-top: 10px;\n\t\t\t\ttext-align: center;\n\t\t\t\twidth: 25%;\n\t\t\t}\n\t\t\t#gallery-1 img {\n\t\t\t\tborder: 2px solid #cfcfcf;\n\t\t\t}\n\t\t\t#gallery-1 .gallery-caption {\n\t\t\t\tmargin-left: 0;\n\t\t\t}\n\t\t\t\/* see gallery_shortcode() in wp-includes\/media.php *\/\n\t\t<\/style>\n\t\t<div id='gallery-1' class='gallery galleryid-4275 gallery-columns-4 gallery-size-thumbnail'><dl class='gallery-item'>\n\t\t\t<dt class='gallery-icon landscape'>\n\t\t\t\t<a href='https:\/\/szentes-klauzalgabor.hu\/iskola\/wp-content\/uploads\/2012\/04\/120328_001.jpg'><img loading=\"lazy\" decoding=\"async\" width=\"150\" height=\"150\" src=\"https:\/\/szentes-klauzalgabor.hu\/iskola\/wp-content\/uploads\/2012\/04\/120328_001-150x150.jpg\" class=\"attachment-thumbnail size-thumbnail\" alt=\"\" \/><\/a>\n\t\t\t<\/dt><\/dl><dl class='gallery-item'>\n\t\t\t<dt class='gallery-icon landscape'>\n\t\t\t\t<a href='https:\/\/szentes-klauzalgabor.hu\/iskola\/wp-content\/uploads\/2012\/04\/120328_002.jpg'><img loading=\"lazy\" decoding=\"async\" width=\"150\" height=\"150\" src=\"https:\/\/szentes-klauzalgabor.hu\/iskola\/wp-content\/uploads\/2012\/04\/120328_002-150x150.jpg\" class=\"attachment-thumbnail size-thumbnail\" alt=\"\" \/><\/a>\n\t\t\t<\/dt><\/dl><dl class='gallery-item'>\n\t\t\t<dt class='gallery-icon landscape'>\n\t\t\t\t<a href='https:\/\/szentes-klauzalgabor.hu\/iskola\/wp-content\/uploads\/2012\/04\/120328_003.jpg'><img loading=\"lazy\" decoding=\"async\" width=\"150\" height=\"150\" src=\"https:\/\/szentes-klauzalgabor.hu\/iskola\/wp-content\/uploads\/2012\/04\/120328_003-150x150.jpg\" class=\"attachment-thumbnail size-thumbnail\" alt=\"\" \/><\/a>\n\t\t\t<\/dt><\/dl><dl class='gallery-item'>\n\t\t\t<dt class='gallery-icon landscape'>\n\t\t\t\t<a href='https:\/\/szentes-klauzalgabor.hu\/iskola\/wp-content\/uploads\/2012\/04\/120328_004.jpg'><img loading=\"lazy\" decoding=\"async\" width=\"150\" height=\"150\" src=\"https:\/\/szentes-klauzalgabor.hu\/iskola\/wp-content\/uploads\/2012\/04\/120328_004-150x150.jpg\" class=\"attachment-thumbnail size-thumbnail\" alt=\"\" \/><\/a>\n\t\t\t<\/dt><\/dl><br style=\"clear: both\" \/><dl class='gallery-item'>\n\t\t\t<dt class='gallery-icon landscape'>\n\t\t\t\t<a href='https:\/\/szentes-klauzalgabor.hu\/iskola\/wp-content\/uploads\/2012\/04\/120328_005.jpg'><img loading=\"lazy\" decoding=\"async\" width=\"150\" height=\"150\" src=\"https:\/\/szentes-klauzalgabor.hu\/iskola\/wp-content\/uploads\/2012\/04\/120328_005-150x150.jpg\" class=\"attachment-thumbnail size-thumbnail\" alt=\"\" \/><\/a>\n\t\t\t<\/dt><\/dl><dl class='gallery-item'>\n\t\t\t<dt class='gallery-icon landscape'>\n\t\t\t\t<a href='https:\/\/szentes-klauzalgabor.hu\/iskola\/wp-content\/uploads\/2012\/04\/120328_006.jpg'><img loading=\"lazy\" decoding=\"async\" width=\"150\" height=\"150\" src=\"https:\/\/szentes-klauzalgabor.hu\/iskola\/wp-content\/uploads\/2012\/04\/120328_006-150x150.jpg\" class=\"attachment-thumbnail size-thumbnail\" alt=\"\" \/><\/a>\n\t\t\t<\/dt><\/dl><dl class='gallery-item'>\n\t\t\t<dt class='gallery-icon landscape'>\n\t\t\t\t<a href='https:\/\/szentes-klauzalgabor.hu\/iskola\/wp-content\/uploads\/2012\/04\/120328_007.jpg'><img loading=\"lazy\" decoding=\"async\" width=\"150\" height=\"150\" src=\"https:\/\/szentes-klauzalgabor.hu\/iskola\/wp-content\/uploads\/2012\/04\/120328_007-150x150.jpg\" class=\"attachment-thumbnail size-thumbnail\" alt=\"\" \/><\/a>\n\t\t\t<\/dt><\/dl><dl class='gallery-item'>\n\t\t\t<dt class='gallery-icon landscape'>\n\t\t\t\t<a href='https:\/\/szentes-klauzalgabor.hu\/iskola\/wp-content\/uploads\/2012\/04\/120328_008.jpg'><img loading=\"lazy\" decoding=\"async\" width=\"150\" height=\"150\" src=\"https:\/\/szentes-klauzalgabor.hu\/iskola\/wp-content\/uploads\/2012\/04\/120328_008-150x150.jpg\" class=\"attachment-thumbnail size-thumbnail\" alt=\"\" \/><\/a>\n\t\t\t<\/dt><\/dl><br style=\"clear: both\" \/><dl class='gallery-item'>\n\t\t\t<dt class='gallery-icon landscape'>\n\t\t\t\t<a href='https:\/\/szentes-klauzalgabor.hu\/iskola\/wp-content\/uploads\/2012\/04\/120328_009.jpg'><img loading=\"lazy\" decoding=\"async\" width=\"150\" height=\"150\" src=\"https:\/\/szentes-klauzalgabor.hu\/iskola\/wp-content\/uploads\/2012\/04\/120328_009-150x150.jpg\" class=\"attachment-thumbnail size-thumbnail\" alt=\"\" \/><\/a>\n\t\t\t<\/dt><\/dl>\n\t\t\t<br style='clear: both' \/>\n\t\t<\/div>\n\n","protected":false},"excerpt":{"rendered":"<p>2012. m\u00e1rcius 28. A Vid\u00e9kfejleszt\u00e9si Miniszt\u00e9rium t\u00e1mogat\u00e1s\u00e1val 2011-ben indult el a Fiatal Gazd\u00e1k Magyarorsz\u00e1gi Sz\u00f6vets\u00e9g\u00e9nek (AGRYA) Vesd bele magad! programja, mely orsz\u00e1gos mozgalomnak iskol\u00e1nk 6.b oszt\u00e1lya alap\u00edt\u00f3 tagja volt. Ennek keret\u00e9ben a tavalyi 200 f\u0151h\u00f6z k\u00e9pest az id\u00e9n m\u00e1r 2000 kisiskol\u00e1s kapott vet\u0151magot, hogy otthon, a csal\u00e1di kiskertben saj\u00e1t bors\u00f3t, r\u00e9p\u00e1t, c\u00e9kl\u00e1t, hagym\u00e1t \u00e9s karal\u00e1b\u00e9t [&hellip;]<\/p>\n","protected":false},"author":1,"featured_media":0,"parent":2645,"menu_order":0,"comment_status":"closed","ping_status":"closed","template":"","meta":{"_et_pb_use_builder":"","_et_pb_old_content":"","_et_gb_content_width":"","footnotes":""},"class_list":["post-4275","page","type-page","status-publish","hentry"],"_links":{"self":[{"href":"https:\/\/szentes-klauzalgabor.hu\/iskola\/wp-json\/wp\/v2\/pages\/4275","targetHints":{"allow":["GET"]}}],"collection":[{"href":"https:\/\/szentes-klauzalgabor.hu\/iskola\/wp-json\/wp\/v2\/pages"}],"about":[{"href":"https:\/\/szentes-klauzalgabor.hu\/iskola\/wp-json\/wp\/v2\/types\/page"}],"author":[{"embeddable":true,"href":"https:\/\/szentes-klauzalgabor.hu\/iskola\/wp-json\/wp\/v2\/users\/1"}],"replies":[{"embeddable":true,"href":"https:\/\/szentes-klauzalgabor.hu\/iskola\/wp-json\/wp\/v2\/comments?post=4275"}],"version-history":[{"count":4,"href":"https:\/\/szentes-klauzalgabor.hu\/iskola\/wp-json\/wp\/v2\/pages\/4275\/revisions"}],"predecessor-version":[{"id":4287,"href":"https:\/\/szentes-klauzalgabor.hu\/iskola\/wp-json\/wp\/v2\/pages\/4275\/revisions\/4287"}],"up":[{"embeddable":true,"href":"https:\/\/szentes-klauzalgabor.hu\/iskola\/wp-json\/wp\/v2\/pages\/2645"}],"wp:attachment":[{"href":"https:\/\/szentes-klauzalgabor.hu\/iskola\/wp-json\/wp\/v2\/media?parent=4275"}],"curies":[{"name":"wp","href":"https:\/\/api.w.org\/{rel}","templated":true}]}}