{"id":4443,"date":"2012-05-31T09:00:38","date_gmt":"2012-05-31T08:00:38","guid":{"rendered":"https:\/\/szentes-klauzalgabor.hu\/iskola"},"modified":"2012-05-31T09:00:56","modified_gmt":"2012-05-31T08:00:56","slug":"teruleti-fizikaverseny","status":"publish","type":"page","link":"https:\/\/szentes-klauzalgabor.hu\/iskola\/fotoalbum\/2011-2012-rejtett\/teruleti-fizikaverseny","title":{"rendered":"Ter\u00fcleti fizikaverseny"},"content":{"rendered":"<p><em>2012. m\u00e1jus 3.<\/em><\/p>\n<p>Ter\u00fcleti fizika verseny az iskol\u00e1nkban  2012.05.03-\u00e1n ter\u00fcleti fizika vet\u00e9lked\u0151t tartottunk iskol\u00e1nkban. A versenyt Borb\u00e1s Istv\u00e1n iskol\u00e1nk fizikatan\u00e1ra szervezte \u00e9s bonyol\u00edtotta le, amelyen 5 szentesi \u00e9s 2 vid\u00e9ki iskola k\u00e9pviseltette mag\u00e1t 3-3 tanul\u00f3val.<\/p>\n<p>A di\u00e1koknak tesztk\u00e9rd\u00e9sekre kellett v\u00e1laszolniuk a Senteo elektronikus szavaz\u00f3egys\u00e9g t\u00e1vir\u00e1ny\u00edt\u00f3ival, \u00e9s az \u00e9rt\u00e9kel\u00e9st a sz\u00e1m\u00edt\u00f3g\u00e9p v\u00e9gezte el. Pontegyenl\u0151s\u00e9g eset\u00e9n az a tanul\u00f3 v\u00e9gzett el\u0151bb, amelyik r\u00f6videbb id\u0151 alatt v\u00e1laszolt a k\u00e9rd\u00e9sekre.<\/p>\n<p><strong><span style=\"text-decoration: underline;\">Az al\u00e1bbi eredm\u00e9nyek sz\u00fclettek:<\/span><\/strong><\/p>\n<p><strong>7. oszt\u00e1lyosok:<\/strong><\/p>\n<ul>\n<li>1. Nagy Levente (Szent Erzs\u00e9bet Kat. \u00c1lt. Isk.)<\/li>\n<li>2. M\u00e1t\u00e9 Csaba (Szent Erzs\u00e9bet Kat. \u00c1lt. Isk.)<\/li>\n<li>3. Kovalovszki Bal\u00e1zs (Kiss B\u00e1lint Ref. \u00c1lt. Isk.)<\/li>\n<li>4. Csizmadia J\u00e1nos (Arany J\u00e1nos \u00c1lt. Isk. F\u00e1bi\u00e1nsebesty\u00e9n)<\/li>\n<li>5. T\u00f3th L\u0151rinc (Kiss B\u00e1lint Ref. \u00c1lt. Isk.)<\/li>\n<\/ul>\n<p><strong>8. oszt\u00e1lyosok:<\/strong><\/p>\n<ul>\n<li>1. Juh\u00e1sz D\u00e1niel (De\u00e1k F. \u00c1lt. Isk.)<\/li>\n<li>2. Veres-Ravai \u00c1kos (Kiss B\u00e1lint Ref. \u00c1lt. Isk.)<\/li>\n<li>3. Buv\u00e1r Kata (Klauz\u00e1l G. \u00c1lt. Isk.)<\/li>\n<li>4. Nagy Viktor (Klauz\u00e1l G. \u00c1lt. Isk.)<\/li>\n<li>5. Lantos Levente (Klauz\u00e1l G. \u00c1lt. Isk.<\/li>\n<\/ul>\n<p>Gratul\u00e1lunk a helyezetteknek \u00e9s felk\u00e9sz\u00edt\u0151iknek, j\u00f6v\u0151re folytatjuk!!!<\/p>\n\n\t\t<style type=\"text\/css\">\n\t\t\t#gallery-1 {\n\t\t\t\tmargin: auto;\n\t\t\t}\n\t\t\t#gallery-1 .gallery-item {\n\t\t\t\tfloat: left;\n\t\t\t\tmargin-top: 10px;\n\t\t\t\ttext-align: center;\n\t\t\t\twidth: 25%;\n\t\t\t}\n\t\t\t#gallery-1 img {\n\t\t\t\tborder: 2px solid #cfcfcf;\n\t\t\t}\n\t\t\t#gallery-1 .gallery-caption {\n\t\t\t\tmargin-left: 0;\n\t\t\t}\n\t\t\t\/* see gallery_shortcode() in wp-includes\/media.php *\/\n\t\t<\/style>\n\t\t<div id='gallery-1' class='gallery galleryid-4443 gallery-columns-4 gallery-size-thumbnail'><dl class='gallery-item'>\n\t\t\t<dt class='gallery-icon landscape'>\n\t\t\t\t<a href='https:\/\/szentes-klauzalgabor.hu\/iskola\/wp-content\/uploads\/2012\/05\/120503_001.jpg'><img loading=\"lazy\" decoding=\"async\" width=\"150\" height=\"150\" src=\"https:\/\/szentes-klauzalgabor.hu\/iskola\/wp-content\/uploads\/2012\/05\/120503_001-150x150.jpg\" class=\"attachment-thumbnail size-thumbnail\" alt=\"\" \/><\/a>\n\t\t\t<\/dt><\/dl><dl class='gallery-item'>\n\t\t\t<dt class='gallery-icon landscape'>\n\t\t\t\t<a href='https:\/\/szentes-klauzalgabor.hu\/iskola\/wp-content\/uploads\/2012\/05\/120503_002.jpg'><img loading=\"lazy\" decoding=\"async\" width=\"150\" height=\"150\" src=\"https:\/\/szentes-klauzalgabor.hu\/iskola\/wp-content\/uploads\/2012\/05\/120503_002-150x150.jpg\" class=\"attachment-thumbnail size-thumbnail\" alt=\"\" \/><\/a>\n\t\t\t<\/dt><\/dl><dl class='gallery-item'>\n\t\t\t<dt class='gallery-icon landscape'>\n\t\t\t\t<a href='https:\/\/szentes-klauzalgabor.hu\/iskola\/wp-content\/uploads\/2012\/05\/120503_003.jpg'><img loading=\"lazy\" decoding=\"async\" width=\"150\" height=\"150\" src=\"https:\/\/szentes-klauzalgabor.hu\/iskola\/wp-content\/uploads\/2012\/05\/120503_003-150x150.jpg\" class=\"attachment-thumbnail size-thumbnail\" alt=\"\" \/><\/a>\n\t\t\t<\/dt><\/dl><dl class='gallery-item'>\n\t\t\t<dt class='gallery-icon landscape'>\n\t\t\t\t<a href='https:\/\/szentes-klauzalgabor.hu\/iskola\/wp-content\/uploads\/2012\/05\/120503_004.jpg'><img loading=\"lazy\" decoding=\"async\" width=\"150\" height=\"150\" src=\"https:\/\/szentes-klauzalgabor.hu\/iskola\/wp-content\/uploads\/2012\/05\/120503_004-150x150.jpg\" class=\"attachment-thumbnail size-thumbnail\" alt=\"\" \/><\/a>\n\t\t\t<\/dt><\/dl><br style=\"clear: both\" \/><dl class='gallery-item'>\n\t\t\t<dt class='gallery-icon landscape'>\n\t\t\t\t<a href='https:\/\/szentes-klauzalgabor.hu\/iskola\/wp-content\/uploads\/2012\/05\/120503_005.jpg'><img loading=\"lazy\" decoding=\"async\" width=\"150\" height=\"150\" src=\"https:\/\/szentes-klauzalgabor.hu\/iskola\/wp-content\/uploads\/2012\/05\/120503_005-150x150.jpg\" class=\"attachment-thumbnail size-thumbnail\" alt=\"\" \/><\/a>\n\t\t\t<\/dt><\/dl><dl class='gallery-item'>\n\t\t\t<dt class='gallery-icon landscape'>\n\t\t\t\t<a href='https:\/\/szentes-klauzalgabor.hu\/iskola\/wp-content\/uploads\/2012\/05\/120503_006.jpg'><img loading=\"lazy\" decoding=\"async\" width=\"150\" height=\"150\" src=\"https:\/\/szentes-klauzalgabor.hu\/iskola\/wp-content\/uploads\/2012\/05\/120503_006-150x150.jpg\" class=\"attachment-thumbnail size-thumbnail\" alt=\"\" \/><\/a>\n\t\t\t<\/dt><\/dl><dl class='gallery-item'>\n\t\t\t<dt class='gallery-icon landscape'>\n\t\t\t\t<a href='https:\/\/szentes-klauzalgabor.hu\/iskola\/wp-content\/uploads\/2012\/05\/120503_007.jpg'><img loading=\"lazy\" decoding=\"async\" width=\"150\" height=\"150\" src=\"https:\/\/szentes-klauzalgabor.hu\/iskola\/wp-content\/uploads\/2012\/05\/120503_007-150x150.jpg\" class=\"attachment-thumbnail size-thumbnail\" alt=\"\" \/><\/a>\n\t\t\t<\/dt><\/dl><dl class='gallery-item'>\n\t\t\t<dt class='gallery-icon landscape'>\n\t\t\t\t<a href='https:\/\/szentes-klauzalgabor.hu\/iskola\/wp-content\/uploads\/2012\/05\/120503_008.jpg'><img loading=\"lazy\" decoding=\"async\" width=\"150\" height=\"150\" src=\"https:\/\/szentes-klauzalgabor.hu\/iskola\/wp-content\/uploads\/2012\/05\/120503_008-150x150.jpg\" class=\"attachment-thumbnail size-thumbnail\" alt=\"\" \/><\/a>\n\t\t\t<\/dt><\/dl><br style=\"clear: both\" \/><dl class='gallery-item'>\n\t\t\t<dt class='gallery-icon landscape'>\n\t\t\t\t<a href='https:\/\/szentes-klauzalgabor.hu\/iskola\/wp-content\/uploads\/2012\/05\/120503_009.jpg'><img loading=\"lazy\" decoding=\"async\" width=\"150\" height=\"150\" src=\"https:\/\/szentes-klauzalgabor.hu\/iskola\/wp-content\/uploads\/2012\/05\/120503_009-150x150.jpg\" class=\"attachment-thumbnail size-thumbnail\" alt=\"\" \/><\/a>\n\t\t\t<\/dt><\/dl><dl class='gallery-item'>\n\t\t\t<dt class='gallery-icon landscape'>\n\t\t\t\t<a href='https:\/\/szentes-klauzalgabor.hu\/iskola\/wp-content\/uploads\/2012\/05\/120503_010.jpg'><img loading=\"lazy\" decoding=\"async\" width=\"150\" height=\"150\" src=\"https:\/\/szentes-klauzalgabor.hu\/iskola\/wp-content\/uploads\/2012\/05\/120503_010-150x150.jpg\" class=\"attachment-thumbnail size-thumbnail\" alt=\"\" \/><\/a>\n\t\t\t<\/dt><\/dl><dl class='gallery-item'>\n\t\t\t<dt class='gallery-icon landscape'>\n\t\t\t\t<a href='https:\/\/szentes-klauzalgabor.hu\/iskola\/wp-content\/uploads\/2012\/05\/120503_011.jpg'><img loading=\"lazy\" decoding=\"async\" width=\"150\" height=\"150\" src=\"https:\/\/szentes-klauzalgabor.hu\/iskola\/wp-content\/uploads\/2012\/05\/120503_011-150x150.jpg\" class=\"attachment-thumbnail size-thumbnail\" alt=\"\" \/><\/a>\n\t\t\t<\/dt><\/dl><dl class='gallery-item'>\n\t\t\t<dt class='gallery-icon landscape'>\n\t\t\t\t<a href='https:\/\/szentes-klauzalgabor.hu\/iskola\/wp-content\/uploads\/2012\/05\/120503_012.jpg'><img loading=\"lazy\" decoding=\"async\" width=\"150\" height=\"150\" src=\"https:\/\/szentes-klauzalgabor.hu\/iskola\/wp-content\/uploads\/2012\/05\/120503_012-150x150.jpg\" class=\"attachment-thumbnail size-thumbnail\" alt=\"\" \/><\/a>\n\t\t\t<\/dt><\/dl><br style=\"clear: both\" \/><dl class='gallery-item'>\n\t\t\t<dt class='gallery-icon landscape'>\n\t\t\t\t<a href='https:\/\/szentes-klauzalgabor.hu\/iskola\/wp-content\/uploads\/2012\/05\/120503_013.jpg'><img loading=\"lazy\" decoding=\"async\" width=\"150\" height=\"150\" src=\"https:\/\/szentes-klauzalgabor.hu\/iskola\/wp-content\/uploads\/2012\/05\/120503_013-150x150.jpg\" class=\"attachment-thumbnail size-thumbnail\" alt=\"\" \/><\/a>\n\t\t\t<\/dt><\/dl>\n\t\t\t<br style='clear: both' \/>\n\t\t<\/div>\n\n","protected":false},"excerpt":{"rendered":"<p>2012. m\u00e1jus 3. Ter\u00fcleti fizika verseny az iskol\u00e1nkban 2012.05.03-\u00e1n ter\u00fcleti fizika vet\u00e9lked\u0151t tartottunk iskol\u00e1nkban. A versenyt Borb\u00e1s Istv\u00e1n iskol\u00e1nk fizikatan\u00e1ra szervezte \u00e9s bonyol\u00edtotta le, amelyen 5 szentesi \u00e9s 2 vid\u00e9ki iskola k\u00e9pviseltette mag\u00e1t 3-3 tanul\u00f3val. A di\u00e1koknak tesztk\u00e9rd\u00e9sekre kellett v\u00e1laszolniuk a Senteo elektronikus szavaz\u00f3egys\u00e9g t\u00e1vir\u00e1ny\u00edt\u00f3ival, \u00e9s az \u00e9rt\u00e9kel\u00e9st a sz\u00e1m\u00edt\u00f3g\u00e9p v\u00e9gezte el. Pontegyenl\u0151s\u00e9g eset\u00e9n az [&hellip;]<\/p>\n","protected":false},"author":1,"featured_media":0,"parent":2645,"menu_order":0,"comment_status":"closed","ping_status":"closed","template":"","meta":{"_et_pb_use_builder":"","_et_pb_old_content":"","_et_gb_content_width":"","footnotes":""},"class_list":["post-4443","page","type-page","status-publish","hentry"],"_links":{"self":[{"href":"https:\/\/szentes-klauzalgabor.hu\/iskola\/wp-json\/wp\/v2\/pages\/4443","targetHints":{"allow":["GET"]}}],"collection":[{"href":"https:\/\/szentes-klauzalgabor.hu\/iskola\/wp-json\/wp\/v2\/pages"}],"about":[{"href":"https:\/\/szentes-klauzalgabor.hu\/iskola\/wp-json\/wp\/v2\/types\/page"}],"author":[{"embeddable":true,"href":"https:\/\/szentes-klauzalgabor.hu\/iskola\/wp-json\/wp\/v2\/users\/1"}],"replies":[{"embeddable":true,"href":"https:\/\/szentes-klauzalgabor.hu\/iskola\/wp-json\/wp\/v2\/comments?post=4443"}],"version-history":[{"count":3,"href":"https:\/\/szentes-klauzalgabor.hu\/iskola\/wp-json\/wp\/v2\/pages\/4443\/revisions"}],"predecessor-version":[{"id":4459,"href":"https:\/\/szentes-klauzalgabor.hu\/iskola\/wp-json\/wp\/v2\/pages\/4443\/revisions\/4459"}],"up":[{"embeddable":true,"href":"https:\/\/szentes-klauzalgabor.hu\/iskola\/wp-json\/wp\/v2\/pages\/2645"}],"wp:attachment":[{"href":"https:\/\/szentes-klauzalgabor.hu\/iskola\/wp-json\/wp\/v2\/media?parent=4443"}],"curies":[{"name":"wp","href":"https:\/\/api.w.org\/{rel}","templated":true}]}}