{"id":5277,"date":"2012-11-19T14:47:51","date_gmt":"2012-11-19T13:47:51","guid":{"rendered":"https:\/\/szentes-klauzalgabor.hu\/iskola"},"modified":"2012-11-19T14:50:20","modified_gmt":"2012-11-19T13:50:20","slug":"teruleti-mesemondo-verseny-szegvaron","status":"publish","type":"page","link":"https:\/\/szentes-klauzalgabor.hu\/iskola\/fotoalbum\/2012-2013-rejtett\/teruleti-mesemondo-verseny-szegvaron","title":{"rendered":"Ter\u00fcleti mesemond\u00f3 verseny Szegv\u00e1ron"},"content":{"rendered":"<p><em>2012. november 14.<\/em><\/p>\n<p>2012. november 14-\u00e9n a Szegv\u00e1ron tartott ter\u00fcleti mesemond\u00f3 versenyr\u0151l<strong> Vida Gerg\u0151 Istv\u00e1n<\/strong> (2.b) III. helyezettk\u00e9nt tov\u00e1bbjutott a megyei mesemond\u00f3 versenyre, mely 2012. november 28-\u00e1n ker\u00fcl megrendez\u00e9sre a De\u00e1k Ferenc \u00c1ltal\u00e1nos Iskol\u00e1ban.<\/p>\n\n\t\t<style type=\"text\/css\">\n\t\t\t#gallery-1 {\n\t\t\t\tmargin: auto;\n\t\t\t}\n\t\t\t#gallery-1 .gallery-item {\n\t\t\t\tfloat: left;\n\t\t\t\tmargin-top: 10px;\n\t\t\t\ttext-align: center;\n\t\t\t\twidth: 25%;\n\t\t\t}\n\t\t\t#gallery-1 img {\n\t\t\t\tborder: 2px solid #cfcfcf;\n\t\t\t}\n\t\t\t#gallery-1 .gallery-caption {\n\t\t\t\tmargin-left: 0;\n\t\t\t}\n\t\t\t\/* see gallery_shortcode() in wp-includes\/media.php *\/\n\t\t<\/style>\n\t\t<div id='gallery-1' class='gallery galleryid-5277 gallery-columns-4 gallery-size-thumbnail'><dl class='gallery-item'>\n\t\t\t<dt class='gallery-icon portrait'>\n\t\t\t\t<a href='https:\/\/szentes-klauzalgabor.hu\/iskola\/wp-content\/uploads\/2012\/11\/121114_001.jpg'><img loading=\"lazy\" decoding=\"async\" width=\"150\" height=\"150\" src=\"https:\/\/szentes-klauzalgabor.hu\/iskola\/wp-content\/uploads\/2012\/11\/121114_001-150x150.jpg\" class=\"attachment-thumbnail size-thumbnail\" alt=\"\" \/><\/a>\n\t\t\t<\/dt><\/dl><dl class='gallery-item'>\n\t\t\t<dt class='gallery-icon landscape'>\n\t\t\t\t<a href='https:\/\/szentes-klauzalgabor.hu\/iskola\/wp-content\/uploads\/2012\/11\/121114_002.jpg'><img loading=\"lazy\" decoding=\"async\" width=\"150\" height=\"150\" src=\"https:\/\/szentes-klauzalgabor.hu\/iskola\/wp-content\/uploads\/2012\/11\/121114_002-150x150.jpg\" class=\"attachment-thumbnail size-thumbnail\" alt=\"\" \/><\/a>\n\t\t\t<\/dt><\/dl><dl class='gallery-item'>\n\t\t\t<dt class='gallery-icon landscape'>\n\t\t\t\t<a href='https:\/\/szentes-klauzalgabor.hu\/iskola\/wp-content\/uploads\/2012\/11\/121114_003.jpg'><img loading=\"lazy\" decoding=\"async\" width=\"150\" height=\"150\" src=\"https:\/\/szentes-klauzalgabor.hu\/iskola\/wp-content\/uploads\/2012\/11\/121114_003-150x150.jpg\" class=\"attachment-thumbnail size-thumbnail\" alt=\"\" \/><\/a>\n\t\t\t<\/dt><\/dl><dl class='gallery-item'>\n\t\t\t<dt class='gallery-icon landscape'>\n\t\t\t\t<a href='https:\/\/szentes-klauzalgabor.hu\/iskola\/wp-content\/uploads\/2012\/11\/121114_004.jpg'><img loading=\"lazy\" decoding=\"async\" width=\"150\" height=\"150\" src=\"https:\/\/szentes-klauzalgabor.hu\/iskola\/wp-content\/uploads\/2012\/11\/121114_004-150x150.jpg\" class=\"attachment-thumbnail size-thumbnail\" alt=\"\" \/><\/a>\n\t\t\t<\/dt><\/dl><br style=\"clear: both\" \/><dl class='gallery-item'>\n\t\t\t<dt class='gallery-icon landscape'>\n\t\t\t\t<a href='https:\/\/szentes-klauzalgabor.hu\/iskola\/wp-content\/uploads\/2012\/11\/121114_005.jpg'><img loading=\"lazy\" decoding=\"async\" width=\"150\" height=\"150\" src=\"https:\/\/szentes-klauzalgabor.hu\/iskola\/wp-content\/uploads\/2012\/11\/121114_005-150x150.jpg\" class=\"attachment-thumbnail size-thumbnail\" alt=\"\" \/><\/a>\n\t\t\t<\/dt><\/dl><dl class='gallery-item'>\n\t\t\t<dt class='gallery-icon portrait'>\n\t\t\t\t<a href='https:\/\/szentes-klauzalgabor.hu\/iskola\/wp-content\/uploads\/2012\/11\/121114_006.jpg'><img loading=\"lazy\" decoding=\"async\" width=\"150\" height=\"150\" src=\"https:\/\/szentes-klauzalgabor.hu\/iskola\/wp-content\/uploads\/2012\/11\/121114_006-150x150.jpg\" class=\"attachment-thumbnail size-thumbnail\" alt=\"\" \/><\/a>\n\t\t\t<\/dt><\/dl><dl class='gallery-item'>\n\t\t\t<dt class='gallery-icon landscape'>\n\t\t\t\t<a href='https:\/\/szentes-klauzalgabor.hu\/iskola\/wp-content\/uploads\/2012\/11\/121114_007.jpg'><img loading=\"lazy\" decoding=\"async\" width=\"150\" height=\"150\" src=\"https:\/\/szentes-klauzalgabor.hu\/iskola\/wp-content\/uploads\/2012\/11\/121114_007-150x150.jpg\" class=\"attachment-thumbnail size-thumbnail\" alt=\"\" \/><\/a>\n\t\t\t<\/dt><\/dl><dl class='gallery-item'>\n\t\t\t<dt class='gallery-icon landscape'>\n\t\t\t\t<a href='https:\/\/szentes-klauzalgabor.hu\/iskola\/wp-content\/uploads\/2012\/11\/121114_008.jpg'><img loading=\"lazy\" decoding=\"async\" width=\"150\" height=\"150\" src=\"https:\/\/szentes-klauzalgabor.hu\/iskola\/wp-content\/uploads\/2012\/11\/121114_008-150x150.jpg\" class=\"attachment-thumbnail size-thumbnail\" alt=\"\" \/><\/a>\n\t\t\t<\/dt><\/dl><br style=\"clear: both\" \/><dl class='gallery-item'>\n\t\t\t<dt class='gallery-icon portrait'>\n\t\t\t\t<a href='https:\/\/szentes-klauzalgabor.hu\/iskola\/wp-content\/uploads\/2012\/11\/121114_009.jpg'><img loading=\"lazy\" decoding=\"async\" width=\"150\" height=\"150\" src=\"https:\/\/szentes-klauzalgabor.hu\/iskola\/wp-content\/uploads\/2012\/11\/121114_009-150x150.jpg\" class=\"attachment-thumbnail size-thumbnail\" alt=\"\" \/><\/a>\n\t\t\t<\/dt><\/dl><dl class='gallery-item'>\n\t\t\t<dt class='gallery-icon portrait'>\n\t\t\t\t<a href='https:\/\/szentes-klauzalgabor.hu\/iskola\/wp-content\/uploads\/2012\/11\/121114_010.jpg'><img loading=\"lazy\" decoding=\"async\" width=\"150\" height=\"150\" src=\"https:\/\/szentes-klauzalgabor.hu\/iskola\/wp-content\/uploads\/2012\/11\/121114_010-150x150.jpg\" class=\"attachment-thumbnail size-thumbnail\" alt=\"\" \/><\/a>\n\t\t\t<\/dt><\/dl><dl class='gallery-item'>\n\t\t\t<dt class='gallery-icon landscape'>\n\t\t\t\t<a href='https:\/\/szentes-klauzalgabor.hu\/iskola\/wp-content\/uploads\/2012\/11\/121114_011.jpg'><img loading=\"lazy\" decoding=\"async\" width=\"150\" height=\"150\" src=\"https:\/\/szentes-klauzalgabor.hu\/iskola\/wp-content\/uploads\/2012\/11\/121114_011-150x150.jpg\" class=\"attachment-thumbnail size-thumbnail\" alt=\"\" \/><\/a>\n\t\t\t<\/dt><\/dl><dl class='gallery-item'>\n\t\t\t<dt class='gallery-icon landscape'>\n\t\t\t\t<a href='https:\/\/szentes-klauzalgabor.hu\/iskola\/wp-content\/uploads\/2012\/11\/121114_012.jpg'><img loading=\"lazy\" decoding=\"async\" width=\"150\" height=\"150\" src=\"https:\/\/szentes-klauzalgabor.hu\/iskola\/wp-content\/uploads\/2012\/11\/121114_012-150x150.jpg\" class=\"attachment-thumbnail size-thumbnail\" alt=\"\" \/><\/a>\n\t\t\t<\/dt><\/dl><br style=\"clear: both\" \/><dl class='gallery-item'>\n\t\t\t<dt class='gallery-icon portrait'>\n\t\t\t\t<a href='https:\/\/szentes-klauzalgabor.hu\/iskola\/wp-content\/uploads\/2012\/11\/121114_013.jpg'><img loading=\"lazy\" decoding=\"async\" width=\"150\" height=\"150\" src=\"https:\/\/szentes-klauzalgabor.hu\/iskola\/wp-content\/uploads\/2012\/11\/121114_013-150x150.jpg\" class=\"attachment-thumbnail size-thumbnail\" alt=\"\" \/><\/a>\n\t\t\t<\/dt><\/dl><dl class='gallery-item'>\n\t\t\t<dt class='gallery-icon portrait'>\n\t\t\t\t<a href='https:\/\/szentes-klauzalgabor.hu\/iskola\/wp-content\/uploads\/2012\/11\/121114_014.jpg'><img loading=\"lazy\" decoding=\"async\" width=\"150\" height=\"150\" src=\"https:\/\/szentes-klauzalgabor.hu\/iskola\/wp-content\/uploads\/2012\/11\/121114_014-150x150.jpg\" class=\"attachment-thumbnail size-thumbnail\" alt=\"\" \/><\/a>\n\t\t\t<\/dt><\/dl><dl class='gallery-item'>\n\t\t\t<dt class='gallery-icon portrait'>\n\t\t\t\t<a href='https:\/\/szentes-klauzalgabor.hu\/iskola\/wp-content\/uploads\/2012\/11\/121114_015.jpg'><img loading=\"lazy\" decoding=\"async\" width=\"150\" height=\"150\" src=\"https:\/\/szentes-klauzalgabor.hu\/iskola\/wp-content\/uploads\/2012\/11\/121114_015-150x150.jpg\" class=\"attachment-thumbnail size-thumbnail\" alt=\"\" \/><\/a>\n\t\t\t<\/dt><\/dl><dl class='gallery-item'>\n\t\t\t<dt class='gallery-icon portrait'>\n\t\t\t\t<a href='https:\/\/szentes-klauzalgabor.hu\/iskola\/wp-content\/uploads\/2012\/11\/121114_016.jpg'><img loading=\"lazy\" decoding=\"async\" width=\"150\" height=\"150\" src=\"https:\/\/szentes-klauzalgabor.hu\/iskola\/wp-content\/uploads\/2012\/11\/121114_016-150x150.jpg\" class=\"attachment-thumbnail size-thumbnail\" alt=\"\" \/><\/a>\n\t\t\t<\/dt><\/dl><br style=\"clear: both\" \/><dl class='gallery-item'>\n\t\t\t<dt class='gallery-icon portrait'>\n\t\t\t\t<a href='https:\/\/szentes-klauzalgabor.hu\/iskola\/wp-content\/uploads\/2012\/11\/121114_017.jpg'><img loading=\"lazy\" decoding=\"async\" width=\"150\" height=\"150\" src=\"https:\/\/szentes-klauzalgabor.hu\/iskola\/wp-content\/uploads\/2012\/11\/121114_017-150x150.jpg\" class=\"attachment-thumbnail size-thumbnail\" alt=\"\" \/><\/a>\n\t\t\t<\/dt><\/dl><dl class='gallery-item'>\n\t\t\t<dt class='gallery-icon landscape'>\n\t\t\t\t<a href='https:\/\/szentes-klauzalgabor.hu\/iskola\/wp-content\/uploads\/2012\/11\/121114_018.jpg'><img loading=\"lazy\" decoding=\"async\" width=\"150\" height=\"150\" src=\"https:\/\/szentes-klauzalgabor.hu\/iskola\/wp-content\/uploads\/2012\/11\/121114_018-150x150.jpg\" class=\"attachment-thumbnail size-thumbnail\" alt=\"\" \/><\/a>\n\t\t\t<\/dt><\/dl><dl class='gallery-item'>\n\t\t\t<dt class='gallery-icon portrait'>\n\t\t\t\t<a href='https:\/\/szentes-klauzalgabor.hu\/iskola\/wp-content\/uploads\/2012\/11\/121114_100.jpg'><img loading=\"lazy\" decoding=\"async\" width=\"150\" height=\"150\" src=\"https:\/\/szentes-klauzalgabor.hu\/iskola\/wp-content\/uploads\/2012\/11\/121114_100-150x150.jpg\" class=\"attachment-thumbnail size-thumbnail\" alt=\"\" \/><\/a>\n\t\t\t<\/dt><\/dl>\n\t\t\t<br style='clear: both' \/>\n\t\t<\/div>\n\n","protected":false},"excerpt":{"rendered":"<p>2012. november 14. 2012. november 14-\u00e9n a Szegv\u00e1ron tartott ter\u00fcleti mesemond\u00f3 versenyr\u0151l Vida Gerg\u0151 Istv\u00e1n (2.b) III. helyezettk\u00e9nt tov\u00e1bbjutott a megyei mesemond\u00f3 versenyre, mely 2012. november 28-\u00e1n ker\u00fcl megrendez\u00e9sre a De\u00e1k Ferenc \u00c1ltal\u00e1nos Iskol\u00e1ban.<\/p>\n","protected":false},"author":1,"featured_media":0,"parent":5104,"menu_order":0,"comment_status":"closed","ping_status":"closed","template":"","meta":{"_et_pb_use_builder":"","_et_pb_old_content":"","_et_gb_content_width":"","footnotes":""},"class_list":["post-5277","page","type-page","status-publish","hentry"],"_links":{"self":[{"href":"https:\/\/szentes-klauzalgabor.hu\/iskola\/wp-json\/wp\/v2\/pages\/5277","targetHints":{"allow":["GET"]}}],"collection":[{"href":"https:\/\/szentes-klauzalgabor.hu\/iskola\/wp-json\/wp\/v2\/pages"}],"about":[{"href":"https:\/\/szentes-klauzalgabor.hu\/iskola\/wp-json\/wp\/v2\/types\/page"}],"author":[{"embeddable":true,"href":"https:\/\/szentes-klauzalgabor.hu\/iskola\/wp-json\/wp\/v2\/users\/1"}],"replies":[{"embeddable":true,"href":"https:\/\/szentes-klauzalgabor.hu\/iskola\/wp-json\/wp\/v2\/comments?post=5277"}],"version-history":[{"count":3,"href":"https:\/\/szentes-klauzalgabor.hu\/iskola\/wp-json\/wp\/v2\/pages\/5277\/revisions"}],"predecessor-version":[{"id":5298,"href":"https:\/\/szentes-klauzalgabor.hu\/iskola\/wp-json\/wp\/v2\/pages\/5277\/revisions\/5298"}],"up":[{"embeddable":true,"href":"https:\/\/szentes-klauzalgabor.hu\/iskola\/wp-json\/wp\/v2\/pages\/5104"}],"wp:attachment":[{"href":"https:\/\/szentes-klauzalgabor.hu\/iskola\/wp-json\/wp\/v2\/media?parent=5277"}],"curies":[{"name":"wp","href":"https:\/\/api.w.org\/{rel}","templated":true}]}}