{"id":62,"date":"2011-03-23T12:19:59","date_gmt":"2011-03-23T12:19:59","guid":{"rendered":"https:\/\/szentes-klauzalgabor.hu\/iskola\/?page_id=62"},"modified":"2025-05-14T10:00:15","modified_gmt":"2025-05-14T09:00:15","slug":"csengetesi-rend","status":"publish","type":"page","link":"https:\/\/szentes-klauzalgabor.hu\/iskola\/aktualis\/csengetesi-rend","title":{"rendered":"Csenget\u00e9si rend"},"content":{"rendered":"<p>[et_pb_section fb_built=&#8221;1&#8243; admin_label=&#8221;section&#8221; _builder_version=&#8221;4.27.4&#8243; background_color=&#8221;#fff6d3&#8243; custom_padding=&#8221;4px|||||&#8221; global_colors_info=&#8221;{}&#8221;][et_pb_row _builder_version=&#8221;4.27.4&#8243; _module_preset=&#8221;default&#8221; global_colors_info=&#8221;{}&#8221;][et_pb_column type=&#8221;4_4&#8243; _builder_version=&#8221;4.27.4&#8243; _module_preset=&#8221;default&#8221; global_colors_info=&#8221;{}&#8221;][et_pb_text _builder_version=&#8221;4.27.4&#8243; _module_preset=&#8221;default&#8221; global_colors_info=&#8221;{}&#8221;]<\/p>\n<h1 style=\"text-align: center;\">Csenget\u00e9si rend<\/h1>\n<p>[\/et_pb_text][\/et_pb_column][\/et_pb_row][et_pb_row _builder_version=&#8221;4.27.4&#8243; _module_preset=&#8221;default&#8221;][et_pb_column _builder_version=&#8221;4.27.4&#8243; _module_preset=&#8221;default&#8221; type=&#8221;4_4&#8243;][et_pb_image src=&#8221;https:\/\/szentes-klauzalgabor.hu\/iskola\/wp-content\/uploads\/2025\/05\/csengetesi-rend.png&#8221; _builder_version=&#8221;4.27.4&#8243; _module_preset=&#8221;default&#8221; title_text=&#8221;csengetesi rend&#8221; align=&#8221;center&#8221; hover_enabled=&#8221;0&#8243; sticky_enabled=&#8221;0&#8243;][\/et_pb_image][\/et_pb_column][\/et_pb_row][\/et_pb_section]<\/p>\n","protected":false},"excerpt":{"rendered":"<p>Csenget\u00e9si rend<\/p>\n","protected":false},"author":1,"featured_media":0,"parent":55,"menu_order":0,"comment_status":"closed","ping_status":"closed","template":"","meta":{"_et_pb_use_builder":"on","_et_pb_old_content":"<p style=\"text-align: left;\"><strong>Norm\u00e1l csenget\u00e9si rend <\/strong><\/p>\r\n<p style=\"text-align: left;\">\u00a0<\/p>\r\n<table style=\"background-color: #e7dfb4; width: 237px; border: 2px solid #ffffff;\" border=\"2\" cellspacing=\"2\" cellpadding=\"5\" align=\"center\">\r\n<tbody>\r\n<tr style=\"background-color: #dcd08f;\">\r\n<td style=\"text-align: center;\"><strong>\u00d3ra<\/strong><\/td>\r\n<td style=\"text-align: center;\"><strong>\u00d3ra id\u0151tartama<\/strong><\/td>\r\n<td style=\"text-align: center;\"><strong>Sz\u00fcnet<\/strong><\/td>\r\n<\/tr>\r\n<tr>\r\n<td style=\"text-align: center;\">1.<\/td>\r\n<td style=\"text-align: center;\">8<sup>00<\/sup> - 8<sup>45<\/sup><\/td>\r\n<td style=\"text-align: center;\">8<sup>45<\/sup> - 9<sup>00<\/sup><\/td>\r\n<\/tr>\r\n<tr>\r\n<td style=\"text-align: center;\">2.<\/td>\r\n<td style=\"text-align: center;\">9<sup>00<\/sup> - 9<sup>45<\/sup><\/td>\r\n<td style=\"text-align: center;\">9<sup>45<\/sup> - 10<sup>05<\/sup><\/td>\r\n<\/tr>\r\n<tr>\r\n<td style=\"text-align: center;\">3.<\/td>\r\n<td style=\"text-align: center;\">10<sup>05<\/sup> - 10<sup>50<\/sup><\/td>\r\n<td style=\"text-align: center;\">10<sup>50<\/sup> - 11<sup>00<\/sup><\/td>\r\n<\/tr>\r\n<tr>\r\n<td style=\"text-align: center;\">4.<\/td>\r\n<td style=\"text-align: center;\">11<sup>00<\/sup> - 11<sup>45<\/sup><\/td>\r\n<td style=\"text-align: center;\">11<sup>45<\/sup> - 11<sup>55<\/sup><\/td>\r\n<\/tr>\r\n<tr>\r\n<td style=\"text-align: center;\">5.<\/td>\r\n<td style=\"text-align: center;\">11<sup>55<\/sup> - 12<sup>40<\/sup><\/td>\r\n<td style=\"text-align: center;\">12<sup>40<\/sup> - 12<sup>50<\/sup><\/td>\r\n<\/tr>\r\n<tr>\r\n<td style=\"text-align: center;\">6.<\/td>\r\n<td style=\"text-align: center;\">12<sup>50<\/sup> - 13<sup>35<\/sup><\/td>\r\n<td><\/td>\r\n<\/tr>\r\n<\/tbody>\r\n<\/table>\r\n<p style=\"text-align: center;\">\ufeff<\/p>\r\n<p style=\"text-align: left;\"><strong>R\u00f6vid\u00edtett \u00f3r\u00e1k eset\u00e9n \u00e9rv\u00e9nyes csenget\u00e9si rend <\/strong><\/p>\r\n<p style=\"text-align: left;\">\u00a0<\/p>\r\n<table style=\"background-color: #e7dfb4; width: 237px; border: 2px solid #ffffff;\" border=\"2\" cellspacing=\"2\" cellpadding=\"5\" align=\"center\">\r\n<tbody>\r\n<tr style=\"background-color: #dcd08f;\">\r\n<td style=\"text-align: center;\"><strong>\u00d3ra<\/strong><\/td>\r\n<td style=\"text-align: center;\"><strong>\u00d3ra id\u0151tartama<\/strong><\/td>\r\n<td style=\"text-align: center;\"><strong>Sz\u00fcnet<\/strong><\/td>\r\n<\/tr>\r\n<tr>\r\n<td style=\"text-align: center;\">1.<\/td>\r\n<td style=\"text-align: center;\">7<sup>45<\/sup> - 8<sup>15<\/sup><\/td>\r\n<td style=\"text-align: center;\">8<sup>15<\/sup> - 8<sup>30<\/sup><\/td>\r\n<\/tr>\r\n<tr>\r\n<td style=\"text-align: center;\">2.<\/td>\r\n<td style=\"text-align: center;\">8<sup>30<\/sup> - 9<sup>00<\/sup><\/td>\r\n<td style=\"text-align: center;\">9<sup>00<\/sup> - 9<sup>15<\/sup><\/td>\r\n<\/tr>\r\n<tr>\r\n<td style=\"text-align: center;\">3.<\/td>\r\n<td style=\"text-align: center;\">9<sup>15<\/sup> - 9<sup>45<\/sup><\/td>\r\n<td style=\"text-align: center;\">9<sup>45<\/sup> - 9<sup>55<\/sup><\/td>\r\n<\/tr>\r\n<tr>\r\n<td style=\"text-align: center;\">4.<\/td>\r\n<td style=\"text-align: center;\">9<sup>55<\/sup> - 10<sup>25<\/sup><\/td>\r\n<td style=\"text-align: center;\">10<sup>25<\/sup> - 10<sup>35<\/sup><\/td>\r\n<\/tr>\r\n<tr>\r\n<td style=\"text-align: center;\">5.<\/td>\r\n<td style=\"text-align: center;\">10<sup>35<\/sup> - 11<sup>05<\/sup><\/td>\r\n<td style=\"text-align: center;\">11<sup>05<\/sup> - 11<sup>15<\/sup><\/td>\r\n<\/tr>\r\n<tr>\r\n<td style=\"text-align: center;\">6.<\/td>\r\n<td style=\"text-align: center;\">11<sup>15<\/sup> - 11<sup>45<\/sup><\/td>\r\n<td><\/td>\r\n<\/tr>\r\n<\/tbody>\r\n<\/table>\r\n<p style=\"text-align: center;\">\ufeff<\/p>","_et_gb_content_width":"","footnotes":""},"class_list":["post-62","page","type-page","status-publish","hentry"],"_links":{"self":[{"href":"https:\/\/szentes-klauzalgabor.hu\/iskola\/wp-json\/wp\/v2\/pages\/62","targetHints":{"allow":["GET"]}}],"collection":[{"href":"https:\/\/szentes-klauzalgabor.hu\/iskola\/wp-json\/wp\/v2\/pages"}],"about":[{"href":"https:\/\/szentes-klauzalgabor.hu\/iskola\/wp-json\/wp\/v2\/types\/page"}],"author":[{"embeddable":true,"href":"https:\/\/szentes-klauzalgabor.hu\/iskola\/wp-json\/wp\/v2\/users\/1"}],"replies":[{"embeddable":true,"href":"https:\/\/szentes-klauzalgabor.hu\/iskola\/wp-json\/wp\/v2\/comments?post=62"}],"version-history":[{"count":53,"href":"https:\/\/szentes-klauzalgabor.hu\/iskola\/wp-json\/wp\/v2\/pages\/62\/revisions"}],"predecessor-version":[{"id":26798,"href":"https:\/\/szentes-klauzalgabor.hu\/iskola\/wp-json\/wp\/v2\/pages\/62\/revisions\/26798"}],"up":[{"embeddable":true,"href":"https:\/\/szentes-klauzalgabor.hu\/iskola\/wp-json\/wp\/v2\/pages\/55"}],"wp:attachment":[{"href":"https:\/\/szentes-klauzalgabor.hu\/iskola\/wp-json\/wp\/v2\/media?parent=62"}],"curies":[{"name":"wp","href":"https:\/\/api.w.org\/{rel}","templated":true}]}}