{"id":69,"date":"2011-03-23T12:23:00","date_gmt":"2011-03-23T12:23:00","guid":{"rendered":"https:\/\/szentes-klauzalgabor.hu\/iskola\/?page_id=69"},"modified":"2026-03-05T12:20:29","modified_gmt":"2026-03-05T11:20:29","slug":"tanaraink","status":"publish","type":"page","link":"https:\/\/szentes-klauzalgabor.hu\/iskola\/tantestuletunk\/tanaraink","title":{"rendered":"Tan\u00e1raink"},"content":{"rendered":"<p>[et_pb_section fb_built=&#8221;1&#8243; admin_label=&#8221;section&#8221; _builder_version=&#8221;4.27.4&#8243; background_color=&#8221;#fff6d3&#8243; custom_padding=&#8221;6px|||||&#8221; global_colors_info=&#8221;{}&#8221;][et_pb_row _builder_version=&#8221;4.27.4&#8243; _module_preset=&#8221;default&#8221; global_colors_info=&#8221;{}&#8221;][et_pb_column type=&#8221;4_4&#8243; _builder_version=&#8221;4.27.4&#8243; _module_preset=&#8221;default&#8221; global_colors_info=&#8221;{}&#8221;][et_pb_text _builder_version=&#8221;4.27.4&#8243; _module_preset=&#8221;default&#8221; global_colors_info=&#8221;{}&#8221;]<\/p>\n<h1 style=\"text-align: center;\">Tan\u00e1raink<\/h1>\n<p>[\/et_pb_text][\/et_pb_column][\/et_pb_row][et_pb_row _builder_version=&#8221;4.27.4&#8243; _module_preset=&#8221;default&#8221; global_colors_info=&#8221;{}&#8221;][et_pb_column type=&#8221;4_4&#8243; _builder_version=&#8221;4.27.4&#8243; _module_preset=&#8221;default&#8221; global_colors_info=&#8221;{}&#8221;][et_pb_text _builder_version=&#8221;4.27.4&#8243; _module_preset=&#8221;default&#8221; hover_enabled=&#8221;0&#8243; text_font_size_tablet=&#8221;&#8221; text_font_size_phone=&#8221;14px&#8221; text_font_size_last_edited=&#8221;on|phone&#8221; global_colors_info=&#8221;{}&#8221; sticky_enabled=&#8221;0&#8243;]<\/p>\n<p data-start=\"112\" data-end=\"206\"><strong data-start=\"112\" data-end=\"128\">B\u00e1lint \u00c1gnes<\/strong> tan\u00edt\u00f3, nyelv \u2013 \u00e9s besz\u00e9dfejleszt\u0151 pedag\u00f3gus<br data-start=\"176\" data-end=\"179\" \/><a data-start=\"179\" data-end=\"204\" class=\"decorated-link cursor-pointer\" rel=\"noopener\">balintagnes1975@gmail.com<span aria-hidden=\"true\" class=\"ms-0.5 inline-block align-middle leading-none\"><svg xmlns=\"http:\/\/www.w3.org\/2000\/svg\" width=\"20\" height=\"20\" aria-hidden=\"true\" data-rtl-flip=\"\" class=\"block h-[0.75em] w-[0.75em] stroke-current stroke-[0.75]\"><use href=\"\/cdn\/assets\/sprites-core-dke54l9x.svg#304883\" fill=\"currentColor\"><\/use><\/svg><\/span><\/a><\/p>\n<p data-start=\"208\" data-end=\"301\"><strong data-start=\"208\" data-end=\"225\">B\u00e1lint Anetta<\/strong> tan\u00edt\u00f3, n\u00e9met nyelv- \u00e9s irodalom szakos tan\u00e1r<br data-start=\"274\" data-end=\"277\" \/><a data-start=\"277\" data-end=\"299\" class=\"decorated-link cursor-pointer\" rel=\"noopener\">balintanetta@gmail.com<span aria-hidden=\"true\" class=\"ms-0.5 inline-block align-middle leading-none\"><svg xmlns=\"http:\/\/www.w3.org\/2000\/svg\" width=\"20\" height=\"20\" aria-hidden=\"true\" data-rtl-flip=\"\" class=\"block h-[0.75em] w-[0.75em] stroke-current stroke-[0.75]\"><use href=\"\/cdn\/assets\/sprites-core-dke54l9x.svg#304883\" fill=\"currentColor\"><\/use><\/svg><\/span><\/a><\/p>\n<p data-start=\"303\" data-end=\"361\"><strong data-start=\"303\" data-end=\"320\">Bodrogi Anita<\/strong> tan\u00edt\u00f3<br data-start=\"330\" data-end=\"333\" \/><a data-start=\"333\" data-end=\"359\" class=\"decorated-link cursor-pointer\" rel=\"noopener\">bodrogianita1966@gmail.com<span aria-hidden=\"true\" class=\"ms-0.5 inline-block align-middle leading-none\"><svg xmlns=\"http:\/\/www.w3.org\/2000\/svg\" width=\"20\" height=\"20\" aria-hidden=\"true\" data-rtl-flip=\"\" class=\"block h-[0.75em] w-[0.75em] stroke-current stroke-[0.75]\"><use href=\"\/cdn\/assets\/sprites-core-dke54l9x.svg#304883\" fill=\"currentColor\"><\/use><\/svg><\/span><\/a><\/p>\n<p data-start=\"363\" data-end=\"446\"><strong data-start=\"363\" data-end=\"380\">Borb\u00e1s Istv\u00e1n<\/strong> fizika, k\u00e9mia, informatika, technika<br data-start=\"420\" data-end=\"423\" \/><a data-start=\"423\" data-end=\"444\" class=\"decorated-link cursor-pointer\" rel=\"noopener\">ityupityu77@gmail.com<span aria-hidden=\"true\" class=\"ms-0.5 inline-block align-middle leading-none\"><svg xmlns=\"http:\/\/www.w3.org\/2000\/svg\" width=\"20\" height=\"20\" aria-hidden=\"true\" data-rtl-flip=\"\" class=\"block h-[0.75em] w-[0.75em] stroke-current stroke-[0.75]\"><use href=\"\/cdn\/assets\/sprites-core-dke54l9x.svg#304883\" fill=\"currentColor\"><\/use><\/svg><\/span><\/a><\/p>\n<p data-start=\"363\" data-end=\"446\"><strong data-start=\"363\" data-end=\"380\">B\u00f3di Anett, tan\u00edt\u00f3<\/strong><br data-start=\"420\" data-end=\"423\" \/><a data-start=\"423\" data-end=\"444\" class=\"decorated-link cursor-pointer\" rel=\"noopener\">banett44@gmail.com<\/a><\/p>\n<p data-start=\"448\" data-end=\"539\"><strong data-start=\"448\" data-end=\"464\">D\u00e9vay Istv\u00e1n<\/strong> igazgat\u00f3, magyar-t\u00f6rt\u00e9nelem, m\u00e9diaismeret<br data-start=\"509\" data-end=\"512\" \/><a data-start=\"512\" data-end=\"537\" class=\"decorated-link cursor-pointer\" rel=\"noopener\">igazgato@szentes-klauzalgabor.hu<span aria-hidden=\"true\" class=\"ms-0.5 inline-block align-middle leading-none\"><svg xmlns=\"http:\/\/www.w3.org\/2000\/svg\" width=\"20\" height=\"20\" aria-hidden=\"true\" data-rtl-flip=\"\" class=\"block h-[0.75em] w-[0.75em] stroke-current stroke-[0.75]\"><use href=\"\/cdn\/assets\/sprites-core-dke54l9x.svg#304883\" fill=\"currentColor\"><\/use><\/svg><\/span><\/a><\/p>\n<p data-start=\"541\" data-end=\"601\"><strong data-start=\"541\" data-end=\"562\">D\u00e9vayn\u00e9 Szab\u00f3 \u00c9va<\/strong> n\u00e9met<br data-start=\"571\" data-end=\"574\" \/><a data-start=\"574\" data-end=\"599\" class=\"decorated-link cursor-pointer\" rel=\"noopener\">klauzal.szentes@gmail.com<span aria-hidden=\"true\" class=\"ms-0.5 inline-block align-middle leading-none\"><svg xmlns=\"http:\/\/www.w3.org\/2000\/svg\" width=\"20\" height=\"20\" aria-hidden=\"true\" data-rtl-flip=\"\" class=\"block h-[0.75em] w-[0.75em] stroke-current stroke-[0.75]\"><use href=\"\/cdn\/assets\/sprites-core-dke54l9x.svg#304883\" fill=\"currentColor\"><\/use><\/svg><\/span><\/a><\/p>\n<p data-start=\"603\" data-end=\"668\"><strong data-start=\"603\" data-end=\"626\">F\u00e1brikn\u00e9 Gy\u0151ri Edit<\/strong> n\u00e9met, t\u00f6rt\u00e9nelem<br data-start=\"647\" data-end=\"650\" \/><a data-start=\"650\" data-end=\"666\" class=\"decorated-link cursor-pointer\" rel=\"noopener\">gyedit@gmail.com<span aria-hidden=\"true\" class=\"ms-0.5 inline-block align-middle leading-none\"><svg xmlns=\"http:\/\/www.w3.org\/2000\/svg\" width=\"20\" height=\"20\" aria-hidden=\"true\" data-rtl-flip=\"\" class=\"block h-[0.75em] w-[0.75em] stroke-current stroke-[0.75]\"><use href=\"\/cdn\/assets\/sprites-core-dke54l9x.svg#304883\" fill=\"currentColor\"><\/use><\/svg><\/span><\/a><\/p>\n<p data-start=\"670\" data-end=\"740\"><strong data-start=\"670\" data-end=\"685\">F\u00e1ri Andrea<\/strong> magyar, t\u00f6rt\u00e9nelem, etika<br data-start=\"714\" data-end=\"717\" \/><a data-start=\"717\" data-end=\"738\" class=\"decorated-link cursor-pointer\" rel=\"noopener\">fari.andrea@gmail.com<span aria-hidden=\"true\" class=\"ms-0.5 inline-block align-middle leading-none\"><svg xmlns=\"http:\/\/www.w3.org\/2000\/svg\" width=\"20\" height=\"20\" aria-hidden=\"true\" data-rtl-flip=\"\" class=\"block h-[0.75em] w-[0.75em] stroke-current stroke-[0.75]\"><use href=\"\/cdn\/assets\/sprites-core-dke54l9x.svg#304883\" fill=\"currentColor\"><\/use><\/svg><\/span><\/a><\/p>\n<p data-start=\"742\" data-end=\"854\"><strong data-start=\"742\" data-end=\"766\">Garain\u00e9 Dombi Ildik\u00f3<\/strong> igazgat\u00f3-helyettes, tan\u00edt\u00f3, nyelv \u2013\u00e9s besz\u00e9dfejleszt\u0151 pedag\u00f3gus<br data-start=\"833\" data-end=\"836\" \/><a href=\"mailto:ighelyettes@szentes-klauzalgabor.hu\">ighelyettes@szentes-klauzalgabor.hu<\/a><a data-start=\"836\" data-end=\"852\" class=\"decorated-link cursor-pointer\" rel=\"noopener\"><span aria-hidden=\"true\" class=\"ms-0.5 inline-block align-middle leading-none\"><svg xmlns=\"http:\/\/www.w3.org\/2000\/svg\" width=\"20\" height=\"20\" aria-hidden=\"true\" data-rtl-flip=\"\" class=\"block h-[0.75em] w-[0.75em] stroke-current stroke-[0.75]\"><use href=\"\/cdn\/assets\/sprites-core-dke54l9x.svg#304883\" fill=\"currentColor\"><\/use><\/svg><\/span><\/a><\/p>\n<p data-start=\"856\" data-end=\"904\"><strong data-start=\"856\" data-end=\"871\">Gila L\u00e1szl\u00f3<\/strong> tan\u00edt\u00f3<br data-start=\"881\" data-end=\"884\" \/><a data-start=\"884\" data-end=\"902\" class=\"decorated-link cursor-pointer\" rel=\"noopener\">gilaci72@gmail.com<span aria-hidden=\"true\" class=\"ms-0.5 inline-block align-middle leading-none\"><svg xmlns=\"http:\/\/www.w3.org\/2000\/svg\" width=\"20\" height=\"20\" aria-hidden=\"true\" data-rtl-flip=\"\" class=\"block h-[0.75em] w-[0.75em] stroke-current stroke-[0.75]\"><use href=\"\/cdn\/assets\/sprites-core-dke54l9x.svg#304883\" fill=\"currentColor\"><\/use><\/svg><\/span><\/a><\/p>\n<p data-start=\"906\" data-end=\"973\"><strong data-start=\"906\" data-end=\"924\">Horv\u00e1th Ferenc<\/strong> informatika, matematika<br data-start=\"951\" data-end=\"954\" \/><a data-start=\"954\" data-end=\"971\" class=\"decorated-link cursor-pointer\" rel=\"noopener\">h735098@gmail.com<span aria-hidden=\"true\" class=\"ms-0.5 inline-block align-middle leading-none\"><svg xmlns=\"http:\/\/www.w3.org\/2000\/svg\" width=\"20\" height=\"20\" aria-hidden=\"true\" data-rtl-flip=\"\" class=\"block h-[0.75em] w-[0.75em] stroke-current stroke-[0.75]\"><use href=\"\/cdn\/assets\/sprites-core-dke54l9x.svg#304883\" fill=\"currentColor\"><\/use><\/svg><\/span><\/a><\/p>\n<p data-start=\"1054\" data-end=\"1117\"><strong data-start=\"1054\" data-end=\"1078\">Kuruczn\u00e9 Szab\u00f3 Anik\u00f3<\/strong> testnevel\u00e9s<br data-start=\"1093\" data-end=\"1096\" \/><a data-start=\"1096\" data-end=\"1115\" class=\"decorated-link cursor-pointer\" rel=\"noopener\">dse.aniko@gmail.com<span aria-hidden=\"true\" class=\"ms-0.5 inline-block align-middle leading-none\"><svg xmlns=\"http:\/\/www.w3.org\/2000\/svg\" width=\"20\" height=\"20\" aria-hidden=\"true\" data-rtl-flip=\"\" class=\"block h-[0.75em] w-[0.75em] stroke-current stroke-[0.75]\"><use href=\"\/cdn\/assets\/sprites-core-dke54l9x.svg#304883\" fill=\"currentColor\"><\/use><\/svg><\/span><\/a><\/p>\n<p data-start=\"1119\" data-end=\"1200\"><strong data-start=\"1119\" data-end=\"1143\">Moln\u00e1rn\u00e9 Kozma M\u00e1rta<\/strong> tan\u00edt\u00f3, fejleszt\u0151pedag\u00f3gus<br data-start=\"1173\" data-end=\"1176\" \/><a data-start=\"1176\" data-end=\"1198\" class=\"decorated-link cursor-pointer\" rel=\"noopener\">kozmamarti27@gmail.com<span aria-hidden=\"true\" class=\"ms-0.5 inline-block align-middle leading-none\"><svg xmlns=\"http:\/\/www.w3.org\/2000\/svg\" width=\"20\" height=\"20\" aria-hidden=\"true\" data-rtl-flip=\"\" class=\"block h-[0.75em] w-[0.75em] stroke-current stroke-[0.75]\"><use href=\"\/cdn\/assets\/sprites-core-dke54l9x.svg#304883\" fill=\"currentColor\"><\/use><\/svg><\/span><\/a><\/p>\n<p data-start=\"1279\" data-end=\"1344\"><strong data-start=\"1279\" data-end=\"1304\">\u00d3v\u00e1ri\u2013Endre Gabriella<\/strong> tan\u00edt\u00f3<br data-start=\"1314\" data-end=\"1317\" \/><a data-start=\"1317\" data-end=\"1342\" class=\"decorated-link cursor-pointer\" rel=\"noopener\">edregabriella01@gmail.com<span aria-hidden=\"true\" class=\"ms-0.5 inline-block align-middle leading-none\"><svg xmlns=\"http:\/\/www.w3.org\/2000\/svg\" width=\"20\" height=\"20\" aria-hidden=\"true\" data-rtl-flip=\"\" class=\"block h-[0.75em] w-[0.75em] stroke-current stroke-[0.75]\"><use href=\"\/cdn\/assets\/sprites-core-dke54l9x.svg#304883\" fill=\"currentColor\"><\/use><\/svg><\/span><\/a><\/p>\n<p data-start=\"1346\" data-end=\"1391\"><strong data-start=\"1346\" data-end=\"1359\">\u0150ze T\u00edmea<\/strong> tan\u00edt\u00f3<br data-start=\"1369\" data-end=\"1372\" \/><a href=\"mailto:ighelyettes@szentes-klauzalgabor.hu\">ighelyettes@szentes-klauzalgabor.hu<\/a><a data-start=\"1372\" data-end=\"1389\" class=\"decorated-link cursor-pointer\" rel=\"noopener\"><span aria-hidden=\"true\" class=\"ms-0.5 inline-block align-middle leading-none\"><svg xmlns=\"http:\/\/www.w3.org\/2000\/svg\" width=\"20\" height=\"20\" aria-hidden=\"true\" data-rtl-flip=\"\" class=\"block h-[0.75em] w-[0.75em] stroke-current stroke-[0.75]\"><use href=\"\/cdn\/assets\/sprites-core-dke54l9x.svg#304883\" fill=\"currentColor\"><\/use><\/svg><\/span><\/a><\/p>\n<p data-start=\"1447\" data-end=\"1516\"><strong data-start=\"1447\" data-end=\"1473\">Rozgonyin\u00e9 Szab\u00f3 M\u00e1ria<\/strong> angol, magyar<br data-start=\"1490\" data-end=\"1493\" \/><a data-start=\"1493\" data-end=\"1514\" class=\"decorated-link cursor-pointer\" rel=\"noopener\">teachermari@gmail.com<span aria-hidden=\"true\" class=\"ms-0.5 inline-block align-middle leading-none\"><svg xmlns=\"http:\/\/www.w3.org\/2000\/svg\" width=\"20\" height=\"20\" aria-hidden=\"true\" data-rtl-flip=\"\" class=\"block h-[0.75em] w-[0.75em] stroke-current stroke-[0.75]\"><use href=\"\/cdn\/assets\/sprites-core-dke54l9x.svg#304883\" fill=\"currentColor\"><\/use><\/svg><\/span><\/a><\/p>\n<p data-start=\"1518\" data-end=\"1576\"><strong data-start=\"1518\" data-end=\"1533\">Sprok J\u00e1nos<\/strong> rajz, f\u00f6ldrajz<br data-start=\"1551\" data-end=\"1554\" \/><a data-start=\"1554\" data-end=\"1574\" class=\"decorated-link cursor-pointer\" rel=\"noopener\">sprokjanos@gmail.com<span aria-hidden=\"true\" class=\"ms-0.5 inline-block align-middle leading-none\"><svg xmlns=\"http:\/\/www.w3.org\/2000\/svg\" width=\"20\" height=\"20\" aria-hidden=\"true\" data-rtl-flip=\"\" class=\"block h-[0.75em] w-[0.75em] stroke-current stroke-[0.75]\"><use href=\"\/cdn\/assets\/sprites-core-dke54l9x.svg#304883\" fill=\"currentColor\"><\/use><\/svg><\/span><\/a><\/p>\n<p data-start=\"1578\" data-end=\"1637\"><strong data-start=\"1578\" data-end=\"1597\">Sz\u0151ll\u0151si Ferenc<\/strong> testnevel\u00e9s<br data-start=\"1612\" data-end=\"1615\" \/><a data-start=\"1615\" data-end=\"1635\" class=\"decorated-link cursor-pointer\" rel=\"noopener\">mancitya@yahoo.co.uk<span aria-hidden=\"true\" class=\"ms-0.5 inline-block align-middle leading-none\"><svg xmlns=\"http:\/\/www.w3.org\/2000\/svg\" width=\"20\" height=\"20\" aria-hidden=\"true\" data-rtl-flip=\"\" class=\"block h-[0.75em] w-[0.75em] stroke-current stroke-[0.75]\"><use href=\"\/cdn\/assets\/sprites-core-dke54l9x.svg#304883\" fill=\"currentColor\"><\/use><\/svg><\/span><\/a><\/p>\n<p data-start=\"1639\" data-end=\"1743\"><strong data-start=\"1639\" data-end=\"1670\">Veres-Lakosn\u00e9 H\u00e9r\u00e1ny M\u00f3nika<\/strong> ifj\u00fas\u00e1gv\u00e9delmi felel\u0151s, fejleszt\u0151pedag\u00f3gus<br data-start=\"1716\" data-end=\"1719\" \/><a data-start=\"1719\" data-end=\"1741\" class=\"decorated-link cursor-pointer\" rel=\"noopener\">heranymonika@gmail.com<span aria-hidden=\"true\" class=\"ms-0.5 inline-block align-middle leading-none\"><svg xmlns=\"http:\/\/www.w3.org\/2000\/svg\" width=\"20\" height=\"20\" aria-hidden=\"true\" data-rtl-flip=\"\" class=\"block h-[0.75em] w-[0.75em] stroke-current stroke-[0.75]\"><use href=\"\/cdn\/assets\/sprites-core-dke54l9x.svg#304883\" fill=\"currentColor\"><\/use><\/svg><\/span><\/a><\/p>\n<p data-start=\"1745\" data-end=\"1839\">[\/et_pb_text][\/et_pb_column][\/et_pb_row][\/et_pb_section]<\/p>\n","protected":false},"excerpt":{"rendered":"<p>Tan\u00e1rainkB\u00e1lint \u00c1gnes tan\u00edt\u00f3, nyelv \u2013 \u00e9s besz\u00e9dfejleszt\u0151 pedag\u00f3gusbalintagnes1975@gmail.com B\u00e1lint Anetta tan\u00edt\u00f3, n\u00e9met nyelv- \u00e9s irodalom szakos tan\u00e1rbalintanetta@gmail.com Bodrogi Anita tan\u00edt\u00f3bodrogianita1966@gmail.com Borb\u00e1s Istv\u00e1n fizika, k\u00e9mia, informatika, technikaityupityu77@gmail.com B\u00f3di Anett, tan\u00edt\u00f3banett44@gmail.com D\u00e9vay Istv\u00e1n igazgat\u00f3, magyar-t\u00f6rt\u00e9nelem, m\u00e9diaismeretigazgato@szentes-klauzalgabor.hu D\u00e9vayn\u00e9 Szab\u00f3 \u00c9va n\u00e9metklauzal.szentes@gmail.com F\u00e1brikn\u00e9 Gy\u0151ri Edit n\u00e9met, t\u00f6rt\u00e9nelemgyedit@gmail.com F\u00e1ri Andrea magyar, t\u00f6rt\u00e9nelem, etikafari.andrea@gmail.com Garain\u00e9 Dombi Ildik\u00f3 igazgat\u00f3-helyettes, tan\u00edt\u00f3, nyelv \u2013\u00e9s [&hellip;]<\/p>\n","protected":false},"author":1,"featured_media":0,"parent":67,"menu_order":1,"comment_status":"closed","ping_status":"closed","template":"","meta":{"_et_pb_use_builder":"on","_et_pb_old_content":"<table style=\"width: 89.9566%;\" width=\"604\"><tbody><tr><td style=\"width: 32.0333%;\" width=\"131\"><strong>N\u00e9v<\/strong><\/td><td style=\"width: 31.7046%;\" width=\"120\"><strong>Tant\u00e1rgy<\/strong><\/td><td style=\"width: 25.223%;\" width=\"224\"><strong>E-mail c\u00edm<\/strong><\/td><td style=\"width: 90.7092%;\" width=\"128\"><strong>Fogad\u00f3 \u00f3ra<\/strong><\/td><\/tr><tr><td style=\"width: 32.0333%;\" width=\"131\"><strong>B\u00e1lint \u00c1gnes<\/strong><\/td><td style=\"width: 31.7046%;\" width=\"120\">tan\u00edt\u00f3, nyelv \u2013\u00e9s besz\u00e9dfejleszt\u0151 pedag\u00f3gus<\/td><td style=\"width: 25.223%;\" width=\"224\">balintagnes1975[kukac]gmail[pont]com<\/td><td style=\"width: 90.7092%;\" width=\"128\">h\u00e9tf\u0151, 5. \u00f3ra<\/td><\/tr><tr><td style=\"width: 32.0333%;\" width=\"131\"><strong>B\u00e1lint Anetta<\/strong><\/td><td style=\"width: 31.7046%;\" width=\"120\">tan\u00edt\u00f3, n\u00e9met<\/td><td style=\"width: 25.223%;\" width=\"224\">balintanetta[kukac]gmail[pont]com<\/td><td style=\"width: 90.7092%;\" width=\"128\">h\u00e9tf\u0151, 8. \u00f3ra<\/td><\/tr><tr><td style=\"width: 32.0333%;\" width=\"131\"><strong>Bodrogi Anita<\/strong><\/td><td style=\"width: 31.7046%;\" width=\"120\">tan\u00edt\u00f3<\/td><td style=\"width: 25.223%;\" width=\"224\">bodrogianita1966[kukac]gmail[pont]com<\/td><td style=\"width: 90.7092%;\" width=\"128\">szerda, 16:15<\/td><\/tr><tr><td style=\"width: 32.0333%;\" width=\"131\"><strong>Borb\u00e1s Istv\u00e1n<\/strong><\/td><td style=\"width: 31.7046%;\" width=\"120\">fizika, technika<\/td><td style=\"width: 25.223%;\" width=\"224\">klauzal.szentes[kukac]gmail[pont]com<\/td><td style=\"width: 90.7092%;\" width=\"128\">egy\u00e9ni megbesz\u00e9l\u00e9s alapj\u00e1n<\/td><\/tr><tr><td style=\"width: 32.0333%;\" width=\"131\"><strong>D\u00e9vay Istv\u00e1n<\/strong><\/td><td style=\"width: 31.7046%;\" width=\"120\">igazgat\u00f3, magyar-t\u00f6rt\u00e9nelem, m\u00e9diaismeret<\/td><td style=\"width: 25.223%;\" width=\"224\">klauzal.szentes[kukac]gmail[pont]com<\/td><td style=\"width: 90.7092%;\" width=\"128\">egy\u00e9ni megbesz\u00e9l\u00e9s alapj\u00e1n<\/td><\/tr><tr><td style=\"width: 32.0333%;\" width=\"131\"><strong>D\u00e9vayn\u00e9 Szab\u00f3 \u00c9va<\/strong><\/td><td style=\"width: 31.7046%;\" width=\"120\">n\u00e9met<\/td><td style=\"width: 25.223%;\" width=\"224\">klauzal.szentes[kukac]gmail[pont]com<\/td><td style=\"width: 90.7092%;\" width=\"128\">egy\u00e9ni megbesz\u00e9l\u00e9s alapj\u00e1n<\/td><\/tr><tr><td style=\"width: 32.0333%;\" width=\"131\"><strong>F\u00e1brikn\u00e9 Gy\u0151ri Edit<\/strong><\/td><td style=\"width: 31.7046%;\" width=\"120\">n\u00e9met, t\u00f6rt\u00e9nelem<\/td><td style=\"width: 25.223%;\" width=\"224\">gyedit[kukac]gmail[pont]com<\/td><td style=\"width: 90.7092%;\" width=\"128\">p\u00e9ntek, 4. \u00f3ra<\/td><\/tr><tr><td style=\"width: 32.0333%;\" width=\"131\"><strong>F\u00e1ri Andrea<\/strong><\/td><td style=\"width: 31.7046%;\" width=\"120\">magyar, t\u00f6rt\u00e9nelem, etika<\/td><td style=\"width: 25.223%;\" width=\"224\">fari.andrea[kukac]gmail[pont]com<\/td><td style=\"width: 90.7092%;\" width=\"128\">cs\u00fct\u00f6rt\u00f6k, 4. \u00f3ra<\/td><\/tr><tr><td style=\"width: 32.0333%;\" width=\"131\"><strong>Garain\u00e9 Dombi Ildik\u00f3<\/strong><\/td><td style=\"width: 31.7046%;\" width=\"120\">igazgat\u00f3-helyettes, tan\u00edt\u00f3, nyelv \u2013\u00e9s besz\u00e9dfejleszt\u0151 pedag\u00f3gus<\/td><td style=\"width: 25.223%;\" width=\"224\">gdildi[kukac]gmail[pont]com<\/td><td style=\"width: 90.7092%;\" width=\"128\">egy\u00e9ni megbesz\u00e9l\u00e9s alapj\u00e1n<\/td><\/tr><tr><td style=\"width: 32.0333%;\" width=\"131\"><strong>Gila L\u00e1szl\u00f3<\/strong><\/td><td style=\"width: 31.7046%;\" width=\"120\">tan\u00edt\u00f3<\/td><td style=\"width: 25.223%;\" width=\"224\">gilaci72[kukac]gmail[pont]com<\/td><td style=\"width: 90.7092%;\" width=\"128\">h\u00e9tf\u0151, 5. \u00f3ra<\/td><\/tr><tr><td style=\"width: 32.0333%;\" width=\"131\"><strong>Horv\u00e1th Ferenc<\/strong><\/td><td style=\"width: 31.7046%;\" width=\"120\">informatika, matematika<\/td><td style=\"width: 25.223%;\" width=\"224\">h735098[kukac]gmail[pont]com<\/td><td style=\"width: 90.7092%;\" width=\"128\">szerda, 5. \u00f3ra<\/td><\/tr><tr><td style=\"width: 32.0333%;\" width=\"131\"><strong>Keresztesn\u00e9 Farkas Erzs\u00e9bet<\/strong><\/td><td style=\"width: 31.7046%;\" width=\"120\">magyar, t\u00f6rt\u00e9nelem<\/td><td style=\"width: 25.223%;\" width=\"224\">ewolf1003[kukac]gmail[pont]com<\/td><td style=\"width: 90.7092%;\" width=\"128\">cs\u00fct\u00f6rt\u00f6k, 2. \u00f3ra<\/td><\/tr><tr><td style=\"width: 32.0333%;\" width=\"131\"><strong>Kuruczn\u00e9 Szab\u00f3 Anik\u00f3<\/strong><\/td><td style=\"width: 31.7046%;\" width=\"120\">testnevel\u00e9s<\/td><td style=\"width: 25.223%;\" width=\"224\">dse.aniko[kukac]gmail[pont]com<\/td><td style=\"width: 90.7092%;\" width=\"128\">egy\u00e9ni megbesz\u00e9l\u00e9s alapj\u00e1n<\/td><\/tr><tr><td style=\"width: 32.0333%;\" width=\"131\"><strong>Losonczin\u00e9 T\u00f3th Judit<\/strong><\/td><td style=\"width: 31.7046%;\" width=\"120\">tan\u00edt\u00f3<\/td><td style=\"width: 25.223%;\" width=\"224\">losonczinetothjudit[kukac]gmail[pont]com<\/td><td style=\"width: 90.7092%;\" width=\"128\">egy\u00e9ni megbesz\u00e9l\u00e9s alapj\u00e1n<\/td><\/tr><tr><td style=\"width: 32.0333%;\" width=\"131\"><strong>Moln\u00e1rn\u00e9 Kozma M\u00e1rta<\/strong><\/td><td style=\"width: 31.7046%;\" width=\"120\">tan\u00edt\u00f3, fejleszt\u0151pedag\u00f3gus<\/td><td style=\"width: 25.223%;\" width=\"224\">kozmamarti27[kukac]gmail[pont]com<\/td><td style=\"width: 90.7092%;\" width=\"128\">szerda, 5. \u00f3ra<\/td><\/tr><tr><td style=\"width: 32.0333%;\" width=\"131\"><strong>Nagy Zsuzsanna<\/strong><\/td><td style=\"width: 31.7046%;\" width=\"120\">magyar, \u00e9nek, dr\u00e1mapedag\u00f3gia<\/td><td style=\"width: 25.223%;\" width=\"224\">grandesz44[kukac]gmail[pont]com<\/td><td style=\"width: 90.7092%;\" width=\"128\">egy\u00e9ni megbesz\u00e9l\u00e9s alapj\u00e1n<\/td><\/tr><tr><td style=\"width: 32.0333%;\" width=\"131\"><strong>\u00d3v\u00e1ri\u2013Endre Gabriella<\/strong><\/td><td style=\"width: 31.7046%;\" width=\"120\">tan\u00edt\u00f3<\/td><td style=\"width: 25.223%;\" width=\"224\">edregabriella01[kukac]gmail[pont]com<\/td><td style=\"width: 90.7092%;\" width=\"128\">kedd, 4. \u00f3ra<\/td><\/tr><tr><td style=\"width: 32.0333%;\" width=\"131\"><strong>\u0150ze T\u00edmea<\/strong><\/td><td style=\"width: 31.7046%;\" width=\"120\">tan\u00edt\u00f3<\/td><td style=\"width: 25.223%;\" width=\"224\">timioze[kukac]gmail[pont]com<\/td><td style=\"width: 90.7092%;\" width=\"128\">h\u00e9tf\u0151, 4. \u00f3ra<\/td><\/tr><tr><td style=\"width: 32.0333%;\" width=\"131\"><strong>Papp Fruzsina<\/strong><\/td><td style=\"width: 31.7046%;\" width=\"120\">tan\u00edt\u00f3<\/td><td style=\"width: 25.223%;\" width=\"224\">\u00a0<\/td><td style=\"width: 90.7092%;\" width=\"128\">egy\u00e9ni megbesz\u00e9l\u00e9s alapj\u00e1n<\/td><\/tr><tr><td style=\"width: 32.0333%;\" width=\"131\"><strong>Rozgonyin\u00e9 Szab\u00f3 M\u00e1ria<\/strong><\/td><td style=\"width: 31.7046%;\" width=\"120\">angol, magyar<\/td><td style=\"width: 25.223%;\" width=\"224\">teachermari[kukac]gmail[pont]com<\/td><td style=\"width: 90.7092%;\" width=\"128\">egy\u00e9ni megbesz\u00e9l\u00e9s alapj\u00e1n<\/td><\/tr><tr><td style=\"width: 32.0333%;\" width=\"131\"><strong>Sprok J\u00e1nos<\/strong><\/td><td style=\"width: 31.7046%;\" width=\"120\">rajz, f\u00f6ldrajz<\/td><td style=\"width: 25.223%;\" width=\"224\">sprokjanos[kukac]gmail[pont]com<\/td><td style=\"width: 90.7092%;\" width=\"128\">cs\u00fct\u00f6rt\u00f6k, 3. \u00f3ra<\/td><\/tr><tr><td style=\"width: 32.0333%;\" width=\"131\"><strong>Sz\u0151ll\u0151si Ferenc<\/strong><\/td><td style=\"width: 31.7046%;\" width=\"120\">testnevel\u00e9s<\/td><td style=\"width: 25.223%;\" width=\"224\">mancitya@yahoo.co.uk<\/td><td style=\"width: 90.7092%;\" width=\"128\">h\u00e9tf\u0151, 5. \u00f3ra<\/td><\/tr><tr><td style=\"width: 32.0333%;\" width=\"131\"><strong>Veres-Lakosn\u00e9 H\u00e9r\u00e1ny M\u00f3nika<\/strong><\/td><td style=\"width: 31.7046%;\" width=\"120\">ifj\u00fas\u00e1gv\u00e9delmi felel\u0151s, fejleszt\u0151pedag\u00f3gus<\/td><td style=\"width: 25.223%;\" width=\"224\">heranymonika[kukac]gmail[pont]com<\/td><td style=\"width: 90.7092%;\" width=\"128\">h\u00e1tf\u0151, 8:00 - 9:00<\/td><\/tr><tr><td style=\"width: 32.0333%;\" width=\"131\"><strong>Vir\u00e1g-Fazekas Petra<\/strong><\/td><td style=\"width: 31.7046%;\" width=\"120\">biol\u00f3gia, f\u00f6ldrajz, eg\u00e9szs\u00e9gtan<\/td><td style=\"width: 25.223%;\" width=\"224\">fazekaspetra87[kukac]gmail[pont]com<\/td><td style=\"width: 90.7092%;\" width=\"128\">cs\u00fct\u00f6rt\u00f6k, 3. \u00f3ra<\/td><\/tr><\/tbody><\/table>","_et_gb_content_width":"","footnotes":""},"class_list":["post-69","page","type-page","status-publish","hentry"],"_links":{"self":[{"href":"https:\/\/szentes-klauzalgabor.hu\/iskola\/wp-json\/wp\/v2\/pages\/69","targetHints":{"allow":["GET"]}}],"collection":[{"href":"https:\/\/szentes-klauzalgabor.hu\/iskola\/wp-json\/wp\/v2\/pages"}],"about":[{"href":"https:\/\/szentes-klauzalgabor.hu\/iskola\/wp-json\/wp\/v2\/types\/page"}],"author":[{"embeddable":true,"href":"https:\/\/szentes-klauzalgabor.hu\/iskola\/wp-json\/wp\/v2\/users\/1"}],"replies":[{"embeddable":true,"href":"https:\/\/szentes-klauzalgabor.hu\/iskola\/wp-json\/wp\/v2\/comments?post=69"}],"version-history":[{"count":77,"href":"https:\/\/szentes-klauzalgabor.hu\/iskola\/wp-json\/wp\/v2\/pages\/69\/revisions"}],"predecessor-version":[{"id":27104,"href":"https:\/\/szentes-klauzalgabor.hu\/iskola\/wp-json\/wp\/v2\/pages\/69\/revisions\/27104"}],"up":[{"embeddable":true,"href":"https:\/\/szentes-klauzalgabor.hu\/iskola\/wp-json\/wp\/v2\/pages\/67"}],"wp:attachment":[{"href":"https:\/\/szentes-klauzalgabor.hu\/iskola\/wp-json\/wp\/v2\/media?parent=69"}],"curies":[{"name":"wp","href":"https:\/\/api.w.org\/{rel}","templated":true}]}}