{"id":7256,"date":"2013-02-05T10:42:44","date_gmt":"2013-02-05T09:42:44","guid":{"rendered":"https:\/\/szentes-klauzalgabor.hu\/iskola"},"modified":"2013-02-05T10:43:06","modified_gmt":"2013-02-05T09:43:06","slug":"a-tel-szepsegei-rajzpalyazat","status":"publish","type":"page","link":"https:\/\/szentes-klauzalgabor.hu\/iskola\/fotoalbum\/ovoda-iskola-atmenet-rejtett\/a-tel-szepsegei-rajzpalyazat","title":{"rendered":"A T\u00e9l sz\u00e9ps\u00e9gei rajzp\u00e1ly\u00e1zat"},"content":{"rendered":"<p><em>2013. janu\u00e1r 31.<\/em><\/p>\n<p>Az \u00f3vod\u00e1sok r\u00e9sz\u00e9re meghirdetett &#8222;T\u00e9l sz\u00e9ps\u00e9gei&#8221; rajzp\u00e1ly\u00e1zat eredm\u00e9nyhirdet\u00e9se iskol\u00e1nkban janu\u00e1r 31-\u00e9n ker\u00fclt megrendez\u00e9sre. Hat \u00f3voda \u00fcgyes kez\u0171 csemet\u00e9inek munk\u00e1ib\u00f3l \u00e1llt \u00f6ssze a ki\u00e1ll\u00edt\u00e1s. A gyerekek csoportban \u00e9s egy\u00e9nileg is dolgozhattak b\u00e1rmilyen technik\u00e1val.<\/p>\n<p>Oklevelet kaptak:<\/p>\n<ul>\n<li><strong>R\u00e1k\u00f3czi utcai \u00d3voda<\/strong> a legharmonikusabb \u00e9s &#8222;legz\u00f6ldebb&#8221; munk\u00e1\u00e9rt.<\/li>\n<li><strong>Szent Anna utcai \u00d3voda<\/strong> a &#8222;leg\u00f6tletesebb&#8221; munk\u00e1\u00e9rt.<\/li>\n<li><strong>V\u00e1s\u00e1rhelyi \u00fati \u00d3voda<\/strong> a &#8222;legegyedibb&#8221; munk\u00e1\u00e9rt.<\/li>\n<li><strong>Farkas Antal utcai \u00d3voda<\/strong> a &#8222;legvid\u00e1mabb&#8221; munk\u00e1\u00e9rt.<\/li>\n<li><strong>Apponyi t\u00e9ri \u00d3voda<\/strong> a &#8222;legv\u00e1ltozatosabb&#8221; munk\u00e1\u00e9rt.<\/li>\n<li><strong>Nyolcsz\u00ednvir\u00e1g \u00d3voda<\/strong> a &#8222;legm\u00f3k\u00e1sabb&#8221; munk\u00e1\u00e9rt.<\/li>\n<\/ul>\n<p>Egy\u00e9ni d\u00edjazottak:<\/p>\n<ul>\n<li><strong>Par\u00e1di Tam\u00e1s<\/strong> (Apponyi t\u00e9ri \u00d3voda)<\/li>\n<li><strong>Arat\u00f3 Lili<\/strong> (Apponyi t\u00e9ri \u00d3voda)<\/li>\n<li><strong>Nemes N\u00f3ra<\/strong> (Apponyi t\u00e9ri \u00d3voda)<\/li>\n<li><strong>Olasz Ivett<\/strong> (Nyolcsz\u00ednvir\u00e1g \u00d3voda)<\/li>\n<\/ul>\n<p>Gratul\u00e1lunk nekik \u00e9s tov\u00e1bbi rajzol\u00e1sra biztatjuk \u0151ket!<\/p>\n\n\t\t<style type=\"text\/css\">\n\t\t\t#gallery-1 {\n\t\t\t\tmargin: auto;\n\t\t\t}\n\t\t\t#gallery-1 .gallery-item {\n\t\t\t\tfloat: left;\n\t\t\t\tmargin-top: 10px;\n\t\t\t\ttext-align: center;\n\t\t\t\twidth: 25%;\n\t\t\t}\n\t\t\t#gallery-1 img {\n\t\t\t\tborder: 2px solid #cfcfcf;\n\t\t\t}\n\t\t\t#gallery-1 .gallery-caption {\n\t\t\t\tmargin-left: 0;\n\t\t\t}\n\t\t\t\/* see gallery_shortcode() in wp-includes\/media.php *\/\n\t\t<\/style>\n\t\t<div id='gallery-1' class='gallery galleryid-7256 gallery-columns-4 gallery-size-thumbnail'><dl class='gallery-item'>\n\t\t\t<dt class='gallery-icon landscape'>\n\t\t\t\t<a href='https:\/\/szentes-klauzalgabor.hu\/iskola\/wp-content\/uploads\/2013\/02\/130131_001.jpg'><img loading=\"lazy\" decoding=\"async\" width=\"150\" height=\"150\" src=\"https:\/\/szentes-klauzalgabor.hu\/iskola\/wp-content\/uploads\/2013\/02\/130131_001-150x150.jpg\" class=\"attachment-thumbnail size-thumbnail\" alt=\"\" \/><\/a>\n\t\t\t<\/dt><\/dl><dl class='gallery-item'>\n\t\t\t<dt class='gallery-icon landscape'>\n\t\t\t\t<a href='https:\/\/szentes-klauzalgabor.hu\/iskola\/wp-content\/uploads\/2013\/02\/130131_002.jpg'><img loading=\"lazy\" decoding=\"async\" width=\"150\" height=\"150\" src=\"https:\/\/szentes-klauzalgabor.hu\/iskola\/wp-content\/uploads\/2013\/02\/130131_002-150x150.jpg\" class=\"attachment-thumbnail size-thumbnail\" alt=\"\" \/><\/a>\n\t\t\t<\/dt><\/dl><dl class='gallery-item'>\n\t\t\t<dt class='gallery-icon landscape'>\n\t\t\t\t<a href='https:\/\/szentes-klauzalgabor.hu\/iskola\/wp-content\/uploads\/2013\/02\/130131_003.jpg'><img loading=\"lazy\" decoding=\"async\" width=\"150\" height=\"150\" src=\"https:\/\/szentes-klauzalgabor.hu\/iskola\/wp-content\/uploads\/2013\/02\/130131_003-150x150.jpg\" class=\"attachment-thumbnail size-thumbnail\" alt=\"\" \/><\/a>\n\t\t\t<\/dt><\/dl><dl class='gallery-item'>\n\t\t\t<dt class='gallery-icon landscape'>\n\t\t\t\t<a href='https:\/\/szentes-klauzalgabor.hu\/iskola\/wp-content\/uploads\/2013\/02\/130131_004.jpg'><img loading=\"lazy\" decoding=\"async\" width=\"150\" height=\"150\" src=\"https:\/\/szentes-klauzalgabor.hu\/iskola\/wp-content\/uploads\/2013\/02\/130131_004-150x150.jpg\" class=\"attachment-thumbnail size-thumbnail\" alt=\"\" \/><\/a>\n\t\t\t<\/dt><\/dl><br style=\"clear: both\" \/><dl class='gallery-item'>\n\t\t\t<dt class='gallery-icon landscape'>\n\t\t\t\t<a href='https:\/\/szentes-klauzalgabor.hu\/iskola\/wp-content\/uploads\/2013\/02\/130131_005.jpg'><img loading=\"lazy\" decoding=\"async\" width=\"150\" height=\"150\" src=\"https:\/\/szentes-klauzalgabor.hu\/iskola\/wp-content\/uploads\/2013\/02\/130131_005-150x150.jpg\" class=\"attachment-thumbnail size-thumbnail\" alt=\"\" \/><\/a>\n\t\t\t<\/dt><\/dl><dl class='gallery-item'>\n\t\t\t<dt class='gallery-icon landscape'>\n\t\t\t\t<a href='https:\/\/szentes-klauzalgabor.hu\/iskola\/wp-content\/uploads\/2013\/02\/130131_006.jpg'><img loading=\"lazy\" decoding=\"async\" width=\"150\" height=\"150\" src=\"https:\/\/szentes-klauzalgabor.hu\/iskola\/wp-content\/uploads\/2013\/02\/130131_006-150x150.jpg\" class=\"attachment-thumbnail size-thumbnail\" alt=\"\" \/><\/a>\n\t\t\t<\/dt><\/dl><dl class='gallery-item'>\n\t\t\t<dt class='gallery-icon landscape'>\n\t\t\t\t<a href='https:\/\/szentes-klauzalgabor.hu\/iskola\/wp-content\/uploads\/2013\/02\/130131_007.jpg'><img loading=\"lazy\" decoding=\"async\" width=\"150\" height=\"150\" src=\"https:\/\/szentes-klauzalgabor.hu\/iskola\/wp-content\/uploads\/2013\/02\/130131_007-150x150.jpg\" class=\"attachment-thumbnail size-thumbnail\" alt=\"\" \/><\/a>\n\t\t\t<\/dt><\/dl><dl class='gallery-item'>\n\t\t\t<dt class='gallery-icon landscape'>\n\t\t\t\t<a href='https:\/\/szentes-klauzalgabor.hu\/iskola\/wp-content\/uploads\/2013\/02\/130131_008.jpg'><img loading=\"lazy\" decoding=\"async\" width=\"150\" height=\"150\" src=\"https:\/\/szentes-klauzalgabor.hu\/iskola\/wp-content\/uploads\/2013\/02\/130131_008-150x150.jpg\" class=\"attachment-thumbnail size-thumbnail\" alt=\"\" \/><\/a>\n\t\t\t<\/dt><\/dl><br style=\"clear: both\" \/><dl class='gallery-item'>\n\t\t\t<dt class='gallery-icon landscape'>\n\t\t\t\t<a href='https:\/\/szentes-klauzalgabor.hu\/iskola\/wp-content\/uploads\/2013\/02\/130131_009.jpg'><img loading=\"lazy\" decoding=\"async\" width=\"150\" height=\"150\" src=\"https:\/\/szentes-klauzalgabor.hu\/iskola\/wp-content\/uploads\/2013\/02\/130131_009-150x150.jpg\" class=\"attachment-thumbnail size-thumbnail\" alt=\"\" \/><\/a>\n\t\t\t<\/dt><\/dl><dl class='gallery-item'>\n\t\t\t<dt class='gallery-icon landscape'>\n\t\t\t\t<a href='https:\/\/szentes-klauzalgabor.hu\/iskola\/wp-content\/uploads\/2013\/02\/130131_010.jpg'><img loading=\"lazy\" decoding=\"async\" width=\"150\" height=\"150\" src=\"https:\/\/szentes-klauzalgabor.hu\/iskola\/wp-content\/uploads\/2013\/02\/130131_010-150x150.jpg\" class=\"attachment-thumbnail size-thumbnail\" alt=\"\" \/><\/a>\n\t\t\t<\/dt><\/dl><dl class='gallery-item'>\n\t\t\t<dt class='gallery-icon landscape'>\n\t\t\t\t<a href='https:\/\/szentes-klauzalgabor.hu\/iskola\/wp-content\/uploads\/2013\/02\/130131_011.jpg'><img loading=\"lazy\" decoding=\"async\" width=\"150\" height=\"150\" src=\"https:\/\/szentes-klauzalgabor.hu\/iskola\/wp-content\/uploads\/2013\/02\/130131_011-150x150.jpg\" class=\"attachment-thumbnail size-thumbnail\" alt=\"\" \/><\/a>\n\t\t\t<\/dt><\/dl><dl class='gallery-item'>\n\t\t\t<dt class='gallery-icon landscape'>\n\t\t\t\t<a href='https:\/\/szentes-klauzalgabor.hu\/iskola\/wp-content\/uploads\/2013\/02\/130131_012.jpg'><img loading=\"lazy\" decoding=\"async\" width=\"150\" height=\"150\" src=\"https:\/\/szentes-klauzalgabor.hu\/iskola\/wp-content\/uploads\/2013\/02\/130131_012-150x150.jpg\" class=\"attachment-thumbnail size-thumbnail\" alt=\"\" \/><\/a>\n\t\t\t<\/dt><\/dl><br style=\"clear: both\" \/><dl class='gallery-item'>\n\t\t\t<dt class='gallery-icon landscape'>\n\t\t\t\t<a href='https:\/\/szentes-klauzalgabor.hu\/iskola\/wp-content\/uploads\/2013\/02\/130131_013.jpg'><img loading=\"lazy\" decoding=\"async\" width=\"150\" height=\"150\" src=\"https:\/\/szentes-klauzalgabor.hu\/iskola\/wp-content\/uploads\/2013\/02\/130131_013-150x150.jpg\" class=\"attachment-thumbnail size-thumbnail\" alt=\"\" \/><\/a>\n\t\t\t<\/dt><\/dl><dl class='gallery-item'>\n\t\t\t<dt class='gallery-icon landscape'>\n\t\t\t\t<a href='https:\/\/szentes-klauzalgabor.hu\/iskola\/wp-content\/uploads\/2013\/02\/130131_014.jpg'><img loading=\"lazy\" decoding=\"async\" width=\"150\" height=\"150\" src=\"https:\/\/szentes-klauzalgabor.hu\/iskola\/wp-content\/uploads\/2013\/02\/130131_014-150x150.jpg\" class=\"attachment-thumbnail size-thumbnail\" alt=\"\" \/><\/a>\n\t\t\t<\/dt><\/dl><dl class='gallery-item'>\n\t\t\t<dt class='gallery-icon landscape'>\n\t\t\t\t<a href='https:\/\/szentes-klauzalgabor.hu\/iskola\/wp-content\/uploads\/2013\/02\/130131_015.jpg'><img loading=\"lazy\" decoding=\"async\" width=\"150\" height=\"150\" src=\"https:\/\/szentes-klauzalgabor.hu\/iskola\/wp-content\/uploads\/2013\/02\/130131_015-150x150.jpg\" class=\"attachment-thumbnail size-thumbnail\" alt=\"\" \/><\/a>\n\t\t\t<\/dt><\/dl><dl class='gallery-item'>\n\t\t\t<dt class='gallery-icon landscape'>\n\t\t\t\t<a href='https:\/\/szentes-klauzalgabor.hu\/iskola\/wp-content\/uploads\/2013\/02\/130131_016.jpg'><img loading=\"lazy\" decoding=\"async\" width=\"150\" height=\"150\" src=\"https:\/\/szentes-klauzalgabor.hu\/iskola\/wp-content\/uploads\/2013\/02\/130131_016-150x150.jpg\" class=\"attachment-thumbnail size-thumbnail\" alt=\"\" \/><\/a>\n\t\t\t<\/dt><\/dl><br style=\"clear: both\" \/><dl class='gallery-item'>\n\t\t\t<dt class='gallery-icon landscape'>\n\t\t\t\t<a href='https:\/\/szentes-klauzalgabor.hu\/iskola\/wp-content\/uploads\/2013\/02\/130131_017.jpg'><img loading=\"lazy\" decoding=\"async\" width=\"150\" height=\"150\" src=\"https:\/\/szentes-klauzalgabor.hu\/iskola\/wp-content\/uploads\/2013\/02\/130131_017-150x150.jpg\" class=\"attachment-thumbnail size-thumbnail\" alt=\"\" \/><\/a>\n\t\t\t<\/dt><\/dl><dl class='gallery-item'>\n\t\t\t<dt class='gallery-icon landscape'>\n\t\t\t\t<a href='https:\/\/szentes-klauzalgabor.hu\/iskola\/wp-content\/uploads\/2013\/02\/130131_018.jpg'><img loading=\"lazy\" decoding=\"async\" width=\"150\" height=\"150\" src=\"https:\/\/szentes-klauzalgabor.hu\/iskola\/wp-content\/uploads\/2013\/02\/130131_018-150x150.jpg\" class=\"attachment-thumbnail size-thumbnail\" alt=\"\" \/><\/a>\n\t\t\t<\/dt><\/dl><dl class='gallery-item'>\n\t\t\t<dt class='gallery-icon landscape'>\n\t\t\t\t<a href='https:\/\/szentes-klauzalgabor.hu\/iskola\/wp-content\/uploads\/2013\/02\/130131_019.jpg'><img loading=\"lazy\" decoding=\"async\" width=\"150\" height=\"150\" src=\"https:\/\/szentes-klauzalgabor.hu\/iskola\/wp-content\/uploads\/2013\/02\/130131_019-150x150.jpg\" class=\"attachment-thumbnail size-thumbnail\" alt=\"\" \/><\/a>\n\t\t\t<\/dt><\/dl><dl class='gallery-item'>\n\t\t\t<dt class='gallery-icon landscape'>\n\t\t\t\t<a href='https:\/\/szentes-klauzalgabor.hu\/iskola\/wp-content\/uploads\/2013\/02\/130131_020.jpg'><img loading=\"lazy\" decoding=\"async\" width=\"150\" height=\"150\" src=\"https:\/\/szentes-klauzalgabor.hu\/iskola\/wp-content\/uploads\/2013\/02\/130131_020-150x150.jpg\" class=\"attachment-thumbnail size-thumbnail\" alt=\"\" \/><\/a>\n\t\t\t<\/dt><\/dl><br style=\"clear: both\" \/><dl class='gallery-item'>\n\t\t\t<dt class='gallery-icon landscape'>\n\t\t\t\t<a href='https:\/\/szentes-klauzalgabor.hu\/iskola\/wp-content\/uploads\/2013\/02\/130131_021.jpg'><img loading=\"lazy\" decoding=\"async\" width=\"150\" height=\"150\" src=\"https:\/\/szentes-klauzalgabor.hu\/iskola\/wp-content\/uploads\/2013\/02\/130131_021-150x150.jpg\" class=\"attachment-thumbnail size-thumbnail\" alt=\"\" \/><\/a>\n\t\t\t<\/dt><\/dl><dl class='gallery-item'>\n\t\t\t<dt class='gallery-icon landscape'>\n\t\t\t\t<a href='https:\/\/szentes-klauzalgabor.hu\/iskola\/wp-content\/uploads\/2013\/02\/130131_022.jpg'><img loading=\"lazy\" decoding=\"async\" width=\"150\" height=\"150\" src=\"https:\/\/szentes-klauzalgabor.hu\/iskola\/wp-content\/uploads\/2013\/02\/130131_022-150x150.jpg\" class=\"attachment-thumbnail size-thumbnail\" alt=\"\" \/><\/a>\n\t\t\t<\/dt><\/dl><dl class='gallery-item'>\n\t\t\t<dt class='gallery-icon landscape'>\n\t\t\t\t<a href='https:\/\/szentes-klauzalgabor.hu\/iskola\/wp-content\/uploads\/2013\/02\/130131_023.jpg'><img loading=\"lazy\" decoding=\"async\" width=\"150\" height=\"150\" src=\"https:\/\/szentes-klauzalgabor.hu\/iskola\/wp-content\/uploads\/2013\/02\/130131_023-150x150.jpg\" class=\"attachment-thumbnail size-thumbnail\" alt=\"\" \/><\/a>\n\t\t\t<\/dt><\/dl><dl class='gallery-item'>\n\t\t\t<dt class='gallery-icon landscape'>\n\t\t\t\t<a href='https:\/\/szentes-klauzalgabor.hu\/iskola\/wp-content\/uploads\/2013\/02\/130131_024.jpg'><img loading=\"lazy\" decoding=\"async\" width=\"150\" height=\"150\" src=\"https:\/\/szentes-klauzalgabor.hu\/iskola\/wp-content\/uploads\/2013\/02\/130131_024-150x150.jpg\" class=\"attachment-thumbnail size-thumbnail\" alt=\"\" \/><\/a>\n\t\t\t<\/dt><\/dl><br style=\"clear: both\" \/><dl class='gallery-item'>\n\t\t\t<dt class='gallery-icon landscape'>\n\t\t\t\t<a href='https:\/\/szentes-klauzalgabor.hu\/iskola\/wp-content\/uploads\/2013\/02\/130131_025.jpg'><img loading=\"lazy\" decoding=\"async\" width=\"150\" height=\"150\" src=\"https:\/\/szentes-klauzalgabor.hu\/iskola\/wp-content\/uploads\/2013\/02\/130131_025-150x150.jpg\" class=\"attachment-thumbnail size-thumbnail\" alt=\"\" \/><\/a>\n\t\t\t<\/dt><\/dl><dl class='gallery-item'>\n\t\t\t<dt class='gallery-icon landscape'>\n\t\t\t\t<a href='https:\/\/szentes-klauzalgabor.hu\/iskola\/wp-content\/uploads\/2013\/02\/130131_026.jpg'><img loading=\"lazy\" decoding=\"async\" width=\"150\" height=\"150\" src=\"https:\/\/szentes-klauzalgabor.hu\/iskola\/wp-content\/uploads\/2013\/02\/130131_026-150x150.jpg\" class=\"attachment-thumbnail size-thumbnail\" alt=\"\" \/><\/a>\n\t\t\t<\/dt><\/dl><dl class='gallery-item'>\n\t\t\t<dt class='gallery-icon landscape'>\n\t\t\t\t<a href='https:\/\/szentes-klauzalgabor.hu\/iskola\/wp-content\/uploads\/2013\/02\/130131_027.jpg'><img loading=\"lazy\" decoding=\"async\" width=\"150\" height=\"150\" src=\"https:\/\/szentes-klauzalgabor.hu\/iskola\/wp-content\/uploads\/2013\/02\/130131_027-150x150.jpg\" class=\"attachment-thumbnail size-thumbnail\" alt=\"\" \/><\/a>\n\t\t\t<\/dt><\/dl><dl class='gallery-item'>\n\t\t\t<dt class='gallery-icon landscape'>\n\t\t\t\t<a href='https:\/\/szentes-klauzalgabor.hu\/iskola\/wp-content\/uploads\/2013\/02\/130131_028.jpg'><img loading=\"lazy\" decoding=\"async\" width=\"150\" height=\"150\" src=\"https:\/\/szentes-klauzalgabor.hu\/iskola\/wp-content\/uploads\/2013\/02\/130131_028-150x150.jpg\" class=\"attachment-thumbnail size-thumbnail\" alt=\"\" \/><\/a>\n\t\t\t<\/dt><\/dl><br style=\"clear: both\" \/><dl class='gallery-item'>\n\t\t\t<dt class='gallery-icon landscape'>\n\t\t\t\t<a href='https:\/\/szentes-klauzalgabor.hu\/iskola\/wp-content\/uploads\/2013\/02\/130131_029.jpg'><img loading=\"lazy\" decoding=\"async\" width=\"150\" height=\"150\" src=\"https:\/\/szentes-klauzalgabor.hu\/iskola\/wp-content\/uploads\/2013\/02\/130131_029-150x150.jpg\" class=\"attachment-thumbnail size-thumbnail\" alt=\"\" \/><\/a>\n\t\t\t<\/dt><\/dl><dl class='gallery-item'>\n\t\t\t<dt class='gallery-icon landscape'>\n\t\t\t\t<a href='https:\/\/szentes-klauzalgabor.hu\/iskola\/wp-content\/uploads\/2013\/02\/130131_030.jpg'><img loading=\"lazy\" decoding=\"async\" width=\"150\" height=\"150\" src=\"https:\/\/szentes-klauzalgabor.hu\/iskola\/wp-content\/uploads\/2013\/02\/130131_030-150x150.jpg\" class=\"attachment-thumbnail size-thumbnail\" alt=\"\" \/><\/a>\n\t\t\t<\/dt><\/dl><dl class='gallery-item'>\n\t\t\t<dt class='gallery-icon landscape'>\n\t\t\t\t<a href='https:\/\/szentes-klauzalgabor.hu\/iskola\/wp-content\/uploads\/2013\/02\/130131_031.jpg'><img loading=\"lazy\" decoding=\"async\" width=\"150\" height=\"150\" src=\"https:\/\/szentes-klauzalgabor.hu\/iskola\/wp-content\/uploads\/2013\/02\/130131_031-150x150.jpg\" class=\"attachment-thumbnail size-thumbnail\" alt=\"\" \/><\/a>\n\t\t\t<\/dt><\/dl><dl class='gallery-item'>\n\t\t\t<dt class='gallery-icon landscape'>\n\t\t\t\t<a href='https:\/\/szentes-klauzalgabor.hu\/iskola\/wp-content\/uploads\/2013\/02\/130131_032.jpg'><img loading=\"lazy\" decoding=\"async\" width=\"150\" height=\"150\" src=\"https:\/\/szentes-klauzalgabor.hu\/iskola\/wp-content\/uploads\/2013\/02\/130131_032-150x150.jpg\" class=\"attachment-thumbnail size-thumbnail\" alt=\"\" \/><\/a>\n\t\t\t<\/dt><\/dl><br style=\"clear: both\" \/><dl class='gallery-item'>\n\t\t\t<dt class='gallery-icon landscape'>\n\t\t\t\t<a href='https:\/\/szentes-klauzalgabor.hu\/iskola\/wp-content\/uploads\/2013\/02\/130131_033.jpg'><img loading=\"lazy\" decoding=\"async\" width=\"150\" height=\"150\" src=\"https:\/\/szentes-klauzalgabor.hu\/iskola\/wp-content\/uploads\/2013\/02\/130131_033-150x150.jpg\" class=\"attachment-thumbnail size-thumbnail\" alt=\"\" \/><\/a>\n\t\t\t<\/dt><\/dl><dl class='gallery-item'>\n\t\t\t<dt class='gallery-icon landscape'>\n\t\t\t\t<a href='https:\/\/szentes-klauzalgabor.hu\/iskola\/wp-content\/uploads\/2013\/02\/130131_034.jpg'><img loading=\"lazy\" decoding=\"async\" width=\"150\" height=\"150\" src=\"https:\/\/szentes-klauzalgabor.hu\/iskola\/wp-content\/uploads\/2013\/02\/130131_034-150x150.jpg\" class=\"attachment-thumbnail size-thumbnail\" alt=\"\" \/><\/a>\n\t\t\t<\/dt><\/dl>\n\t\t\t<br style='clear: both' \/>\n\t\t<\/div>\n\n","protected":false},"excerpt":{"rendered":"<p>2013. janu\u00e1r 31. Az \u00f3vod\u00e1sok r\u00e9sz\u00e9re meghirdetett &#8222;T\u00e9l sz\u00e9ps\u00e9gei&#8221; rajzp\u00e1ly\u00e1zat eredm\u00e9nyhirdet\u00e9se iskol\u00e1nkban janu\u00e1r 31-\u00e9n ker\u00fclt megrendez\u00e9sre. Hat \u00f3voda \u00fcgyes kez\u0171 csemet\u00e9inek munk\u00e1ib\u00f3l \u00e1llt \u00f6ssze a ki\u00e1ll\u00edt\u00e1s. A gyerekek csoportban \u00e9s egy\u00e9nileg is dolgozhattak b\u00e1rmilyen technik\u00e1val. Oklevelet kaptak: R\u00e1k\u00f3czi utcai \u00d3voda a legharmonikusabb \u00e9s &#8222;legz\u00f6ldebb&#8221; munk\u00e1\u00e9rt. Szent Anna utcai \u00d3voda a &#8222;leg\u00f6tletesebb&#8221; munk\u00e1\u00e9rt. V\u00e1s\u00e1rhelyi \u00fati \u00d3voda [&hellip;]<\/p>\n","protected":false},"author":1,"featured_media":0,"parent":5357,"menu_order":0,"comment_status":"closed","ping_status":"closed","template":"","meta":{"_et_pb_use_builder":"","_et_pb_old_content":"","_et_gb_content_width":"","footnotes":""},"class_list":["post-7256","page","type-page","status-publish","hentry"],"_links":{"self":[{"href":"https:\/\/szentes-klauzalgabor.hu\/iskola\/wp-json\/wp\/v2\/pages\/7256","targetHints":{"allow":["GET"]}}],"collection":[{"href":"https:\/\/szentes-klauzalgabor.hu\/iskola\/wp-json\/wp\/v2\/pages"}],"about":[{"href":"https:\/\/szentes-klauzalgabor.hu\/iskola\/wp-json\/wp\/v2\/types\/page"}],"author":[{"embeddable":true,"href":"https:\/\/szentes-klauzalgabor.hu\/iskola\/wp-json\/wp\/v2\/users\/1"}],"replies":[{"embeddable":true,"href":"https:\/\/szentes-klauzalgabor.hu\/iskola\/wp-json\/wp\/v2\/comments?post=7256"}],"version-history":[{"count":3,"href":"https:\/\/szentes-klauzalgabor.hu\/iskola\/wp-json\/wp\/v2\/pages\/7256\/revisions"}],"predecessor-version":[{"id":7295,"href":"https:\/\/szentes-klauzalgabor.hu\/iskola\/wp-json\/wp\/v2\/pages\/7256\/revisions\/7295"}],"up":[{"embeddable":true,"href":"https:\/\/szentes-klauzalgabor.hu\/iskola\/wp-json\/wp\/v2\/pages\/5357"}],"wp:attachment":[{"href":"https:\/\/szentes-klauzalgabor.hu\/iskola\/wp-json\/wp\/v2\/media?parent=7256"}],"curies":[{"name":"wp","href":"https:\/\/api.w.org\/{rel}","templated":true}]}}