{"id":8543,"date":"2013-05-28T08:06:29","date_gmt":"2013-05-28T07:06:29","guid":{"rendered":"https:\/\/szentes-klauzalgabor.hu\/iskola"},"modified":"2013-05-28T08:06:42","modified_gmt":"2013-05-28T07:06:42","slug":"kihivas-napja","status":"publish","type":"page","link":"https:\/\/szentes-klauzalgabor.hu\/iskola\/fotoalbum\/2012-2013-rejtett\/kihivas-napja","title":{"rendered":"Kih\u00edv\u00e1s Napja"},"content":{"rendered":"<p><em>2013. m\u00e1jus 22.<\/em><\/p>\n<p>2013.m\u00e1jus 22-\u00e9n iskol\u00e1nkban tan\u00edt\u00e1s n\u00e9lk\u00fcli munkanap keret\u00e9ben egy vid\u00e1m sportnapon vehettek r\u00e9szt a tanul\u00f3k a Kih\u00edv\u00e1s napja alkalm\u00e1b\u00f3l. E kezdem\u00e9nyez\u00e9s 1982-ben indult Kanad\u00e1b\u00f3l, ahol k\u00e9t szomsz\u00e9dos v\u00e1ros vezet\u0151i elhat\u00e1rozt\u00e1k, hogy egy eg\u00e9sz napos verseny keret\u00e9ben d\u00f6ntik el, melyik\u00fck v\u00e1rosa a sportosabb. A verseny eld\u00f6nt\u00e9s\u00e9hez 0 \u00f3r\u00e1t\u00f3l este 9-ig folyamatosan sz\u00e1molt\u00e1k, h\u00e1nyan v\u00e9geznek akt\u00edv testmozg\u00e1st legal\u00e1bb 15 percen kereszt\u00fcl.<\/p>\n<p>Az iskol\u00e1ban ha estig nem is, de kora d\u00e9lut\u00e1nig az als\u00f3 tagozatosok 7, m\u00edg a fels\u0151s\u00f6k 11 f\u00e9le mozg\u00e1sos tev\u00e9kenys\u00e9get v\u00e9geztek k\u00fcl\u00f6nb\u00f6z\u0151 helysz\u00edneken. Az es\u0151 sem vette el senki kedv\u00e9t, hiszen az iskola \u00e9p\u00fclet minden zug\u00e1ban sportolt egy-egy csoport. D\u00e9lben az oszt\u00e1lyok k\u00f6z\u00f6tti foci bajnoks\u00e1g szerzett mindenkinek vid\u00e1m perceket. E nap rem\u00e9lhet\u0151leg sokak sz\u00e1m\u00e1ra\u00a0 kedvet teremtett\u00a0 a m\u00e9g t\u00f6bb\u00a0 mozg\u00e1shoz \u00e9s az eg\u00e9szs\u00e9ges \u00e9letm\u00f3dhoz.<\/p>\n\n\t\t<style type=\"text\/css\">\n\t\t\t#gallery-1 {\n\t\t\t\tmargin: auto;\n\t\t\t}\n\t\t\t#gallery-1 .gallery-item {\n\t\t\t\tfloat: left;\n\t\t\t\tmargin-top: 10px;\n\t\t\t\ttext-align: center;\n\t\t\t\twidth: 25%;\n\t\t\t}\n\t\t\t#gallery-1 img {\n\t\t\t\tborder: 2px solid #cfcfcf;\n\t\t\t}\n\t\t\t#gallery-1 .gallery-caption {\n\t\t\t\tmargin-left: 0;\n\t\t\t}\n\t\t\t\/* see gallery_shortcode() in wp-includes\/media.php *\/\n\t\t<\/style>\n\t\t<div id='gallery-1' class='gallery galleryid-8543 gallery-columns-4 gallery-size-thumbnail'><dl class='gallery-item'>\n\t\t\t<dt class='gallery-icon landscape'>\n\t\t\t\t<a href='https:\/\/szentes-klauzalgabor.hu\/iskola\/wp-content\/uploads\/2013\/05\/130522_001.jpg'><img loading=\"lazy\" decoding=\"async\" width=\"150\" height=\"150\" src=\"https:\/\/szentes-klauzalgabor.hu\/iskola\/wp-content\/uploads\/2013\/05\/130522_001-150x150.jpg\" class=\"attachment-thumbnail size-thumbnail\" alt=\"\" \/><\/a>\n\t\t\t<\/dt><\/dl><dl class='gallery-item'>\n\t\t\t<dt class='gallery-icon landscape'>\n\t\t\t\t<a href='https:\/\/szentes-klauzalgabor.hu\/iskola\/wp-content\/uploads\/2013\/05\/130522_002.jpg'><img loading=\"lazy\" decoding=\"async\" width=\"150\" height=\"150\" src=\"https:\/\/szentes-klauzalgabor.hu\/iskola\/wp-content\/uploads\/2013\/05\/130522_002-150x150.jpg\" class=\"attachment-thumbnail size-thumbnail\" alt=\"\" \/><\/a>\n\t\t\t<\/dt><\/dl><dl class='gallery-item'>\n\t\t\t<dt class='gallery-icon landscape'>\n\t\t\t\t<a href='https:\/\/szentes-klauzalgabor.hu\/iskola\/wp-content\/uploads\/2013\/05\/130522_003.jpg'><img loading=\"lazy\" decoding=\"async\" width=\"150\" height=\"150\" src=\"https:\/\/szentes-klauzalgabor.hu\/iskola\/wp-content\/uploads\/2013\/05\/130522_003-150x150.jpg\" class=\"attachment-thumbnail size-thumbnail\" alt=\"\" \/><\/a>\n\t\t\t<\/dt><\/dl><dl class='gallery-item'>\n\t\t\t<dt class='gallery-icon landscape'>\n\t\t\t\t<a href='https:\/\/szentes-klauzalgabor.hu\/iskola\/wp-content\/uploads\/2013\/05\/130522_004.jpg'><img loading=\"lazy\" decoding=\"async\" width=\"150\" height=\"150\" src=\"https:\/\/szentes-klauzalgabor.hu\/iskola\/wp-content\/uploads\/2013\/05\/130522_004-150x150.jpg\" class=\"attachment-thumbnail size-thumbnail\" alt=\"\" \/><\/a>\n\t\t\t<\/dt><\/dl><br style=\"clear: both\" \/><dl class='gallery-item'>\n\t\t\t<dt class='gallery-icon landscape'>\n\t\t\t\t<a href='https:\/\/szentes-klauzalgabor.hu\/iskola\/wp-content\/uploads\/2013\/05\/130522_005.jpg'><img loading=\"lazy\" decoding=\"async\" width=\"150\" height=\"150\" src=\"https:\/\/szentes-klauzalgabor.hu\/iskola\/wp-content\/uploads\/2013\/05\/130522_005-150x150.jpg\" class=\"attachment-thumbnail size-thumbnail\" alt=\"\" \/><\/a>\n\t\t\t<\/dt><\/dl><dl class='gallery-item'>\n\t\t\t<dt class='gallery-icon landscape'>\n\t\t\t\t<a href='https:\/\/szentes-klauzalgabor.hu\/iskola\/wp-content\/uploads\/2013\/05\/130522_006.jpg'><img loading=\"lazy\" decoding=\"async\" width=\"150\" height=\"150\" src=\"https:\/\/szentes-klauzalgabor.hu\/iskola\/wp-content\/uploads\/2013\/05\/130522_006-150x150.jpg\" class=\"attachment-thumbnail size-thumbnail\" alt=\"\" \/><\/a>\n\t\t\t<\/dt><\/dl>\n\t\t\t<br style='clear: both' \/>\n\t\t<\/div>\n\n","protected":false},"excerpt":{"rendered":"<p>2013. m\u00e1jus 22. 2013.m\u00e1jus 22-\u00e9n iskol\u00e1nkban tan\u00edt\u00e1s n\u00e9lk\u00fcli munkanap keret\u00e9ben egy vid\u00e1m sportnapon vehettek r\u00e9szt a tanul\u00f3k a Kih\u00edv\u00e1s napja alkalm\u00e1b\u00f3l. E kezdem\u00e9nyez\u00e9s 1982-ben indult Kanad\u00e1b\u00f3l, ahol k\u00e9t szomsz\u00e9dos v\u00e1ros vezet\u0151i elhat\u00e1rozt\u00e1k, hogy egy eg\u00e9sz napos verseny keret\u00e9ben d\u00f6ntik el, melyik\u00fck v\u00e1rosa a sportosabb. A verseny eld\u00f6nt\u00e9s\u00e9hez 0 \u00f3r\u00e1t\u00f3l este 9-ig folyamatosan sz\u00e1molt\u00e1k, h\u00e1nyan v\u00e9geznek [&hellip;]<\/p>\n","protected":false},"author":1,"featured_media":0,"parent":5104,"menu_order":0,"comment_status":"closed","ping_status":"closed","template":"","meta":{"_et_pb_use_builder":"","_et_pb_old_content":"","_et_gb_content_width":"","footnotes":""},"class_list":["post-8543","page","type-page","status-publish","hentry"],"_links":{"self":[{"href":"https:\/\/szentes-klauzalgabor.hu\/iskola\/wp-json\/wp\/v2\/pages\/8543","targetHints":{"allow":["GET"]}}],"collection":[{"href":"https:\/\/szentes-klauzalgabor.hu\/iskola\/wp-json\/wp\/v2\/pages"}],"about":[{"href":"https:\/\/szentes-klauzalgabor.hu\/iskola\/wp-json\/wp\/v2\/types\/page"}],"author":[{"embeddable":true,"href":"https:\/\/szentes-klauzalgabor.hu\/iskola\/wp-json\/wp\/v2\/users\/1"}],"replies":[{"embeddable":true,"href":"https:\/\/szentes-klauzalgabor.hu\/iskola\/wp-json\/wp\/v2\/comments?post=8543"}],"version-history":[{"count":3,"href":"https:\/\/szentes-klauzalgabor.hu\/iskola\/wp-json\/wp\/v2\/pages\/8543\/revisions"}],"predecessor-version":[{"id":8552,"href":"https:\/\/szentes-klauzalgabor.hu\/iskola\/wp-json\/wp\/v2\/pages\/8543\/revisions\/8552"}],"up":[{"embeddable":true,"href":"https:\/\/szentes-klauzalgabor.hu\/iskola\/wp-json\/wp\/v2\/pages\/5104"}],"wp:attachment":[{"href":"https:\/\/szentes-klauzalgabor.hu\/iskola\/wp-json\/wp\/v2\/media?parent=8543"}],"curies":[{"name":"wp","href":"https:\/\/api.w.org\/{rel}","templated":true}]}}