{"id":88,"date":"2011-03-23T12:54:32","date_gmt":"2011-03-23T12:54:32","guid":{"rendered":"https:\/\/szentes-klauzalgabor.hu\/iskola\/?page_id=88"},"modified":"2026-03-05T12:08:20","modified_gmt":"2026-03-05T11:08:20","slug":"fontosabb-adataink","status":"publish","type":"page","link":"https:\/\/szentes-klauzalgabor.hu\/iskola\/iskolank\/fontosabb-adataink","title":{"rendered":"Fontosabb adataink"},"content":{"rendered":"<p>[et_pb_section fb_built=&#8221;1&#8243; admin_label=&#8221;section&#8221; _builder_version=&#8221;4.27.4&#8243; background_color=&#8221;#fff6d3&#8243; custom_padding=&#8221;6px|||||&#8221; global_colors_info=&#8221;{}&#8221;][et_pb_row _builder_version=&#8221;4.27.4&#8243; _module_preset=&#8221;default&#8221; global_colors_info=&#8221;{}&#8221;][et_pb_column type=&#8221;4_4&#8243; _builder_version=&#8221;4.27.4&#8243; _module_preset=&#8221;default&#8221; global_colors_info=&#8221;{}&#8221;][et_pb_text _builder_version=&#8221;4.27.4&#8243; _module_preset=&#8221;default&#8221; global_colors_info=&#8221;{}&#8221;]<\/p>\n<h1 style=\"text-align: center;\">Fontosabb adataink<\/h1>\n<p>[\/et_pb_text][\/et_pb_column][\/et_pb_row][et_pb_row _builder_version=&#8221;4.27.4&#8243; _module_preset=&#8221;default&#8221; global_colors_info=&#8221;{}&#8221;][et_pb_column type=&#8221;4_4&#8243; _builder_version=&#8221;4.27.4&#8243; _module_preset=&#8221;default&#8221; global_colors_info=&#8221;{}&#8221;][et_pb_text _builder_version=&#8221;4.27.4&#8243; _module_preset=&#8221;default&#8221; global_colors_info=&#8221;{}&#8221;]<\/p>\n<p><strong>Az int\u00e9zm\u00e9ny neve:<\/strong><span> <\/span>Szentesi Klauz\u00e1l G\u00e1bor \u00c1ltal\u00e1nos Iskola<\/p>\n<p><strong>C\u00edm: <\/strong>6600 Szentes, Klauz\u00e1l utca 14.<\/p>\n<p><strong>Telefon:<\/strong><span> <\/span>63\/562-317<\/p>\n<p><strong>E-mail:<\/strong><span> iskola@szentes-klauzalgabor.hu<\/span><\/p>\n<p><strong>Honlap: <\/strong>https:\/\/szentes-klauzalgabor.hu<\/p>\n<p><strong>OM azonos\u00edt\u00f3:<\/strong><span> <\/span>029629<\/p>\n<p><strong>Klauz\u00e1los Gyermekek\u00e9rt Alap\u00edtv\u00e1ny ad\u00f3sz\u00e1ma:<\/strong><\/p>\n<p><span> 18478956-1-06<\/span><\/p>\n<p><strong>Igazgat\u00f3:<\/strong><span> <\/span>D\u00e9vay Istv\u00e1n<\/p>\n<p>[\/et_pb_text][\/et_pb_column][\/et_pb_row][\/et_pb_section]<\/p>\n","protected":false},"excerpt":{"rendered":"<p>Fontosabb adatainkAz int\u00e9zm\u00e9ny neve: Szentesi Klauz\u00e1l G\u00e1bor \u00c1ltal\u00e1nos Iskola C\u00edm: 6600 Szentes, Klauz\u00e1l utca 14. Telefon: 63\/562-317 E-mail: iskola@szentes-klauzalgabor.hu Honlap: https:\/\/szentes-klauzalgabor.hu OM azonos\u00edt\u00f3: 029629 Klauz\u00e1los Gyermekek\u00e9rt Alap\u00edtv\u00e1ny ad\u00f3sz\u00e1ma: 18478956-1-06 Igazgat\u00f3: D\u00e9vay Istv\u00e1n<\/p>\n","protected":false},"author":1,"featured_media":0,"parent":73,"menu_order":0,"comment_status":"closed","ping_status":"closed","template":"","meta":{"_et_pb_use_builder":"on","_et_pb_old_content":"<table style=\"background-color: #e8e0b5; border: 2px solid #ffffff;\" border=\"2\" align=\"center\"><tbody><tr><td><strong>Az int\u00e9zm\u00e9ny neve:<\/strong><\/td><td>Klauz\u00e1l G\u00e1bor \u00c1ltal\u00e1nos Iskola<\/td><\/tr><tr><td><strong>C\u00edm:<\/strong><\/td><td>6600 Szentes, Klauz\u00e1l utca 12-18.<\/td><\/tr><tr><td><strong>Telefon:<\/strong><\/td><td>63\/562-317<\/td><\/tr><tr><td><strong>Fax:<\/strong><\/td><td>63\/562-318<\/td><\/tr><tr><td><strong>E-Mail:<\/strong><\/td><td><a href=\"mailto:klauzal@szentes.hu\">klauzal@szentes.hu<\/a><\/td><\/tr><tr><td><strong>Honlap:<\/strong><\/td><td><a href=\"..\/..\/..\/klauzal\" target=\"_blank\" rel=\"noopener\">http:\/\/ww3.szentes.hu\/klauzal<\/a><\/td><\/tr><tr><td><strong>OM azonos\u00edt\u00f3:<\/strong><\/td><td>029629<\/td><\/tr><tr><td><strong>Klauz\u00e1los Gyermekek\u00e9rt Alap\u00edtv\u00e1ny ad\u00f3sz\u00e1ma:<br \/><\/strong><\/td><td>18478956-1-06<\/td><\/tr><tr><td><strong>Klauz\u00e1l DSE ad\u00f3sz\u00e1ma:<\/strong><\/td><td>19090188-1-06<\/td><\/tr><tr><td><strong>Igazgat\u00f3:<\/strong><\/td><td>D\u00e9vay Istv\u00e1n<\/td><\/tr><\/tbody><\/table>","_et_gb_content_width":"","footnotes":""},"class_list":["post-88","page","type-page","status-publish","hentry"],"_links":{"self":[{"href":"https:\/\/szentes-klauzalgabor.hu\/iskola\/wp-json\/wp\/v2\/pages\/88","targetHints":{"allow":["GET"]}}],"collection":[{"href":"https:\/\/szentes-klauzalgabor.hu\/iskola\/wp-json\/wp\/v2\/pages"}],"about":[{"href":"https:\/\/szentes-klauzalgabor.hu\/iskola\/wp-json\/wp\/v2\/types\/page"}],"author":[{"embeddable":true,"href":"https:\/\/szentes-klauzalgabor.hu\/iskola\/wp-json\/wp\/v2\/users\/1"}],"replies":[{"embeddable":true,"href":"https:\/\/szentes-klauzalgabor.hu\/iskola\/wp-json\/wp\/v2\/comments?post=88"}],"version-history":[{"count":21,"href":"https:\/\/szentes-klauzalgabor.hu\/iskola\/wp-json\/wp\/v2\/pages\/88\/revisions"}],"predecessor-version":[{"id":27099,"href":"https:\/\/szentes-klauzalgabor.hu\/iskola\/wp-json\/wp\/v2\/pages\/88\/revisions\/27099"}],"up":[{"embeddable":true,"href":"https:\/\/szentes-klauzalgabor.hu\/iskola\/wp-json\/wp\/v2\/pages\/73"}],"wp:attachment":[{"href":"https:\/\/szentes-klauzalgabor.hu\/iskola\/wp-json\/wp\/v2\/media?parent=88"}],"curies":[{"name":"wp","href":"https:\/\/api.w.org\/{rel}","templated":true}]}}