{"id":155,"date":"2014-04-01T12:25:11","date_gmt":"2014-04-01T11:25:11","guid":{"rendered":"https:\/\/szentes-klauzalgabor.hu\/konyvtar"},"modified":"2014-04-01T12:25:18","modified_gmt":"2014-04-01T11:25:18","slug":"katalogusszerkesztesi-szabalyzat","status":"publish","type":"page","link":"https:\/\/szentes-klauzalgabor.hu\/konyvtar\/dokumentumok\/katalogusszerkesztesi-szabalyzat","title":{"rendered":"Katal\u00f3gusszerkeszt\u00e9si szab\u00e1lyzat"},"content":{"rendered":"<p><!--[if gte mso 9]><xml> <w:WordDocument> <w:View>Normal<\/w:View> <w:Zoom>0<\/w:Zoom> <w:HyphenationZone>21<\/w:HyphenationZone> <w:PunctuationKerning \/> <w:ValidateAgainstSchemas \/> <w:SaveIfXMLInvalid>false<\/w:SaveIfXMLInvalid> <w:IgnoreMixedContent>false<\/w:IgnoreMixedContent> <w:AlwaysShowPlaceholderText>false<\/w:AlwaysShowPlaceholderText> <w:Compatibility> <w:BreakWrappedTables \/> <w:SnapToGridInCell \/> <w:WrapTextWithPunct \/> <w:UseAsianBreakRules \/> <w:DontGrowAutofit \/> <\/w:Compatibility> <w:BrowserLevel>MicrosoftInternetExplorer4<\/w:BrowserLevel> <\/w:WordDocument> <\/xml><![endif]--><\/p>\n<p><!--[if gte mso 9]><xml> <w:LatentStyles DefLockedState=\"false\" LatentStyleCount=\"156\"> <\/w:LatentStyles> <\/xml><![endif]--><!--[if gte mso 10]>\n<mce:style><!   \/* Style Definitions *\/  table.MsoNormalTable \t{mso-style-name:\"Norm\u00e1l t\u00e1bl\u00e1zat\"; \tmso-tstyle-rowband-size:0; \tmso-tstyle-colband-size:0; \tmso-style-noshow:yes; \tmso-style-parent:\"\"; \tmso-padding-alt:0cm 5.4pt 0cm 5.4pt; \tmso-para-margin:0cm; \tmso-para-margin-bottom:.0001pt; \tmso-pagination:widow-orphan; \tfont-size:10.0pt; \tfont-family:\"Times New Roman\"; \tmso-ansi-language:#0400; \tmso-fareast-language:#0400; \tmso-bidi-language:#0400;} --><\/p>\n<p><!--[endif] --><\/p>\n<p class=\"MsoNormalCxSpFirst\"><strong style=\"mso-bidi-font-weight: normal;\"><span style=\"font-size: 14.0pt;\">3.sz. mell\u00e9klet<\/span><\/strong><\/p>\n<p class=\"MsoNormalCxSpMiddle\" style=\"text-align: center;\"><strong style=\"mso-bidi-font-weight: normal;\"><span style=\"font-size: 16.0pt;\">Katal\u00f3gusszerkeszt\u00e9si szab\u00e1lyzat<\/span><\/strong><\/p>\n<p class=\"MsoNormalCxSpMiddle\" style=\"text-align: justify;\"><span style=\"font-size: 12.0pt;\"> <\/span><\/p>\n<p class=\"MsoNormalCxSpLast\" style=\"text-align: justify;\"><span style=\"font-size: 12.0pt;\"> <\/span><\/p>\n<p class=\"ListaszerbekezdsCxSpFirst\" style=\"margin-left: 18.0pt; mso-add-space: auto; text-align: justify; text-indent: 0cm; mso-list: l3 level1 lfo1;\"><strong><span style=\"font-size: 12.0pt;\"><span style=\"mso-list: Ignore;\">1.<span style=\"font: 7.0pt &amp;quot;Times New Roman&amp;quot;;\"> <\/span><\/span><\/span><\/strong><strong><span style=\"font-size: 12.0pt;\">A k\u00f6nyvt\u00e1ri \u00e1llom\u00e1ny felt\u00e1r\u00e1sa<\/span><\/strong><\/p>\n<p class=\"Listaszerbekezds\" style=\"text-align: justify;\"><strong><span style=\"font-size: 12.0pt;\"> <\/span><\/strong><\/p>\n<p class=\"MsoNormalCxSpFirst\" style=\"text-align: justify;\"><span style=\"font-size: 12.0pt;\">Az iskolai k\u00f6nyvt\u00e1r \u00e1llom\u00e1nya alapkatal\u00f3gusokkal felt\u00e1rva \u00e1ll az olvas\u00f3k rendelkez\u00e9s\u00e9re. A k\u00f6nyvt\u00e1ri \u00e1llom\u00e1ny felt\u00e1r\u00e1sa jelenti a dokumentumok formai (dokumentum le\u00edr\u00e1s) \u00e9s tartalmi<\/span><\/p>\n<p class=\"MsoNormalCxSpMiddle\" style=\"text-align: justify;\"><span style=\"font-size: 12.0pt;\">(oszt\u00e1lyoz\u00e1s) felt\u00e1r\u00e1s\u00e1t, s ezt eg\u00e9sz\u00edti ki a rakt\u00e1ri jelzet meg\u00e1llap\u00edt\u00e1sa.<\/span><\/p>\n<p class=\"MsoNormalCxSpMiddle\" style=\"text-align: justify;\"><span style=\"font-size: 12.0pt;\"> <\/span><\/p>\n<p class=\"MsoNormalCxSpMiddle\" style=\"text-align: justify;\"><span style=\"font-size: 12.0pt;\">Az adatokat r\u00f6gz\u00edt\u0151 katal\u00f3guselem tartalmazza:<\/span><\/p>\n<p class=\"MsoNormalCxSpMiddle\" style=\"margin-left: 36.0pt; mso-add-space: auto; text-align: justify; text-indent: -18.0pt; mso-list: l0 level1 lfo2;\"><span style=\"font-size: 12.0pt; font-family: Symbol; mso-fareast-font-family: Symbol; mso-bidi-font-family: Symbol;\"><span style=\"mso-list: Ignore;\">\u00b7<span style=\"font: 7.0pt &amp;quot;Times New Roman&amp;quot;;\"> <\/span><\/span><\/span><span style=\"font-size: 12.0pt;\">rakt\u00e1ri jelzet<\/span><\/p>\n<p class=\"MsoNormalCxSpMiddle\" style=\"margin-left: 36.0pt; mso-add-space: auto; text-align: justify; text-indent: -18.0pt; mso-list: l0 level1 lfo2;\"><span style=\"font-size: 12.0pt; font-family: Symbol; mso-fareast-font-family: Symbol; mso-bidi-font-family: Symbol;\"><span style=\"mso-list: Ignore;\">\u00b7<span style=\"font: 7.0pt &amp;quot;Times New Roman&amp;quot;;\"> <\/span><\/span><\/span><span style=\"font-size: 12.0pt;\">bibliogr\u00e1fiai \u00e9s besorol\u00e1si adatokat<\/span><\/p>\n<p class=\"MsoNormalCxSpMiddle\" style=\"margin-left: 36.0pt; mso-add-space: auto; text-align: justify; text-indent: -18.0pt; mso-list: l0 level1 lfo2;\"><span style=\"font-size: 12.0pt; font-family: Symbol; mso-fareast-font-family: Symbol; mso-bidi-font-family: Symbol;\"><span style=\"mso-list: Ignore;\">\u00b7<span style=\"font: 7.0pt &amp;quot;Times New Roman&amp;quot;;\"> <\/span><\/span><\/span><span style=\"font-size: 12.0pt;\">ETO szakjelzeteket<\/span><\/p>\n<p class=\"MsoNormalCxSpMiddle\" style=\"margin-left: 36.0pt; mso-add-space: auto; text-align: justify; text-indent: -18.0pt; mso-list: l0 level1 lfo2;\"><span style=\"font-size: 12.0pt; font-family: Symbol; mso-fareast-font-family: Symbol; mso-bidi-font-family: Symbol;\"><span style=\"mso-list: Ignore;\">\u00b7<span style=\"font: 7.0pt &amp;quot;Times New Roman&amp;quot;;\"> <\/span><\/span><\/span><span style=\"font-size: 12.0pt;\">t\u00e1rgyszavakat<\/span><\/p>\n<p class=\"MsoNormalCxSpLast\" style=\"text-align: justify;\"><span style=\"font-size: 12.0pt;\"> <\/span><\/p>\n<p class=\"ListaszerbekezdsCxSpFirst\" style=\"margin-left: 18.0pt; mso-add-space: auto; text-align: justify; text-indent: -18.0pt; mso-list: l3 level2 lfo1;\"><span style=\"font-size: 12.0pt; mso-bidi-font-weight: bold;\"><span style=\"mso-list: Ignore;\">1.1<span style=\"font: 7.0pt &amp;quot;Times New Roman&amp;quot;;\"> <\/span><\/span><\/span><strong><span style=\"font-size: 12.0pt;\">A dokumentumle\u00edr\u00e1s szab\u00e1lyai<\/span><\/strong><\/p>\n<p class=\"Listaszerbekezds\" style=\"margin-left: 18.0pt; text-align: justify;\"><strong><span style=\"font-size: 12.0pt;\"> <\/span><\/strong><\/p>\n<p class=\"MsoNormalCxSpFirst\" style=\"text-align: justify;\"><span style=\"font-size: 12.0pt;\">A le\u00edr\u00e1s c\u00e9lja, hogy r\u00f6gz\u00edtse a k\u00f6nyvt\u00e1ri \u00e1llom\u00e1ny dokumentumainak adatait (bibliogr\u00e1fiai le\u00edr\u00e1s) \u00e9s biztos\u00edtsa a visszakereshet\u0151s\u00e9get (besorol\u00e1si adatok).<\/span><\/p>\n<p class=\"MsoNormalCxSpMiddle\" style=\"text-align: justify;\"><span style=\"font-size: 12.0pt;\">A bibliogr\u00e1fiai le\u00edr\u00e1s szab\u00e1lyait szabv\u00e1nyok r\u00f6gz\u00edtik dokumentumt\u00edpusonk\u00e9nt. A le\u00edr\u00e1s forr\u00e1sa minden esetben az adott dokumentum. A szabv\u00e1ny \u00e9rtelm\u00e9ben az iskolai k\u00f6nyvt\u00e1r az egyszer\u0171s\u00edtett le\u00edr\u00e1st alkalmazza, melynek elve az egyes adatok elhagy\u00e1sa. A le\u00edrt adatokra ugyanazok szab\u00e1lyok \u00e9rv\u00e9nyesek.<\/span><\/p>\n<p class=\"MsoNormalCxSpMiddle\" style=\"text-align: justify;\"><span style=\"font-size: 12.0pt;\"> <\/span><\/p>\n<p class=\"MsoNormalCxSpMiddle\" style=\"text-align: justify;\"><span style=\"text-decoration: underline;\"><span style=\"font-size: 12.0pt;\">A k\u00f6nyvt\u00e1rban alkalmazott egyszer\u0171s\u00edtett bibliogr\u00e1fiai le\u00edr\u00e1s adatai<\/span><\/span><span style=\"font-size: 12.0pt;\">:<\/span><\/p>\n<p class=\"MsoNormalCxSpMiddle\" style=\"text-align: justify;\"><span style=\"font-size: 12.0pt;\"> <\/span><\/p>\n<p class=\"MsoNormalCxSpMiddle\" style=\"margin-left: 36.0pt; mso-add-space: auto; text-align: justify; text-indent: -18.0pt; mso-list: l2 level1 lfo3;\"><span style=\"font-size: 12.0pt; font-family: Symbol; mso-fareast-font-family: Symbol; mso-bidi-font-family: Symbol;\"><span style=\"mso-list: Ignore;\">\u00b7<span style=\"font: 7.0pt &amp;quot;Times New Roman&amp;quot;;\"> <\/span><\/span><\/span><span style=\"font-size: 12.0pt;\">f\u0151c\u00edm: p\u00e1rhuzamos c\u00edm: alc\u00edm: egy\u00e9b c\u00edmadat<\/span><\/p>\n<p class=\"MsoNormalCxSpMiddle\" style=\"margin-left: 36.0pt; mso-add-space: auto; text-align: justify; text-indent: -18.0pt; mso-list: l2 level1 lfo3;\"><span style=\"font-size: 12.0pt; font-family: Symbol; mso-fareast-font-family: Symbol; mso-bidi-font-family: Symbol;\"><span style=\"mso-list: Ignore;\">\u00b7<span style=\"font: 7.0pt &amp;quot;Times New Roman&amp;quot;;\"> <\/span><\/span><\/span><span style=\"font-size: 12.0pt;\">szerz\u0151s\u00e9gi k\u00f6zl\u00e9s<\/span><\/p>\n<p class=\"MsoNormalCxSpMiddle\" style=\"margin-left: 36.0pt; mso-add-space: auto; text-align: justify; text-indent: -18.0pt; mso-list: l2 level1 lfo3;\"><span style=\"font-size: 12.0pt; font-family: Symbol; mso-fareast-font-family: Symbol; mso-bidi-font-family: Symbol;\"><span style=\"mso-list: Ignore;\">\u00b7<span style=\"font: 7.0pt &amp;quot;Times New Roman&amp;quot;;\"> <\/span><\/span><\/span><span style=\"font-size: 12.0pt;\">kiad\u00e1s sorsz\u00e1ma, min\u0151s\u00e9ge<\/span><\/p>\n<p class=\"MsoNormalCxSpMiddle\" style=\"margin-left: 36.0pt; mso-add-space: auto; text-align: justify; text-indent: -18.0pt; mso-list: l2 level1 lfo3;\"><span style=\"font-size: 12.0pt; font-family: Symbol; mso-fareast-font-family: Symbol; mso-bidi-font-family: Symbol;\"><span style=\"mso-list: Ignore;\">\u00b7<span style=\"font: 7.0pt &amp;quot;Times New Roman&amp;quot;;\"> <\/span><\/span><\/span><span style=\"font-size: 12.0pt;\">megjelen\u00e9si hely: kiad\u00f3 neve, megjelen\u00e9s \u00e9ve<\/span><\/p>\n<p class=\"MsoNormalCxSpMiddle\" style=\"margin-left: 36.0pt; mso-add-space: auto; text-align: justify; text-indent: -18.0pt; mso-list: l2 level1 lfo3;\"><span style=\"font-size: 12.0pt; font-family: Symbol; mso-fareast-font-family: Symbol; mso-bidi-font-family: Symbol;\"><span style=\"mso-list: Ignore;\">\u00b7<span style=\"font: 7.0pt &amp;quot;Times New Roman&amp;quot;;\"> <\/span><\/span><\/span><span style=\"font-size: 12.0pt;\">oldalsz\u00e1m+ mell\u00e9kletek: illusztr\u00e1ci\u00f3; m\u00e9ret<\/span><\/p>\n<p class=\"MsoNormalCxSpMiddle\" style=\"margin-left: 72.0pt; mso-add-space: auto; text-align: justify; text-indent: -18.0pt; mso-list: l2 level2 lfo3;\"><span style=\"font-size: 12.0pt;\"><span style=\"mso-list: Ignore;\">&#8211;<span style=\"font: 7.0pt &amp;quot;Times New Roman&amp;quot;;\"> <\/span><\/span><\/span><span style=\"font-size: 12.0pt;\">sorozatc\u00edm, sorozatsz\u00e1m, ISSN sz\u00e1m<\/span><\/p>\n<p class=\"MsoNormalCxSpMiddle\" style=\"margin-left: 36.0pt; mso-add-space: auto; text-align: justify; text-indent: -18.0pt; mso-list: l2 level1 lfo3;\"><span style=\"font-size: 12.0pt; font-family: Symbol; mso-fareast-font-family: Symbol; mso-bidi-font-family: Symbol;\"><span style=\"mso-list: Ignore;\">\u00b7<span style=\"font: 7.0pt &amp;quot;Times New Roman&amp;quot;;\"> <\/span><\/span><\/span><span style=\"font-size: 12.0pt;\">megjegyz\u00e9sek<\/span><\/p>\n<p class=\"MsoNormalCxSpMiddle\" style=\"margin-left: 36.0pt; mso-add-space: auto; text-align: justify; text-indent: -18.0pt; mso-list: l2 level1 lfo3;\"><span style=\"font-size: 12.0pt; font-family: Symbol; mso-fareast-font-family: Symbol; mso-bidi-font-family: Symbol;\"><span style=\"mso-list: Ignore;\">\u00b7<span style=\"font: 7.0pt &amp;quot;Times New Roman&amp;quot;;\"> <\/span><\/span><\/span><span style=\"font-size: 12.0pt;\">k\u00f6t\u00e9s: \u00e1r<\/span><\/p>\n<p class=\"MsoNormalCxSpMiddle\" style=\"margin-left: 36.0pt; mso-add-space: auto; text-align: justify; text-indent: -18.0pt; mso-list: l2 level1 lfo3;\"><span style=\"font-size: 12.0pt; font-family: Symbol; mso-fareast-font-family: Symbol; mso-bidi-font-family: Symbol;\"><span style=\"mso-list: Ignore;\">\u00b7<span style=\"font: 7.0pt &amp;quot;Times New Roman&amp;quot;;\"> <\/span><\/span><\/span><span style=\"font-size: 12.0pt;\">ISBN sz\u00e1m<\/span><\/p>\n<p class=\"MsoNormalCxSpMiddle\" style=\"text-align: justify;\"><span style=\"font-size: 12.0pt;\"> <\/span><\/p>\n<p class=\"MsoNormalCxSpMiddle\" style=\"text-align: justify;\"><span style=\"font-size: 12.0pt;\">A besorol\u00e1si adatok biztos\u00edtj\u00e1k a katal\u00f3gust\u00e9telek visszakereshet\u0151s\u00e9g\u00e9t.<\/span><\/p>\n<p class=\"MsoNormalCxSpMiddle\" style=\"text-align: justify;\"><span style=\"font-size: 12.0pt;\"> <\/span><\/p>\n<p class=\"MsoNormalCxSpMiddle\" style=\"text-align: justify;\"><span style=\"font-size: 12.0pt;\">Az iskolai k\u00f6nyvt\u00e1rban az al\u00e1bbi besorol\u00e1si adatokat r\u00f6gz\u00edtj\u00fck:<\/span><\/p>\n<p class=\"MsoNormal\" style=\"margin-left: 36.0pt; text-indent: -18.0pt; mso-list: l1 level1 lfo4;\"><span style=\"font-size: 12.0pt; font-family: Symbol; mso-fareast-font-family: Symbol; mso-bidi-font-family: Symbol;\"><span style=\"mso-list: Ignore;\">\u00b7<span style=\"font: 7.0pt &amp;quot;Times New Roman&amp;quot;;\"> <\/span><\/span><\/span><span style=\"font-size: 12.0pt;\">a f\u0151t\u00e9tel besorol\u00e1si adata (szem\u00e9lyn\u00e9v vagy test\u00fcletn\u00e9v vagy a m\u0171 c\u00edme)<\/span><\/p>\n<p class=\"MsoNormal\" style=\"margin-left: 36.0pt; text-indent: -18.0pt; mso-list: l1 level1 lfo4;\"><span style=\"font-size: 12.0pt; font-family: Symbol; mso-fareast-font-family: Symbol; mso-bidi-font-family: Symbol;\"><span style=\"mso-list: Ignore;\">\u00b7<span style=\"font: 7.0pt &amp;quot;Times New Roman&amp;quot;;\"> <\/span><\/span><\/span><span style=\"font-size: 12.0pt;\">c\u00edm szerinti mell\u00e9kt\u00e9tel<\/span><\/p>\n<p class=\"MsoNormal\" style=\"margin-left: 36.0pt; text-indent: -18.0pt; mso-list: l1 level1 lfo4;\"><span style=\"font-size: 12.0pt; font-family: Symbol; mso-fareast-font-family: Symbol; mso-bidi-font-family: Symbol;\"><span style=\"mso-list: Ignore;\">\u00b7<span style=\"font: 7.0pt &amp;quot;Times New Roman&amp;quot;;\"> <\/span><\/span><\/span><span style=\"font-size: 12.0pt;\">k\u00f6zrem\u0171k\u00f6d\u0151i mell\u00e9kt\u00e9tel<\/span><\/p>\n<p class=\"MsoNormal\" style=\"margin-left: 36.0pt; text-indent: -18.0pt; mso-list: l1 level1 lfo4;\"><span style=\"font-size: 12.0pt; font-family: Symbol; mso-fareast-font-family: Symbol; mso-bidi-font-family: Symbol;\"><span style=\"mso-list: Ignore;\">\u00b7<span style=\"font: 7.0pt &amp;quot;Times New Roman&amp;quot;;\"> <\/span><\/span><\/span><span style=\"font-size: 12.0pt;\">t\u00e1rgyi mell\u00e9kt\u00e9tel<\/span><\/p>\n<p class=\"MsoNormalCxSpMiddle\" style=\"text-align: justify;\"><span style=\"font-size: 12.0pt;\"> <\/span><\/p>\n<p class=\"MsoNormalCxSpMiddle\" style=\"margin-left: 18.0pt; mso-add-space: auto; text-align: justify; text-indent: -18.0pt; mso-list: l3 level2 lfo1;\"><span style=\"font-size: 12.0pt; mso-bidi-font-weight: bold;\"><span style=\"mso-list: Ignore;\">1.2<span style=\"font: 7.0pt &amp;quot;Times New Roman&amp;quot;;\"> <\/span><\/span><\/span><strong><span style=\"font-size: 12.0pt;\">Rakt\u00e1ri jelzetek<\/span><\/strong><\/p>\n<p class=\"MsoNormalCxSpMiddle\" style=\"margin-left: 18.0pt; mso-add-space: auto; text-align: justify;\"><strong><span style=\"font-size: 12.0pt;\"> <\/span><\/strong><\/p>\n<p class=\"MsoNormalCxSpMiddle\" style=\"text-align: justify;\"><span style=\"font-size: 12.0pt;\">A dokumentumok visszakereshet\u0151s\u00e9g\u00e9t rakt\u00e1ri jelzetekkel biztos\u00edtjuk. A rakt\u00e1ri jelzetet r\u00e1vezetj\u00fck a dokumentumra \u00e9s a dokumentum \u00f6sszes katal\u00f3gusc\u00e9dul\u00e1j\u00e1ra. A sz\u00e9pirodalmi m\u0171vek rakt\u00e1ri jelzete a bet\u0171rendi jel, azaz Cutter-sz\u00e1m.<\/span><\/p>\n<p class=\"MsoNormalCxSpMiddle\" style=\"text-align: justify;\"><span style=\"font-size: 12.0pt;\"> <\/span><\/p>\n<p class=\"MsoNormalCxSpMiddle\" style=\"text-align: justify;\"><span style=\"font-size: 12.0pt;\">A szakirodalmat ETO-szakrendi jelzetekkel l\u00e1tjuk el, mely a tartalmi elk\u00fcl\u00f6n\u00edt\u00e9st biztos\u00edtja.<\/span><\/p>\n<p class=\"MsoNormalCxSpMiddle\" style=\"text-align: justify;\"><span style=\"font-size: 12.0pt;\">Az ETO f\u0151csoportjai alapj\u00e1n ker\u00fclnek a m\u0171vek a polcokon elrendez\u00e9sre.<\/span><\/p>\n<p class=\"MsoNormalCxSpMiddle\" style=\"text-align: justify;\"><span style=\"font-size: 12.0pt;\"> <\/span><\/p>\n<p class=\"MsoNormalCxSpMiddle\" style=\"margin-left: 18.0pt; mso-add-space: auto; text-align: justify; text-indent: -18.0pt; mso-list: l3 level2 lfo1;\"><span style=\"font-size: 12.0pt; mso-bidi-font-weight: bold;\"><span style=\"mso-list: Ignore;\">1.3<span style=\"font: 7.0pt &amp;quot;Times New Roman&amp;quot;;\"> <\/span><\/span><\/span><strong><span style=\"font-size: 12.0pt;\">Az iskolai k\u00f6nyvt\u00e1r katal\u00f3gusa<\/span><\/strong><\/p>\n<p class=\"MsoNormalCxSpMiddle\" style=\"margin-left: 18.0pt; mso-add-space: auto; text-align: justify;\"><strong><span style=\"font-size: 12.0pt;\"> <\/span><\/strong><\/p>\n<p class=\"MsoNormalCxSpMiddle\" style=\"text-align: justify;\"><span style=\"font-size: 12.0pt;\">A t\u00e9telek bels\u0151 elrendez\u00e9se szerint:<\/span><\/p>\n<p class=\"MsoNormalCxSpMiddle\" style=\"text-align: justify;\"><span style=\"font-size: 12.0pt;\">&#8211; bet\u0171rendes le\u00edr\u00f3 katal\u00f3gus (szerz\u0151 neve \u00e9s a m\u0171 c\u00edme alapj\u00e1n)<\/span><\/p>\n<p class=\"MsoNormalCxSpMiddle\" style=\"text-align: justify;\"><span style=\"font-size: 12.0pt;\">&#8211; t\u00e1rgyi katal\u00f3gus (ETO szakkatal\u00f3gus)<\/span><\/p>\n<p class=\"MsoNormalCxSpMiddle\" style=\"text-align: justify;\"><span style=\"font-size: 12.0pt;\"> <\/span><\/p>\n<p class=\"MsoNormalCxSpMiddle\" style=\"text-align: justify;\"><span style=\"font-size: 12.0pt;\">Dokumentumt\u00edpusok szerint:<\/span><\/p>\n<p class=\"MsoNormalCxSpMiddle\" style=\"text-align: justify;\"><span style=\"font-size: 12.0pt;\">&#8211; k\u00f6nyv<\/span><\/p>\n<p class=\"MsoNormalCxSpMiddle\" style=\"text-align: justify;\"><span style=\"font-size: 12.0pt;\"> <\/span><\/p>\n<p class=\"MsoNormalCxSpMiddle\" style=\"text-align: justify;\"><span style=\"font-size: 12.0pt;\">Form\u00e1ja szerint:<\/span><\/p>\n<p class=\"MsoNormalCxSpMiddle\" style=\"text-align: justify;\"><span style=\"font-size: 12.0pt;\">&#8211; digit\u00e1lis nyilv\u00e1ntart\u00e1s a SZIR\u00c9N k\u00f6nyvt\u00e1ri program seg\u00edts\u00e9g\u00e9vel.<\/span><\/p>\n<p class=\"MsoNormalCxSpMiddle\" style=\"text-align: justify;\"><span style=\"font-size: 12.0pt;\"> <\/span><\/p>\n<p class=\"MsoNormalCxSpMiddle\" style=\"text-align: justify;\"><span style=\"font-size: 12.0pt;\"> <\/span><\/p>\n<p class=\"MsoNormalCxSpMiddle\" style=\"text-align: justify;\"><span style=\"font-size: 12.0pt;\"> <\/span><\/p>\n<p class=\"MsoNormalCxSpMiddle\" style=\"text-align: justify;\"><span style=\"font-size: 12.0pt;\"> <\/span><\/p>\n<p class=\"MsoNormal\" style=\"text-align: justify; mso-layout-grid-align: none; text-autospace: none;\"><span style=\"font-size: 12.0pt;\"> <\/span><\/p>\n<p class=\"MsoNormal\"><span style=\"font-size: 12.0pt;\"> <\/span><\/p>\n","protected":false},"excerpt":{"rendered":"<p>3.sz. mell\u00e9klet Katal\u00f3gusszerkeszt\u00e9si szab\u00e1lyzat 1. A k\u00f6nyvt\u00e1ri \u00e1llom\u00e1ny felt\u00e1r\u00e1sa Az iskolai k\u00f6nyvt\u00e1r \u00e1llom\u00e1nya alapkatal\u00f3gusokkal felt\u00e1rva \u00e1ll az olvas\u00f3k rendelkez\u00e9s\u00e9re. A k\u00f6nyvt\u00e1ri \u00e1llom\u00e1ny felt\u00e1r\u00e1sa jelenti a dokumentumok formai (dokumentum le\u00edr\u00e1s) \u00e9s tartalmi (oszt\u00e1lyoz\u00e1s) felt\u00e1r\u00e1s\u00e1t, s ezt eg\u00e9sz\u00edti ki a rakt\u00e1ri jelzet meg\u00e1llap\u00edt\u00e1sa. Az adatokat r\u00f6gz\u00edt\u0151 katal\u00f3guselem tartalmazza: \u00b7 rakt\u00e1ri jelzet \u00b7 bibliogr\u00e1fiai \u00e9s besorol\u00e1si adatokat \u00b7 [&hellip;]<\/p>\n","protected":false},"author":1,"featured_media":0,"parent":140,"menu_order":0,"comment_status":"closed","ping_status":"closed","template":"","meta":{"_mi_skip_tracking":false,"footnotes":""},"class_list":["post-155","page","type-page","status-publish","hentry"],"_links":{"self":[{"href":"https:\/\/szentes-klauzalgabor.hu\/konyvtar\/wp-json\/wp\/v2\/pages\/155","targetHints":{"allow":["GET"]}}],"collection":[{"href":"https:\/\/szentes-klauzalgabor.hu\/konyvtar\/wp-json\/wp\/v2\/pages"}],"about":[{"href":"https:\/\/szentes-klauzalgabor.hu\/konyvtar\/wp-json\/wp\/v2\/types\/page"}],"author":[{"embeddable":true,"href":"https:\/\/szentes-klauzalgabor.hu\/konyvtar\/wp-json\/wp\/v2\/users\/1"}],"replies":[{"embeddable":true,"href":"https:\/\/szentes-klauzalgabor.hu\/konyvtar\/wp-json\/wp\/v2\/comments?post=155"}],"version-history":[{"count":2,"href":"https:\/\/szentes-klauzalgabor.hu\/konyvtar\/wp-json\/wp\/v2\/pages\/155\/revisions"}],"predecessor-version":[{"id":157,"href":"https:\/\/szentes-klauzalgabor.hu\/konyvtar\/wp-json\/wp\/v2\/pages\/155\/revisions\/157"}],"up":[{"embeddable":true,"href":"https:\/\/szentes-klauzalgabor.hu\/konyvtar\/wp-json\/wp\/v2\/pages\/140"}],"wp:attachment":[{"href":"https:\/\/szentes-klauzalgabor.hu\/konyvtar\/wp-json\/wp\/v2\/media?parent=155"}],"curies":[{"name":"wp","href":"https:\/\/api.w.org\/{rel}","templated":true}]}}