{"id":375,"date":"2017-01-23T12:53:14","date_gmt":"2017-01-23T11:53:14","guid":{"rendered":"https:\/\/szentes-klauzalgabor.hu\/konyvtar"},"modified":"2017-06-29T07:54:41","modified_gmt":"2017-06-29T06:54:41","slug":"tarsadalomtudomanyi-het-konyvtarhasznalati-vetelkedo-5-6-osztalyosoknak","status":"publish","type":"page","link":"https:\/\/szentes-klauzalgabor.hu\/konyvtar\/galeria\/2016-2017-kepei\/tarsadalomtudomanyi-het-konyvtarhasznalati-vetelkedo-5-6-osztalyosoknak","title":{"rendered":"T\u00e1rsadalomtudom\u00e1nyi h\u00e9t-K\u00f6nyvt\u00e1rhaszn\u00e1lati vet\u00e9lked\u0151 5-6. oszt\u00e1lyosoknak"},"content":{"rendered":"\n\t\t<style type=\"text\/css\">\n\t\t\t#gallery-1 {\n\t\t\t\tmargin: auto;\n\t\t\t}\n\t\t\t#gallery-1 .gallery-item {\n\t\t\t\tfloat: left;\n\t\t\t\tmargin-top: 10px;\n\t\t\t\ttext-align: center;\n\t\t\t\twidth: 25%;\n\t\t\t}\n\t\t\t#gallery-1 img {\n\t\t\t\tborder: 2px solid #cfcfcf;\n\t\t\t}\n\t\t\t#gallery-1 .gallery-caption {\n\t\t\t\tmargin-left: 0;\n\t\t\t}\n\t\t\t\/* see gallery_shortcode() in wp-includes\/media.php *\/\n\t\t<\/style>\n\t\t<div id='gallery-1' class='gallery galleryid-375 gallery-columns-4 gallery-size-thumbnail'><dl class='gallery-item'>\n\t\t\t<dt class='gallery-icon landscape'>\n\t\t\t\t<a href='https:\/\/szentes-klauzalgabor.hu\/konyvtar\/wp-content\/uploads\/2017\/01\/15418345_377161132632846_4178111080921062790_o.jpg' rel=\"lightbox[375]\"><img loading=\"lazy\" decoding=\"async\" width=\"150\" height=\"150\" src=\"https:\/\/szentes-klauzalgabor.hu\/konyvtar\/wp-content\/uploads\/2017\/01\/15418345_377161132632846_4178111080921062790_o-150x150.jpg\" class=\"attachment-thumbnail size-thumbnail\" alt=\"\" \/><\/a>\n\t\t\t<\/dt><\/dl><dl class='gallery-item'>\n\t\t\t<dt class='gallery-icon landscape'>\n\t\t\t\t<a href='https:\/\/szentes-klauzalgabor.hu\/konyvtar\/wp-content\/uploads\/2017\/01\/15419789_377161412632818_6293210862781937562_o.jpg' rel=\"lightbox[375]\"><img loading=\"lazy\" decoding=\"async\" width=\"150\" height=\"150\" src=\"https:\/\/szentes-klauzalgabor.hu\/konyvtar\/wp-content\/uploads\/2017\/01\/15419789_377161412632818_6293210862781937562_o-150x150.jpg\" class=\"attachment-thumbnail size-thumbnail\" alt=\"\" \/><\/a>\n\t\t\t<\/dt><\/dl><dl class='gallery-item'>\n\t\t\t<dt class='gallery-icon landscape'>\n\t\t\t\t<a href='https:\/\/szentes-klauzalgabor.hu\/konyvtar\/wp-content\/uploads\/2017\/01\/15440586_377162249299401_1468381540256271001_o.jpg' rel=\"lightbox[375]\"><img loading=\"lazy\" decoding=\"async\" width=\"150\" height=\"150\" src=\"https:\/\/szentes-klauzalgabor.hu\/konyvtar\/wp-content\/uploads\/2017\/01\/15440586_377162249299401_1468381540256271001_o-150x150.jpg\" class=\"attachment-thumbnail size-thumbnail\" alt=\"\" \/><\/a>\n\t\t\t<\/dt><\/dl><dl class='gallery-item'>\n\t\t\t<dt class='gallery-icon landscape'>\n\t\t\t\t<a href='https:\/\/szentes-klauzalgabor.hu\/konyvtar\/wp-content\/uploads\/2017\/01\/15443128_377162175966075_801740612401885905_o.jpg' rel=\"lightbox[375]\"><img loading=\"lazy\" decoding=\"async\" width=\"150\" height=\"150\" src=\"https:\/\/szentes-klauzalgabor.hu\/konyvtar\/wp-content\/uploads\/2017\/01\/15443128_377162175966075_801740612401885905_o-150x150.jpg\" class=\"attachment-thumbnail size-thumbnail\" alt=\"\" \/><\/a>\n\t\t\t<\/dt><\/dl><br style=\"clear: both\" \/><dl class='gallery-item'>\n\t\t\t<dt class='gallery-icon landscape'>\n\t\t\t\t<a href='https:\/\/szentes-klauzalgabor.hu\/konyvtar\/wp-content\/uploads\/2017\/01\/15443204_377161042632855_6970319519323388783_o.jpg' rel=\"lightbox[375]\"><img loading=\"lazy\" decoding=\"async\" width=\"150\" height=\"150\" src=\"https:\/\/szentes-klauzalgabor.hu\/konyvtar\/wp-content\/uploads\/2017\/01\/15443204_377161042632855_6970319519323388783_o-150x150.jpg\" class=\"attachment-thumbnail size-thumbnail\" alt=\"\" \/><\/a>\n\t\t\t<\/dt><\/dl><dl class='gallery-item'>\n\t\t\t<dt class='gallery-icon landscape'>\n\t\t\t\t<a href='https:\/\/szentes-klauzalgabor.hu\/konyvtar\/wp-content\/uploads\/2017\/01\/15493437_377162265966066_2158001613936700115_o.jpg' rel=\"lightbox[375]\"><img loading=\"lazy\" decoding=\"async\" width=\"150\" height=\"150\" src=\"https:\/\/szentes-klauzalgabor.hu\/konyvtar\/wp-content\/uploads\/2017\/01\/15493437_377162265966066_2158001613936700115_o-150x150.jpg\" class=\"attachment-thumbnail size-thumbnail\" alt=\"\" \/><\/a>\n\t\t\t<\/dt><\/dl><dl class='gallery-item'>\n\t\t\t<dt class='gallery-icon landscape'>\n\t\t\t\t<a href='https:\/\/szentes-klauzalgabor.hu\/konyvtar\/wp-content\/uploads\/2017\/01\/15493472_377161259299500_2684010153734093129_o.jpg' rel=\"lightbox[375]\"><img loading=\"lazy\" decoding=\"async\" width=\"150\" height=\"150\" src=\"https:\/\/szentes-klauzalgabor.hu\/konyvtar\/wp-content\/uploads\/2017\/01\/15493472_377161259299500_2684010153734093129_o-150x150.jpg\" class=\"attachment-thumbnail size-thumbnail\" alt=\"\" \/><\/a>\n\t\t\t<\/dt><\/dl><dl class='gallery-item'>\n\t\t\t<dt class='gallery-icon landscape'>\n\t\t\t\t<a href='https:\/\/szentes-klauzalgabor.hu\/konyvtar\/wp-content\/uploads\/2017\/01\/15493557_377161355966157_3132530510777522615_o.jpg' rel=\"lightbox[375]\"><img loading=\"lazy\" decoding=\"async\" width=\"150\" height=\"150\" src=\"https:\/\/szentes-klauzalgabor.hu\/konyvtar\/wp-content\/uploads\/2017\/01\/15493557_377161355966157_3132530510777522615_o-150x150.jpg\" class=\"attachment-thumbnail size-thumbnail\" alt=\"\" \/><\/a>\n\t\t\t<\/dt><\/dl><br style=\"clear: both\" \/><dl class='gallery-item'>\n\t\t\t<dt class='gallery-icon landscape'>\n\t\t\t\t<a href='https:\/\/szentes-klauzalgabor.hu\/konyvtar\/wp-content\/uploads\/2017\/01\/15493559_377161475966145_9048747186955448073_o.jpg' rel=\"lightbox[375]\"><img loading=\"lazy\" decoding=\"async\" width=\"150\" height=\"150\" src=\"https:\/\/szentes-klauzalgabor.hu\/konyvtar\/wp-content\/uploads\/2017\/01\/15493559_377161475966145_9048747186955448073_o-150x150.jpg\" class=\"attachment-thumbnail size-thumbnail\" alt=\"\" \/><\/a>\n\t\t\t<\/dt><\/dl><dl class='gallery-item'>\n\t\t\t<dt class='gallery-icon landscape'>\n\t\t\t\t<a href='https:\/\/szentes-klauzalgabor.hu\/konyvtar\/wp-content\/uploads\/2017\/01\/15493671_377161482632811_8342595213780519796_o.jpg' rel=\"lightbox[375]\"><img loading=\"lazy\" decoding=\"async\" width=\"150\" height=\"150\" src=\"https:\/\/szentes-klauzalgabor.hu\/konyvtar\/wp-content\/uploads\/2017\/01\/15493671_377161482632811_8342595213780519796_o-150x150.jpg\" class=\"attachment-thumbnail size-thumbnail\" alt=\"\" \/><\/a>\n\t\t\t<\/dt><\/dl><dl class='gallery-item'>\n\t\t\t<dt class='gallery-icon landscape'>\n\t\t\t\t<a href='https:\/\/szentes-klauzalgabor.hu\/konyvtar\/wp-content\/uploads\/2017\/01\/15493775_377161102632849_6979386659877562408_o.jpg' rel=\"lightbox[375]\"><img loading=\"lazy\" decoding=\"async\" width=\"150\" height=\"150\" src=\"https:\/\/szentes-klauzalgabor.hu\/konyvtar\/wp-content\/uploads\/2017\/01\/15493775_377161102632849_6979386659877562408_o-150x150.jpg\" class=\"attachment-thumbnail size-thumbnail\" alt=\"\" \/><\/a>\n\t\t\t<\/dt><\/dl><dl class='gallery-item'>\n\t\t\t<dt class='gallery-icon landscape'>\n\t\t\t\t<a href='https:\/\/szentes-klauzalgabor.hu\/konyvtar\/wp-content\/uploads\/2017\/01\/15540829_377161872632772_1062296086649883696_o.jpg' rel=\"lightbox[375]\"><img loading=\"lazy\" decoding=\"async\" width=\"150\" height=\"150\" src=\"https:\/\/szentes-klauzalgabor.hu\/konyvtar\/wp-content\/uploads\/2017\/01\/15540829_377161872632772_1062296086649883696_o-150x150.jpg\" class=\"attachment-thumbnail size-thumbnail\" alt=\"\" \/><\/a>\n\t\t\t<\/dt><\/dl><br style=\"clear: both\" \/><dl class='gallery-item'>\n\t\t\t<dt class='gallery-icon landscape'>\n\t\t\t\t<a href='https:\/\/szentes-klauzalgabor.hu\/konyvtar\/wp-content\/uploads\/2017\/01\/15541093_377161205966172_1150450624435315292_o.jpg' rel=\"lightbox[375]\"><img loading=\"lazy\" decoding=\"async\" width=\"150\" height=\"150\" src=\"https:\/\/szentes-klauzalgabor.hu\/konyvtar\/wp-content\/uploads\/2017\/01\/15541093_377161205966172_1150450624435315292_o-150x150.jpg\" class=\"attachment-thumbnail size-thumbnail\" alt=\"\" \/><\/a>\n\t\t\t<\/dt><\/dl><dl class='gallery-item'>\n\t\t\t<dt class='gallery-icon landscape'>\n\t\t\t\t<a href='https:\/\/szentes-klauzalgabor.hu\/konyvtar\/wp-content\/uploads\/2017\/01\/15577888_377162045966088_6165985566596494489_o.jpg' rel=\"lightbox[375]\"><img loading=\"lazy\" decoding=\"async\" width=\"150\" height=\"150\" src=\"https:\/\/szentes-klauzalgabor.hu\/konyvtar\/wp-content\/uploads\/2017\/01\/15577888_377162045966088_6165985566596494489_o-150x150.jpg\" class=\"attachment-thumbnail size-thumbnail\" alt=\"\" \/><\/a>\n\t\t\t<\/dt><\/dl><dl class='gallery-item'>\n\t\t\t<dt class='gallery-icon landscape'>\n\t\t\t\t<a href='https:\/\/szentes-klauzalgabor.hu\/konyvtar\/wp-content\/uploads\/2017\/01\/15577892_377161922632767_1556217079786294308_o.jpg' rel=\"lightbox[375]\"><img loading=\"lazy\" decoding=\"async\" width=\"150\" height=\"150\" src=\"https:\/\/szentes-klauzalgabor.hu\/konyvtar\/wp-content\/uploads\/2017\/01\/15577892_377161922632767_1556217079786294308_o-150x150.jpg\" class=\"attachment-thumbnail size-thumbnail\" alt=\"\" \/><\/a>\n\t\t\t<\/dt><\/dl><dl class='gallery-item'>\n\t\t\t<dt class='gallery-icon landscape'>\n\t\t\t\t<a href='https:\/\/szentes-klauzalgabor.hu\/konyvtar\/wp-content\/uploads\/2017\/01\/15577908_377161045966188_2545602345066191143_o.jpg' rel=\"lightbox[375]\"><img loading=\"lazy\" decoding=\"async\" width=\"150\" height=\"150\" src=\"https:\/\/szentes-klauzalgabor.hu\/konyvtar\/wp-content\/uploads\/2017\/01\/15577908_377161045966188_2545602345066191143_o-150x150.jpg\" class=\"attachment-thumbnail size-thumbnail\" alt=\"\" \/><\/a>\n\t\t\t<\/dt><\/dl><br style=\"clear: both\" \/><dl class='gallery-item'>\n\t\t\t<dt class='gallery-icon landscape'>\n\t\t\t\t<a href='https:\/\/szentes-klauzalgabor.hu\/konyvtar\/wp-content\/uploads\/2017\/01\/15577922_377162059299420_1020405499746488202_o.jpg' rel=\"lightbox[375]\"><img loading=\"lazy\" decoding=\"async\" width=\"150\" height=\"150\" src=\"https:\/\/szentes-klauzalgabor.hu\/konyvtar\/wp-content\/uploads\/2017\/01\/15577922_377162059299420_1020405499746488202_o-150x150.jpg\" class=\"attachment-thumbnail size-thumbnail\" alt=\"\" \/><\/a>\n\t\t\t<\/dt><\/dl><dl class='gallery-item'>\n\t\t\t<dt class='gallery-icon landscape'>\n\t\t\t\t<a href='https:\/\/szentes-klauzalgabor.hu\/konyvtar\/wp-content\/uploads\/2017\/01\/15578028_377162112632748_978315886153690895_o.jpg' rel=\"lightbox[375]\"><img loading=\"lazy\" decoding=\"async\" width=\"150\" height=\"150\" src=\"https:\/\/szentes-klauzalgabor.hu\/konyvtar\/wp-content\/uploads\/2017\/01\/15578028_377162112632748_978315886153690895_o-150x150.jpg\" class=\"attachment-thumbnail size-thumbnail\" alt=\"\" \/><\/a>\n\t\t\t<\/dt><\/dl><dl class='gallery-item'>\n\t\t\t<dt class='gallery-icon landscape'>\n\t\t\t\t<a href='https:\/\/szentes-klauzalgabor.hu\/konyvtar\/wp-content\/uploads\/2017\/01\/15578282_377161032632856_6985003275532804829_o.jpg' rel=\"lightbox[375]\"><img loading=\"lazy\" decoding=\"async\" width=\"150\" height=\"150\" src=\"https:\/\/szentes-klauzalgabor.hu\/konyvtar\/wp-content\/uploads\/2017\/01\/15578282_377161032632856_6985003275532804829_o-150x150.jpg\" class=\"attachment-thumbnail size-thumbnail\" alt=\"\" \/><\/a>\n\t\t\t<\/dt><\/dl><dl class='gallery-item'>\n\t\t\t<dt class='gallery-icon landscape'>\n\t\t\t\t<a href='https:\/\/szentes-klauzalgabor.hu\/konyvtar\/wp-content\/uploads\/2017\/01\/15578287_377162039299422_8585755598393383854_o.jpg' rel=\"lightbox[375]\"><img loading=\"lazy\" decoding=\"async\" width=\"150\" height=\"150\" src=\"https:\/\/szentes-klauzalgabor.hu\/konyvtar\/wp-content\/uploads\/2017\/01\/15578287_377162039299422_8585755598393383854_o-150x150.jpg\" class=\"attachment-thumbnail size-thumbnail\" alt=\"\" \/><\/a>\n\t\t\t<\/dt><\/dl><br style=\"clear: both\" \/><dl class='gallery-item'>\n\t\t\t<dt class='gallery-icon landscape'>\n\t\t\t\t<a href='https:\/\/szentes-klauzalgabor.hu\/konyvtar\/wp-content\/uploads\/2017\/01\/15585005_377161939299432_8982754413644943291_o.jpg' rel=\"lightbox[375]\"><img loading=\"lazy\" decoding=\"async\" width=\"150\" height=\"150\" src=\"https:\/\/szentes-klauzalgabor.hu\/konyvtar\/wp-content\/uploads\/2017\/01\/15585005_377161939299432_8982754413644943291_o-150x150.jpg\" class=\"attachment-thumbnail size-thumbnail\" alt=\"\" \/><\/a>\n\t\t\t<\/dt><\/dl><dl class='gallery-item'>\n\t\t\t<dt class='gallery-icon landscape'>\n\t\t\t\t<a href='https:\/\/szentes-klauzalgabor.hu\/konyvtar\/wp-content\/uploads\/2017\/01\/15585079_377161139299512_6008546398781508769_o.jpg' rel=\"lightbox[375]\"><img loading=\"lazy\" decoding=\"async\" width=\"150\" height=\"150\" src=\"https:\/\/szentes-klauzalgabor.hu\/konyvtar\/wp-content\/uploads\/2017\/01\/15585079_377161139299512_6008546398781508769_o-150x150.jpg\" class=\"attachment-thumbnail size-thumbnail\" alt=\"\" \/><\/a>\n\t\t\t<\/dt><\/dl><dl class='gallery-item'>\n\t\t\t<dt class='gallery-icon portrait'>\n\t\t\t\t<a href='https:\/\/szentes-klauzalgabor.hu\/konyvtar\/wp-content\/uploads\/2017\/01\/15591302_377161359299490_4753341597490536422_o.jpg' rel=\"lightbox[375]\"><img loading=\"lazy\" decoding=\"async\" width=\"150\" height=\"150\" src=\"https:\/\/szentes-klauzalgabor.hu\/konyvtar\/wp-content\/uploads\/2017\/01\/15591302_377161359299490_4753341597490536422_o-150x150.jpg\" class=\"attachment-thumbnail size-thumbnail\" alt=\"\" \/><\/a>\n\t\t\t<\/dt><\/dl>\n\t\t\t<br style='clear: both' \/>\n\t\t<\/div>\n\n","protected":false},"excerpt":{"rendered":"","protected":false},"author":1,"featured_media":0,"parent":327,"menu_order":0,"comment_status":"closed","ping_status":"closed","template":"","meta":{"_mi_skip_tracking":false,"footnotes":""},"class_list":["post-375","page","type-page","status-publish","hentry"],"_links":{"self":[{"href":"https:\/\/szentes-klauzalgabor.hu\/konyvtar\/wp-json\/wp\/v2\/pages\/375","targetHints":{"allow":["GET"]}}],"collection":[{"href":"https:\/\/szentes-klauzalgabor.hu\/konyvtar\/wp-json\/wp\/v2\/pages"}],"about":[{"href":"https:\/\/szentes-klauzalgabor.hu\/konyvtar\/wp-json\/wp\/v2\/types\/page"}],"author":[{"embeddable":true,"href":"https:\/\/szentes-klauzalgabor.hu\/konyvtar\/wp-json\/wp\/v2\/users\/1"}],"replies":[{"embeddable":true,"href":"https:\/\/szentes-klauzalgabor.hu\/konyvtar\/wp-json\/wp\/v2\/comments?post=375"}],"version-history":[{"count":5,"href":"https:\/\/szentes-klauzalgabor.hu\/konyvtar\/wp-json\/wp\/v2\/pages\/375\/revisions"}],"predecessor-version":[{"id":413,"href":"https:\/\/szentes-klauzalgabor.hu\/konyvtar\/wp-json\/wp\/v2\/pages\/375\/revisions\/413"}],"up":[{"embeddable":true,"href":"https:\/\/szentes-klauzalgabor.hu\/konyvtar\/wp-json\/wp\/v2\/pages\/327"}],"wp:attachment":[{"href":"https:\/\/szentes-klauzalgabor.hu\/konyvtar\/wp-json\/wp\/v2\/media?parent=375"}],"curies":[{"name":"wp","href":"https:\/\/api.w.org\/{rel}","templated":true}]}}